{"id":243,"date":"2020-09-08T21:36:15","date_gmt":"2020-09-08T21:36:15","guid":{"rendered":"http:\/\/arthroscience.de\/?page_id=243"},"modified":"2022-12-06T20:41:06","modified_gmt":"2022-12-06T20:41:06","slug":"produktentwicklung","status":"publish","type":"page","link":"https:\/\/arthroscience.de\/en\/auftragsforschung\/produktentwicklung\/","title":{"rendered":"Product development"},"content":{"rendered":"<div style=\"height:200px\" aria-hidden=\"true\" class=\"wp-block-spacer\"><\/div>\n\n\n\n<h2 class=\"wp-block-heading\">Product development<\/h2>\n\n\n\n<p>We are happy to advise you on the development of innovative products. This applies to biocide-containing pest control products but also biocide-free alternatives or accompanying pest control measures. For biocide-containing products, we offer any screening tests that enable the development of optimally effective products, such as the determination of:<\/p>\n\n\n\n<div class=\"wp-block-group\"><div class=\"wp-block-group__inner-container is-layout-flow wp-block-group-is-layout-flow\">\n<ul class=\"wp-block-list\">\n<li><strong>an effective active ingredient<\/strong><\/li>\n\n\n\n<li><strong>the optimal dose of an active ingredient<\/strong><\/li>\n\n\n\n<li><strong>attractive co-formulants for bait products<\/strong><\/li>\n\n\n\n<li><strong>possible repellent effect of active or co-active ingredients<\/strong><\/li>\n<\/ul>\n<\/div><\/div>\n\n\n\n<div style=\"height:25px\" aria-hidden=\"true\" class=\"wp-block-spacer\"><\/div>\n\n\n\n<div class=\"wp-block-cover is-light\" style=\"min-height:274px;aspect-ratio:unset;\"><span aria-hidden=\"true\" class=\"wp-block-cover__background has-neve-link-hover-color-background-color has-background-dim-40 has-background-dim\"><\/span><img loading=\"lazy\" decoding=\"async\" width=\"1920\" height=\"729\" class=\"wp-block-cover__image-background wp-image-809\" alt=\"\" src=\"http:\/\/arthroscience.de\/wp-content\/uploads\/2021\/11\/Produktentwicklung.webp\" style=\"object-position:52% 79%\" data-object-fit=\"cover\" data-object-position=\"52% 79%\" srcset=\"https:\/\/arthroscience.de\/wp-content\/uploads\/2021\/11\/Produktentwicklung.webp 1920w, https:\/\/arthroscience.de\/wp-content\/uploads\/2021\/11\/Produktentwicklung-300x114.webp 300w, https:\/\/arthroscience.de\/wp-content\/uploads\/2021\/11\/Produktentwicklung-1024x389.webp 1024w, https:\/\/arthroscience.de\/wp-content\/uploads\/2021\/11\/Produktentwicklung-768x292.webp 768w, https:\/\/arthroscience.de\/wp-content\/uploads\/2021\/11\/Produktentwicklung-1536x583.webp 1536w\" sizes=\"auto, (max-width: 1920px) 100vw, 1920px\" \/><div class=\"wp-block-cover__inner-container is-layout-flow wp-block-cover-is-layout-flow\">\n<p class=\"has-text-align-center has-large-font-size\"><\/p>\n<\/div><\/div>\n\n\n\n<div style=\"height:25px\" aria-hidden=\"true\" class=\"wp-block-spacer\"><\/div>\n\n\n\n<p>We also test biocide-free products or accompanying control measures for you at all stages of development in order to design the best possible results for you.<\/p>\n\n\n\n<div style=\"height:100px\" aria-hidden=\"true\" class=\"wp-block-spacer\"><\/div>","protected":false},"excerpt":{"rendered":"<p>Produktentwicklung Bei der Entwicklung innovativer Produkte stehen wir Ihnen gern beratend zur Seite. Dies gilt f\u00fcr biozidhaltige Sch\u00e4dlingsbek\u00e4mpfungsprodukte, aber auch f\u00fcr biozidfreie Alternativen oder begleitende Sch\u00e4dlingsbek\u00e4mpfungsma\u00dfnahmen. F\u00fcr biozidhaltige Produkte bieten wir jegliche Screening-Tests an, die die Entwicklung optimal wirkender Produkte erm\u00f6glichen, wie z. B. die Ermittlung: Biozidfreie Produkte oder begleitende Bek\u00e4mpfungsma\u00dfnahmen testen wir ebenfalls in&hellip;&nbsp;<a href=\"https:\/\/arthroscience.de\/en\/auftragsforschung\/produktentwicklung\/\" rel=\"bookmark\">Read More &raquo;<span class=\"screen-reader-text\">Product development<\/span><\/a><\/p>","protected":false},"author":1,"featured_media":0,"parent":105,"menu_order":0,"comment_status":"closed","ping_status":"closed","template":"","meta":{"_uag_custom_page_level_css":"","neve_meta_sidebar":"full-width","neve_meta_container":"contained","neve_meta_enable_content_width":"","neve_meta_content_width":0,"neve_meta_title_alignment":"","neve_meta_author_avatar":"","neve_post_elements_order":"","neve_meta_disable_header":"off","neve_meta_disable_footer":"","neve_meta_disable_title":"on","_themeisle_gutenberg_block_has_review":false,"footnotes":""},"class_list":["post-243","page","type-page","status-publish","hentry"],"yoast_head":"<!-- This site is optimized with the Yoast SEO plugin v27.4 - https:\/\/yoast.com\/product\/yoast-seo-wordpress\/ -->\n<title>Produktentwicklung - ArthroScience<\/title>\n<meta name=\"robots\" content=\"index, follow, max-snippet:-1, max-image-preview:large, max-video-preview:-1\" \/>\n<link rel=\"canonical\" href=\"https:\/\/arthroscience.de\/en\/auftragsforschung\/produktentwicklung\/\" \/>\n<meta property=\"og:locale\" content=\"en_GB\" \/>\n<meta property=\"og:type\" content=\"article\" \/>\n<meta property=\"og:title\" content=\"Produktentwicklung - ArthroScience\" \/>\n<meta property=\"og:description\" content=\"Produktentwicklung Bei der Entwicklung innovativer Produkte stehen wir Ihnen gern beratend zur Seite. Dies gilt f\u00fcr biozidhaltige Sch\u00e4dlingsbek\u00e4mpfungsprodukte, aber auch f\u00fcr biozidfreie Alternativen oder begleitende Sch\u00e4dlingsbek\u00e4mpfungsma\u00dfnahmen. F\u00fcr biozidhaltige Produkte bieten wir jegliche Screening-Tests an, die die Entwicklung optimal wirkender Produkte erm\u00f6glichen, wie z. B. die Ermittlung: Biozidfreie Produkte oder begleitende Bek\u00e4mpfungsma\u00dfnahmen testen wir ebenfalls in&hellip;&nbsp;Read More &raquo;Produktentwicklung\" \/>\n<meta property=\"og:url\" content=\"https:\/\/arthroscience.de\/en\/auftragsforschung\/produktentwicklung\/\" \/>\n<meta property=\"og:site_name\" content=\"ArthroScience\" \/>\n<meta property=\"article:modified_time\" content=\"2022-12-06T20:41:06+00:00\" \/>\n<meta property=\"og:image\" content=\"http:\/\/arthroscience.de\/wp-content\/uploads\/2021\/11\/Produktentwicklung.webp\" \/>\n<meta name=\"twitter:card\" content=\"summary_large_image\" \/>\n<meta name=\"twitter:label1\" content=\"Estimated reading time\" \/>\n\t<meta name=\"twitter:data1\" content=\"1 minute\" \/>\n<script type=\"application\/ld+json\" class=\"yoast-schema-graph\">{\"@context\":\"https:\\\/\\\/schema.org\",\"@graph\":[{\"@type\":\"WebPage\",\"@id\":\"https:\\\/\\\/arthroscience.de\\\/auftragsforschung\\\/produktentwicklung\\\/\",\"url\":\"https:\\\/\\\/arthroscience.de\\\/auftragsforschung\\\/produktentwicklung\\\/\",\"name\":\"Produktentwicklung - ArthroScience\",\"isPartOf\":{\"@id\":\"https:\\\/\\\/arthroscience.de\\\/#website\"},\"primaryImageOfPage\":{\"@id\":\"https:\\\/\\\/arthroscience.de\\\/auftragsforschung\\\/produktentwicklung\\\/#primaryimage\"},\"image\":{\"@id\":\"https:\\\/\\\/arthroscience.de\\\/auftragsforschung\\\/produktentwicklung\\\/#primaryimage\"},\"thumbnailUrl\":\"http:\\\/\\\/arthroscience.de\\\/wp-content\\\/uploads\\\/2021\\\/11\\\/Produktentwicklung.webp\",\"datePublished\":\"2020-09-08T21:36:15+00:00\",\"dateModified\":\"2022-12-06T20:41:06+00:00\",\"breadcrumb\":{\"@id\":\"https:\\\/\\\/arthroscience.de\\\/auftragsforschung\\\/produktentwicklung\\\/#breadcrumb\"},\"inLanguage\":\"en-GB\",\"potentialAction\":[{\"@type\":\"ReadAction\",\"target\":[\"https:\\\/\\\/arthroscience.de\\\/auftragsforschung\\\/produktentwicklung\\\/\"]}]},{\"@type\":\"ImageObject\",\"inLanguage\":\"en-GB\",\"@id\":\"https:\\\/\\\/arthroscience.de\\\/auftragsforschung\\\/produktentwicklung\\\/#primaryimage\",\"url\":\"http:\\\/\\\/arthroscience.de\\\/wp-content\\\/uploads\\\/2021\\\/11\\\/Produktentwicklung.webp\",\"contentUrl\":\"http:\\\/\\\/arthroscience.de\\\/wp-content\\\/uploads\\\/2021\\\/11\\\/Produktentwicklung.webp\"},{\"@type\":\"BreadcrumbList\",\"@id\":\"https:\\\/\\\/arthroscience.de\\\/auftragsforschung\\\/produktentwicklung\\\/#breadcrumb\",\"itemListElement\":[{\"@type\":\"ListItem\",\"position\":1,\"name\":\"Startseite\",\"item\":\"https:\\\/\\\/arthroscience.de\\\/\"},{\"@type\":\"ListItem\",\"position\":2,\"name\":\"Auftragsforschung\",\"item\":\"https:\\\/\\\/arthroscience.de\\\/auftragsforschung\\\/\"},{\"@type\":\"ListItem\",\"position\":3,\"name\":\"Produktentwicklung\"}]},{\"@type\":\"WebSite\",\"@id\":\"https:\\\/\\\/arthroscience.de\\\/#website\",\"url\":\"https:\\\/\\\/arthroscience.de\\\/\",\"name\":\"ArthroScience\",\"description\":\"Biozidzulassung, Beratung, Forschung und Entwicklung\",\"publisher\":{\"@id\":\"https:\\\/\\\/arthroscience.de\\\/#organization\"},\"potentialAction\":[{\"@type\":\"SearchAction\",\"target\":{\"@type\":\"EntryPoint\",\"urlTemplate\":\"https:\\\/\\\/arthroscience.de\\\/?s={search_term_string}\"},\"query-input\":{\"@type\":\"PropertyValueSpecification\",\"valueRequired\":true,\"valueName\":\"search_term_string\"}}],\"inLanguage\":\"en-GB\"},{\"@type\":\"Organization\",\"@id\":\"https:\\\/\\\/arthroscience.de\\\/#organization\",\"name\":\"Arthroscience\",\"alternateName\":\"DIE EXPERTEN F\u00dcR DIE PR\u00dcFUNG VON BIOZIDEN UND BIOZIDFREIEN PRODUKTEN ZUR BEK\u00c4MPFUNG VON ARTHROPODEN.\",\"url\":\"https:\\\/\\\/arthroscience.de\\\/\",\"logo\":{\"@type\":\"ImageObject\",\"inLanguage\":\"en-GB\",\"@id\":\"https:\\\/\\\/arthroscience.de\\\/#\\\/schema\\\/logo\\\/image\\\/\",\"url\":\"https:\\\/\\\/arthroscience.de\\\/wp-content\\\/uploads\\\/2020\\\/08\\\/arthrosience-logo.png\",\"contentUrl\":\"https:\\\/\\\/arthroscience.de\\\/wp-content\\\/uploads\\\/2020\\\/08\\\/arthrosience-logo.png\",\"width\":1354,\"height\":1337,\"caption\":\"Arthroscience\"},\"image\":{\"@id\":\"https:\\\/\\\/arthroscience.de\\\/#\\\/schema\\\/logo\\\/image\\\/\"}}]}<\/script>\n<!-- \/ Yoast SEO plugin. -->","yoast_head_json":{"title":"Produktentwicklung - ArthroScience","robots":{"index":"index","follow":"follow","max-snippet":"max-snippet:-1","max-image-preview":"max-image-preview:large","max-video-preview":"max-video-preview:-1"},"canonical":"https:\/\/arthroscience.de\/en\/auftragsforschung\/produktentwicklung\/","og_locale":"en_GB","og_type":"article","og_title":"Produktentwicklung - ArthroScience","og_description":"Produktentwicklung Bei der Entwicklung innovativer Produkte stehen wir Ihnen gern beratend zur Seite. Dies gilt f\u00fcr biozidhaltige Sch\u00e4dlingsbek\u00e4mpfungsprodukte, aber auch f\u00fcr biozidfreie Alternativen oder begleitende Sch\u00e4dlingsbek\u00e4mpfungsma\u00dfnahmen. F\u00fcr biozidhaltige Produkte bieten wir jegliche Screening-Tests an, die die Entwicklung optimal wirkender Produkte erm\u00f6glichen, wie z. B. die Ermittlung: Biozidfreie Produkte oder begleitende Bek\u00e4mpfungsma\u00dfnahmen testen wir ebenfalls in&hellip;&nbsp;Read More &raquo;Produktentwicklung","og_url":"https:\/\/arthroscience.de\/en\/auftragsforschung\/produktentwicklung\/","og_site_name":"ArthroScience","article_modified_time":"2022-12-06T20:41:06+00:00","og_image":[{"url":"http:\/\/arthroscience.de\/wp-content\/uploads\/2021\/11\/Produktentwicklung.webp","type":"","width":"","height":""}],"twitter_card":"summary_large_image","twitter_misc":{"Estimated reading time":"1 minute"},"schema":{"@context":"https:\/\/schema.org","@graph":[{"@type":"WebPage","@id":"https:\/\/arthroscience.de\/auftragsforschung\/produktentwicklung\/","url":"https:\/\/arthroscience.de\/auftragsforschung\/produktentwicklung\/","name":"Produktentwicklung - ArthroScience","isPartOf":{"@id":"https:\/\/arthroscience.de\/#website"},"primaryImageOfPage":{"@id":"https:\/\/arthroscience.de\/auftragsforschung\/produktentwicklung\/#primaryimage"},"image":{"@id":"https:\/\/arthroscience.de\/auftragsforschung\/produktentwicklung\/#primaryimage"},"thumbnailUrl":"http:\/\/arthroscience.de\/wp-content\/uploads\/2021\/11\/Produktentwicklung.webp","datePublished":"2020-09-08T21:36:15+00:00","dateModified":"2022-12-06T20:41:06+00:00","breadcrumb":{"@id":"https:\/\/arthroscience.de\/auftragsforschung\/produktentwicklung\/#breadcrumb"},"inLanguage":"en-GB","potentialAction":[{"@type":"ReadAction","target":["https:\/\/arthroscience.de\/auftragsforschung\/produktentwicklung\/"]}]},{"@type":"ImageObject","inLanguage":"en-GB","@id":"https:\/\/arthroscience.de\/auftragsforschung\/produktentwicklung\/#primaryimage","url":"http:\/\/arthroscience.de\/wp-content\/uploads\/2021\/11\/Produktentwicklung.webp","contentUrl":"http:\/\/arthroscience.de\/wp-content\/uploads\/2021\/11\/Produktentwicklung.webp"},{"@type":"BreadcrumbList","@id":"https:\/\/arthroscience.de\/auftragsforschung\/produktentwicklung\/#breadcrumb","itemListElement":[{"@type":"ListItem","position":1,"name":"Startseite","item":"https:\/\/arthroscience.de\/"},{"@type":"ListItem","position":2,"name":"Auftragsforschung","item":"https:\/\/arthroscience.de\/auftragsforschung\/"},{"@type":"ListItem","position":3,"name":"Produktentwicklung"}]},{"@type":"WebSite","@id":"https:\/\/arthroscience.de\/#website","url":"https:\/\/arthroscience.de\/","name":"ArthroScience","description":"Biozidzulassung, Beratung, Forschung und Entwicklung","publisher":{"@id":"https:\/\/arthroscience.de\/#organization"},"potentialAction":[{"@type":"SearchAction","target":{"@type":"EntryPoint","urlTemplate":"https:\/\/arthroscience.de\/?s={search_term_string}"},"query-input":{"@type":"PropertyValueSpecification","valueRequired":true,"valueName":"search_term_string"}}],"inLanguage":"en-GB"},{"@type":"Organization","@id":"https:\/\/arthroscience.de\/#organization","name":"Arthroscience","alternateName":"DIE EXPERTEN F\u00dcR DIE PR\u00dcFUNG VON BIOZIDEN UND BIOZIDFREIEN PRODUKTEN ZUR BEK\u00c4MPFUNG VON ARTHROPODEN.","url":"https:\/\/arthroscience.de\/","logo":{"@type":"ImageObject","inLanguage":"en-GB","@id":"https:\/\/arthroscience.de\/#\/schema\/logo\/image\/","url":"https:\/\/arthroscience.de\/wp-content\/uploads\/2020\/08\/arthrosience-logo.png","contentUrl":"https:\/\/arthroscience.de\/wp-content\/uploads\/2020\/08\/arthrosience-logo.png","width":1354,"height":1337,"caption":"Arthroscience"},"image":{"@id":"https:\/\/arthroscience.de\/#\/schema\/logo\/image\/"}}]}},"uagb_featured_image_src":{"full":false,"thumbnail":false,"medium":false,"medium_large":false,"large":false,"1536x1536":false,"2048x2048":false,"trp-custom-language-flag":false,"neve-blog":false},"uagb_author_info":{"display_name":"ramandi","author_link":"https:\/\/arthroscience.de\/en\/author\/ramandi\/"},"uagb_comment_info":0,"uagb_excerpt":"Produktentwicklung Bei der Entwicklung innovativer Produkte stehen wir Ihnen gern beratend zur Seite. Dies gilt f\u00fcr biozidhaltige Sch\u00e4dlingsbek\u00e4mpfungsprodukte, aber auch f\u00fcr biozidfreie Alternativen oder begleitende Sch\u00e4dlingsbek\u00e4mpfungsma\u00dfnahmen. F\u00fcr biozidhaltige Produkte bieten wir jegliche Screening-Tests an, die die Entwicklung optimal wirkender Produkte erm\u00f6glichen, wie z. B. die Ermittlung: Biozidfreie Produkte oder begleitende Bek\u00e4mpfungsma\u00dfnahmen testen wir ebenfalls in&hellip;&nbsp;Read&hellip;","_links":{"self":[{"href":"https:\/\/arthroscience.de\/en\/wp-json\/wp\/v2\/pages\/243","targetHints":{"allow":["GET"]}}],"collection":[{"href":"https:\/\/arthroscience.de\/en\/wp-json\/wp\/v2\/pages"}],"about":[{"href":"https:\/\/arthroscience.de\/en\/wp-json\/wp\/v2\/types\/page"}],"author":[{"embeddable":true,"href":"https:\/\/arthroscience.de\/en\/wp-json\/wp\/v2\/users\/1"}],"replies":[{"embeddable":true,"href":"https:\/\/arthroscience.de\/en\/wp-json\/wp\/v2\/comments?post=243"}],"version-history":[{"count":24,"href":"https:\/\/arthroscience.de\/en\/wp-json\/wp\/v2\/pages\/243\/revisions"}],"predecessor-version":[{"id":1055,"href":"https:\/\/arthroscience.de\/en\/wp-json\/wp\/v2\/pages\/243\/revisions\/1055"}],"up":[{"embeddable":true,"href":"https:\/\/arthroscience.de\/en\/wp-json\/wp\/v2\/pages\/105"}],"wp:attachment":[{"href":"https:\/\/arthroscience.de\/en\/wp-json\/wp\/v2\/media?parent=243"}],"curies":[{"name":"wp","href":"https:\/\/api.w.org\/{rel}","templated":true}]}}