{"id":236,"date":"2020-09-08T21:30:21","date_gmt":"2020-09-08T21:30:21","guid":{"rendered":"http:\/\/arthroscience.de\/?page_id=236"},"modified":"2022-12-06T10:17:23","modified_gmt":"2022-12-06T10:17:23","slug":"projekte","status":"publish","type":"page","link":"https:\/\/arthroscience.de\/en\/auftragsforschung\/projekte\/","title":{"rendered":"Projects"},"content":{"rendered":"<div style=\"height:200px\" aria-hidden=\"true\" class=\"wp-block-spacer\"><\/div>\n\n\n\n<h2 class=\"wp-block-heading\">Current projects<\/h2>\n\n\n\n<p><strong>Arlette Vander Pan und Anne Meseg<\/strong>, coming soon &#8230;<\/p>\n\n\n\n<div style=\"height:50px\" aria-hidden=\"true\" class=\"wp-block-spacer\"><\/div>\n\n\n\n<div class=\"wp-block-cover is-light\" style=\"min-height:284px;aspect-ratio:unset;\"><span aria-hidden=\"true\" class=\"wp-block-cover__background has-neve-link-hover-color-background-color has-background-dim-40 has-background-dim\"><\/span><img loading=\"lazy\" decoding=\"async\" width=\"1920\" height=\"1080\" class=\"wp-block-cover__image-background wp-image-810\" alt=\"\" src=\"http:\/\/arthroscience.de\/wp-content\/uploads\/2021\/11\/Projekte.webp\" style=\"object-position:52% 79%\" data-object-fit=\"cover\" data-object-position=\"52% 79%\" srcset=\"https:\/\/arthroscience.de\/wp-content\/uploads\/2021\/11\/Projekte.webp 1920w, https:\/\/arthroscience.de\/wp-content\/uploads\/2021\/11\/Projekte-300x169.webp 300w, https:\/\/arthroscience.de\/wp-content\/uploads\/2021\/11\/Projekte-1024x576.webp 1024w, https:\/\/arthroscience.de\/wp-content\/uploads\/2021\/11\/Projekte-768x432.webp 768w, https:\/\/arthroscience.de\/wp-content\/uploads\/2021\/11\/Projekte-1536x864.webp 1536w\" sizes=\"auto, (max-width: 1920px) 100vw, 1920px\" \/><div class=\"wp-block-cover__inner-container is-layout-flow wp-block-cover-is-layout-flow\">\n<p class=\"has-text-align-center has-large-font-size\"><\/p>\n<\/div><\/div>\n\n\n\n<div style=\"height:50px\" aria-hidden=\"true\" class=\"wp-block-spacer\"><\/div>\n\n\n\n<h2 class=\"wp-block-heading\">Finished projects<\/h2>\n\n\n\n<p><strong>Arlette Vander Pan und Anne Meseg<\/strong> <strong>(Kr\u00fcger)<\/strong>, Membrane feeding system for large-scale breeding of the bed bug <em>Cimex lectularius<\/em> and the body louse <em>Pediculus humanus humanus<\/em> in the laboratory, 07\/2017-06\/2019, Project 063.\u00a0<a style=\"font-family: var( --e-global-typography-text-font-family ); letter-spacing: 0px; -webkit-tap-highlight-color: transparent;\" href=\"http:\/\/www.stiftung-set.de\/en\/projects\/projectlist\/p063\/\" target=\"_blank\" rel=\"noopener noreferrer\">http:\/\/www.stiftung-set.de\/en\/projects\/projectlist\/p063\/<\/a><\/p>\n\n\n\n<div style=\"height:100px\" aria-hidden=\"true\" class=\"wp-block-spacer\"><\/div>","protected":false},"excerpt":{"rendered":"<p>Aktuelle Projekte Arlette Vander Pan und Anne Meseg, coming soon &#8230; Abgeschlossene Projekte Arlette Vander Pan und Anne Meseg (Kr\u00fcger), Membrane feeding system for large-scale breeding of the bed bug Cimex lectularius and the body louse Pediculus humanus humanus in the laboratory, 07\/2017-06\/2019, Project 063.\u00a0http:\/\/www.stiftung-set.de\/en\/projects\/projectlist\/p063\/<\/p>","protected":false},"author":1,"featured_media":0,"parent":105,"menu_order":5,"comment_status":"closed","ping_status":"closed","template":"","meta":{"_uag_custom_page_level_css":"","neve_meta_sidebar":"full-width","neve_meta_container":"contained","neve_meta_enable_content_width":"","neve_meta_content_width":0,"neve_meta_title_alignment":"","neve_meta_author_avatar":"","neve_post_elements_order":"","neve_meta_disable_header":"","neve_meta_disable_footer":"","neve_meta_disable_title":"on","_themeisle_gutenberg_block_has_review":false,"footnotes":""},"class_list":["post-236","page","type-page","status-publish","hentry"],"yoast_head":"<!-- This site is optimized with the Yoast SEO plugin v27.4 - https:\/\/yoast.com\/product\/yoast-seo-wordpress\/ -->\n<title>Projekte - ArthroScience<\/title>\n<meta name=\"robots\" content=\"index, follow, max-snippet:-1, max-image-preview:large, max-video-preview:-1\" \/>\n<link rel=\"canonical\" href=\"https:\/\/arthroscience.de\/en\/auftragsforschung\/projekte\/\" \/>\n<meta property=\"og:locale\" content=\"en_GB\" \/>\n<meta property=\"og:type\" content=\"article\" \/>\n<meta property=\"og:title\" content=\"Projekte - ArthroScience\" \/>\n<meta property=\"og:description\" content=\"Aktuelle Projekte Arlette Vander Pan und Anne Meseg, coming soon &#8230; Abgeschlossene Projekte Arlette Vander Pan und Anne Meseg (Kr\u00fcger), Membrane feeding system for large-scale breeding of the bed bug Cimex lectularius and the body louse Pediculus humanus humanus in the laboratory, 07\/2017-06\/2019, Project 063.\u00a0http:\/\/www.stiftung-set.de\/en\/projects\/projectlist\/p063\/\" \/>\n<meta property=\"og:url\" content=\"https:\/\/arthroscience.de\/en\/auftragsforschung\/projekte\/\" \/>\n<meta property=\"og:site_name\" content=\"ArthroScience\" \/>\n<meta property=\"article:modified_time\" content=\"2022-12-06T10:17:23+00:00\" \/>\n<meta property=\"og:image\" content=\"http:\/\/arthroscience.de\/wp-content\/uploads\/2021\/11\/Projekte.webp\" \/>\n<meta name=\"twitter:card\" content=\"summary_large_image\" \/>\n<meta name=\"twitter:label1\" content=\"Estimated reading time\" \/>\n\t<meta name=\"twitter:data1\" content=\"1 minute\" \/>\n<script type=\"application\/ld+json\" class=\"yoast-schema-graph\">{\"@context\":\"https:\\\/\\\/schema.org\",\"@graph\":[{\"@type\":\"WebPage\",\"@id\":\"https:\\\/\\\/arthroscience.de\\\/auftragsforschung\\\/projekte\\\/\",\"url\":\"https:\\\/\\\/arthroscience.de\\\/auftragsforschung\\\/projekte\\\/\",\"name\":\"Projekte - ArthroScience\",\"isPartOf\":{\"@id\":\"https:\\\/\\\/arthroscience.de\\\/#website\"},\"primaryImageOfPage\":{\"@id\":\"https:\\\/\\\/arthroscience.de\\\/auftragsforschung\\\/projekte\\\/#primaryimage\"},\"image\":{\"@id\":\"https:\\\/\\\/arthroscience.de\\\/auftragsforschung\\\/projekte\\\/#primaryimage\"},\"thumbnailUrl\":\"http:\\\/\\\/arthroscience.de\\\/wp-content\\\/uploads\\\/2021\\\/11\\\/Projekte.webp\",\"datePublished\":\"2020-09-08T21:30:21+00:00\",\"dateModified\":\"2022-12-06T10:17:23+00:00\",\"breadcrumb\":{\"@id\":\"https:\\\/\\\/arthroscience.de\\\/auftragsforschung\\\/projekte\\\/#breadcrumb\"},\"inLanguage\":\"en-GB\",\"potentialAction\":[{\"@type\":\"ReadAction\",\"target\":[\"https:\\\/\\\/arthroscience.de\\\/auftragsforschung\\\/projekte\\\/\"]}]},{\"@type\":\"ImageObject\",\"inLanguage\":\"en-GB\",\"@id\":\"https:\\\/\\\/arthroscience.de\\\/auftragsforschung\\\/projekte\\\/#primaryimage\",\"url\":\"http:\\\/\\\/arthroscience.de\\\/wp-content\\\/uploads\\\/2021\\\/11\\\/Projekte.webp\",\"contentUrl\":\"http:\\\/\\\/arthroscience.de\\\/wp-content\\\/uploads\\\/2021\\\/11\\\/Projekte.webp\"},{\"@type\":\"BreadcrumbList\",\"@id\":\"https:\\\/\\\/arthroscience.de\\\/auftragsforschung\\\/projekte\\\/#breadcrumb\",\"itemListElement\":[{\"@type\":\"ListItem\",\"position\":1,\"name\":\"Startseite\",\"item\":\"https:\\\/\\\/arthroscience.de\\\/\"},{\"@type\":\"ListItem\",\"position\":2,\"name\":\"Auftragsforschung\",\"item\":\"https:\\\/\\\/arthroscience.de\\\/auftragsforschung\\\/\"},{\"@type\":\"ListItem\",\"position\":3,\"name\":\"Projekte\"}]},{\"@type\":\"WebSite\",\"@id\":\"https:\\\/\\\/arthroscience.de\\\/#website\",\"url\":\"https:\\\/\\\/arthroscience.de\\\/\",\"name\":\"ArthroScience\",\"description\":\"Biozidzulassung, Beratung, Forschung und Entwicklung\",\"publisher\":{\"@id\":\"https:\\\/\\\/arthroscience.de\\\/#organization\"},\"potentialAction\":[{\"@type\":\"SearchAction\",\"target\":{\"@type\":\"EntryPoint\",\"urlTemplate\":\"https:\\\/\\\/arthroscience.de\\\/?s={search_term_string}\"},\"query-input\":{\"@type\":\"PropertyValueSpecification\",\"valueRequired\":true,\"valueName\":\"search_term_string\"}}],\"inLanguage\":\"en-GB\"},{\"@type\":\"Organization\",\"@id\":\"https:\\\/\\\/arthroscience.de\\\/#organization\",\"name\":\"Arthroscience\",\"alternateName\":\"DIE EXPERTEN F\u00dcR DIE PR\u00dcFUNG VON BIOZIDEN UND BIOZIDFREIEN PRODUKTEN ZUR BEK\u00c4MPFUNG VON ARTHROPODEN.\",\"url\":\"https:\\\/\\\/arthroscience.de\\\/\",\"logo\":{\"@type\":\"ImageObject\",\"inLanguage\":\"en-GB\",\"@id\":\"https:\\\/\\\/arthroscience.de\\\/#\\\/schema\\\/logo\\\/image\\\/\",\"url\":\"https:\\\/\\\/arthroscience.de\\\/wp-content\\\/uploads\\\/2020\\\/08\\\/arthrosience-logo.png\",\"contentUrl\":\"https:\\\/\\\/arthroscience.de\\\/wp-content\\\/uploads\\\/2020\\\/08\\\/arthrosience-logo.png\",\"width\":1354,\"height\":1337,\"caption\":\"Arthroscience\"},\"image\":{\"@id\":\"https:\\\/\\\/arthroscience.de\\\/#\\\/schema\\\/logo\\\/image\\\/\"}}]}<\/script>\n<!-- \/ Yoast SEO plugin. -->","yoast_head_json":{"title":"Projekte - ArthroScience","robots":{"index":"index","follow":"follow","max-snippet":"max-snippet:-1","max-image-preview":"max-image-preview:large","max-video-preview":"max-video-preview:-1"},"canonical":"https:\/\/arthroscience.de\/en\/auftragsforschung\/projekte\/","og_locale":"en_GB","og_type":"article","og_title":"Projekte - ArthroScience","og_description":"Aktuelle Projekte Arlette Vander Pan und Anne Meseg, coming soon &#8230; Abgeschlossene Projekte Arlette Vander Pan und Anne Meseg (Kr\u00fcger), Membrane feeding system for large-scale breeding of the bed bug Cimex lectularius and the body louse Pediculus humanus humanus in the laboratory, 07\/2017-06\/2019, Project 063.\u00a0http:\/\/www.stiftung-set.de\/en\/projects\/projectlist\/p063\/","og_url":"https:\/\/arthroscience.de\/en\/auftragsforschung\/projekte\/","og_site_name":"ArthroScience","article_modified_time":"2022-12-06T10:17:23+00:00","og_image":[{"url":"http:\/\/arthroscience.de\/wp-content\/uploads\/2021\/11\/Projekte.webp","type":"","width":"","height":""}],"twitter_card":"summary_large_image","twitter_misc":{"Estimated reading time":"1 minute"},"schema":{"@context":"https:\/\/schema.org","@graph":[{"@type":"WebPage","@id":"https:\/\/arthroscience.de\/auftragsforschung\/projekte\/","url":"https:\/\/arthroscience.de\/auftragsforschung\/projekte\/","name":"Projekte - ArthroScience","isPartOf":{"@id":"https:\/\/arthroscience.de\/#website"},"primaryImageOfPage":{"@id":"https:\/\/arthroscience.de\/auftragsforschung\/projekte\/#primaryimage"},"image":{"@id":"https:\/\/arthroscience.de\/auftragsforschung\/projekte\/#primaryimage"},"thumbnailUrl":"http:\/\/arthroscience.de\/wp-content\/uploads\/2021\/11\/Projekte.webp","datePublished":"2020-09-08T21:30:21+00:00","dateModified":"2022-12-06T10:17:23+00:00","breadcrumb":{"@id":"https:\/\/arthroscience.de\/auftragsforschung\/projekte\/#breadcrumb"},"inLanguage":"en-GB","potentialAction":[{"@type":"ReadAction","target":["https:\/\/arthroscience.de\/auftragsforschung\/projekte\/"]}]},{"@type":"ImageObject","inLanguage":"en-GB","@id":"https:\/\/arthroscience.de\/auftragsforschung\/projekte\/#primaryimage","url":"http:\/\/arthroscience.de\/wp-content\/uploads\/2021\/11\/Projekte.webp","contentUrl":"http:\/\/arthroscience.de\/wp-content\/uploads\/2021\/11\/Projekte.webp"},{"@type":"BreadcrumbList","@id":"https:\/\/arthroscience.de\/auftragsforschung\/projekte\/#breadcrumb","itemListElement":[{"@type":"ListItem","position":1,"name":"Startseite","item":"https:\/\/arthroscience.de\/"},{"@type":"ListItem","position":2,"name":"Auftragsforschung","item":"https:\/\/arthroscience.de\/auftragsforschung\/"},{"@type":"ListItem","position":3,"name":"Projekte"}]},{"@type":"WebSite","@id":"https:\/\/arthroscience.de\/#website","url":"https:\/\/arthroscience.de\/","name":"ArthroScience","description":"Biozidzulassung, Beratung, Forschung und Entwicklung","publisher":{"@id":"https:\/\/arthroscience.de\/#organization"},"potentialAction":[{"@type":"SearchAction","target":{"@type":"EntryPoint","urlTemplate":"https:\/\/arthroscience.de\/?s={search_term_string}"},"query-input":{"@type":"PropertyValueSpecification","valueRequired":true,"valueName":"search_term_string"}}],"inLanguage":"en-GB"},{"@type":"Organization","@id":"https:\/\/arthroscience.de\/#organization","name":"Arthroscience","alternateName":"DIE EXPERTEN F\u00dcR DIE PR\u00dcFUNG VON BIOZIDEN UND BIOZIDFREIEN PRODUKTEN ZUR BEK\u00c4MPFUNG VON ARTHROPODEN.","url":"https:\/\/arthroscience.de\/","logo":{"@type":"ImageObject","inLanguage":"en-GB","@id":"https:\/\/arthroscience.de\/#\/schema\/logo\/image\/","url":"https:\/\/arthroscience.de\/wp-content\/uploads\/2020\/08\/arthrosience-logo.png","contentUrl":"https:\/\/arthroscience.de\/wp-content\/uploads\/2020\/08\/arthrosience-logo.png","width":1354,"height":1337,"caption":"Arthroscience"},"image":{"@id":"https:\/\/arthroscience.de\/#\/schema\/logo\/image\/"}}]}},"uagb_featured_image_src":{"full":false,"thumbnail":false,"medium":false,"medium_large":false,"large":false,"1536x1536":false,"2048x2048":false,"trp-custom-language-flag":false,"neve-blog":false},"uagb_author_info":{"display_name":"ramandi","author_link":"https:\/\/arthroscience.de\/en\/author\/ramandi\/"},"uagb_comment_info":0,"uagb_excerpt":"Aktuelle Projekte Arlette Vander Pan und Anne Meseg, coming soon &#8230; Abgeschlossene Projekte Arlette Vander Pan und Anne Meseg (Kr\u00fcger), Membrane feeding system for large-scale breeding of the bed bug Cimex lectularius and the body louse Pediculus humanus humanus in the laboratory, 07\/2017-06\/2019, Project 063.\u00a0http:\/\/www.stiftung-set.de\/en\/projects\/projectlist\/p063\/","_links":{"self":[{"href":"https:\/\/arthroscience.de\/en\/wp-json\/wp\/v2\/pages\/236","targetHints":{"allow":["GET"]}}],"collection":[{"href":"https:\/\/arthroscience.de\/en\/wp-json\/wp\/v2\/pages"}],"about":[{"href":"https:\/\/arthroscience.de\/en\/wp-json\/wp\/v2\/types\/page"}],"author":[{"embeddable":true,"href":"https:\/\/arthroscience.de\/en\/wp-json\/wp\/v2\/users\/1"}],"replies":[{"embeddable":true,"href":"https:\/\/arthroscience.de\/en\/wp-json\/wp\/v2\/comments?post=236"}],"version-history":[{"count":14,"href":"https:\/\/arthroscience.de\/en\/wp-json\/wp\/v2\/pages\/236\/revisions"}],"predecessor-version":[{"id":1031,"href":"https:\/\/arthroscience.de\/en\/wp-json\/wp\/v2\/pages\/236\/revisions\/1031"}],"up":[{"embeddable":true,"href":"https:\/\/arthroscience.de\/en\/wp-json\/wp\/v2\/pages\/105"}],"wp:attachment":[{"href":"https:\/\/arthroscience.de\/en\/wp-json\/wp\/v2\/media?parent=236"}],"curies":[{"name":"wp","href":"https:\/\/api.w.org\/{rel}","templated":true}]}}