{"id":235,"date":"2020-09-08T21:30:21","date_gmt":"2020-09-08T21:30:21","guid":{"rendered":"http:\/\/arthroscience.de\/?page_id=235"},"modified":"2022-12-06T09:50:02","modified_gmt":"2022-12-06T09:50:02","slug":"team","status":"publish","type":"page","link":"https:\/\/arthroscience.de\/en\/ueber-uns\/team\/","title":{"rendered":"Team"},"content":{"rendered":"<div style=\"height:200px\" aria-hidden=\"true\" class=\"wp-block-spacer\"><\/div>\n\n\n<div class=\"wp-block-image is-style-rounded wp-duotone-000000-rgb224243254-1\">\n<figure class=\"alignright size-large is-resized\"><img loading=\"lazy\" decoding=\"async\" src=\"http:\/\/arthroscience.de\/wp-content\/uploads\/2021\/10\/laborarbeiten-768x1024.jpg\" alt=\"\" class=\"wp-image-761\" width=\"360\" height=\"481\" srcset=\"https:\/\/arthroscience.de\/wp-content\/uploads\/2021\/10\/laborarbeiten-768x1024.jpg 768w, https:\/\/arthroscience.de\/wp-content\/uploads\/2021\/10\/laborarbeiten-225x300.jpg 225w, https:\/\/arthroscience.de\/wp-content\/uploads\/2021\/10\/laborarbeiten-1152x1536.jpg 1152w, https:\/\/arthroscience.de\/wp-content\/uploads\/2021\/10\/laborarbeiten.jpg 1512w\" sizes=\"auto, (max-width: 360px) 100vw, 360px\" \/><\/figure><\/div>\n\n\n<h2 class=\"wp-block-heading\">The Team<\/h2>\n\n\n\n<p>The founding team of ArthroScience are Dr. rer. nat. Anne Meseg and Dr. rer. nat. Arlette Vander Pan. Both studied biology at the Free University of Berlin. <\/p>\n\n\n\n<p>They draw on years of experience in developing test methods for efficacy testing of insecticides and alternative control methods in the laboratory. They also advised citizens, authorities, media, and other institutions on pests and their control.<\/p>\n\n\n\n<div style=\"height:200px\" aria-hidden=\"true\" class=\"wp-block-spacer\"><\/div>\n\n\n<div class=\"wp-block-image ticss-e6906961 is-style-rounded wp-duotone-000000-rgb224243254-2\">\n<figure class=\"alignright size-full is-resized\"><img loading=\"lazy\" decoding=\"async\" src=\"https:\/\/arthroscience.de\/wp-content\/uploads\/2021\/10\/arlette.jpg\" alt=\"Dr. Arlette Vander Pan\" class=\"wp-image-707\" width=\"250\" height=\"250\" srcset=\"https:\/\/arthroscience.de\/wp-content\/uploads\/2021\/10\/arlette.jpg 833w, https:\/\/arthroscience.de\/wp-content\/uploads\/2021\/10\/arlette-300x300.jpg 300w, https:\/\/arthroscience.de\/wp-content\/uploads\/2021\/10\/arlette-150x150.jpg 150w, https:\/\/arthroscience.de\/wp-content\/uploads\/2021\/10\/arlette-768x768.jpg 768w\" sizes=\"auto, (max-width: 250px) 100vw, 250px\" \/><\/figure><\/div>\n\n\n<h2 class=\"wp-block-heading\">Dr. Arlette Vander Pan<\/h2>\n\n\n\n<p>Dissertation 2015: \"Pyrethroid resistance in the bed bug Cimex lectularius in Berlin\" at the German Environment Agency (UBA). <em>Cimex lectularius<\/em> in Berlin\u201c am Umweltbundesamt (UBA).<\/p>\n\n\n\n<p>Test leader of the working group \"Research and Development\" in the department \"Health Pests and their Control\" at UBA with the main focus on:<\/p>\n\n\n\n<ul class=\"wp-block-list\">\n<li>Development and establishment of new test methods for efficacy testing of biocides and biocide-free products in the laboratory.<\/li>\n\n\n\n<li class=\"translation-block\">Development and establishment of in-vitro feeding methods for vertebrate-free breeding of the bed bug Cimex lectularius and the body louse Pediculus humanus humanus. Development of the basis for awarding the \"Blue Angel\" German eco-label for heat treatment of indoor pests.<\/li>\n\n\n\n<li>Collaboration on the preparation of the OECD \"Guidance Document on Laboratory Assays for Evaluating the Efficacy of Biocides against Bed Bugs.\"<\/li>\n\n\n\n<li>Collaboration on guidelines of the EU Biocide Regulation for efficacy testing of repellent products against bed bugs.<\/li>\n<\/ul>\n\n\n\n<div style=\"height:100px\" aria-hidden=\"true\" class=\"wp-block-spacer\"><\/div>\n\n\n<div class=\"wp-block-image ticss-67760912 is-style-rounded wp-duotone-000000-rgb222240250-3\">\n<figure class=\"alignright size-full is-resized\"><img loading=\"lazy\" decoding=\"async\" src=\"https:\/\/arthroscience.de\/wp-content\/uploads\/2021\/10\/anne.jpg\" alt=\"Dr. Anne Kr\u00fcger\" class=\"wp-image-712\" width=\"250\" height=\"250\" srcset=\"https:\/\/arthroscience.de\/wp-content\/uploads\/2021\/10\/anne.jpg 875w, https:\/\/arthroscience.de\/wp-content\/uploads\/2021\/10\/anne-300x300.jpg 300w, https:\/\/arthroscience.de\/wp-content\/uploads\/2021\/10\/anne-150x150.jpg 150w, https:\/\/arthroscience.de\/wp-content\/uploads\/2021\/10\/anne-768x768.jpg 768w\" sizes=\"auto, (max-width: 250px) 100vw, 250px\" \/><\/figure><\/div>\n\n\n<h2 class=\"wp-block-heading\">Dr. Anne MESEG<\/h2>\n\n\n\n<p>Dissertation 2018: \"Test methods for efficacy testing of predator baits, repellents and monitoring methods against cockroaches, ants and bed bugs\" at UBA.<\/p>\n\n\n\n<p>Deputy test leader of the \"Research and Development\" working group in the \"Health Pests and their Control\" department at UBA, focusing on:<\/p>\n\n\n\n<ul class=\"wp-block-list\">\n<li>Development and establishment of new test methods for efficacy testing of biocides and biocide-free products in the laboratory.<\/li>\n\n\n\n<li>Development and establishment of new test methods for efficacy testing of biocides and biocide-free products in the laboratory. <em>in-vitro<\/em> F\u00fctterungsmethoden zur Wirbeltierfreien Zucht der Bettwanze <em>Cimex lectularius<\/em> und der Kleiderlaus <em>Pediculus humanus humanus<\/em>. <\/li>\n\n\n\n<li>Preparation of the OECD document \"Guidance Document on Testing the Efficacy of Baits and Repellents against Tropical Ants.\"<\/li>\n\n\n\n<li>Collaboration on guidelines of the EU Biocide Regulation on efficacy testing of bait products against ants and repellent products against ants and bed bugs.<\/li>\n<\/ul>\n\n\n\n<div style=\"height:100px\" aria-hidden=\"true\" class=\"wp-block-spacer\"><\/div>","protected":false},"excerpt":{"rendered":"<p>Das Team Das Gr\u00fcnderteam von ArthroScience sind Dr. rer. nat. Anne Meseg und Dr. rer. nat. Arlette Vander Pan. Beide studierten Biologie an der Freien Universit\u00e4t Berlin. Sie greifen auf jahrelange Erfahrung bei der Entwicklung von Testmethoden zur Wirksamkeitspr\u00fcfung von Insektiziden und alternativen Bek\u00e4mpfungsmethoden im Labor zur\u00fcck. Au\u00dferdem berieten sie B\u00fcrger, Beh\u00f6rden, Medien und andere&hellip;&nbsp;<a href=\"https:\/\/arthroscience.de\/en\/ueber-uns\/team\/\" rel=\"bookmark\">Read More &raquo;<span class=\"screen-reader-text\">Team<\/span><\/a><\/p>","protected":false},"author":1,"featured_media":0,"parent":112,"menu_order":0,"comment_status":"closed","ping_status":"closed","template":"","meta":{"_uag_custom_page_level_css":"","neve_meta_sidebar":"","neve_meta_container":"","neve_meta_enable_content_width":"","neve_meta_content_width":0,"neve_meta_title_alignment":"","neve_meta_author_avatar":"","neve_post_elements_order":"","neve_meta_disable_header":"","neve_meta_disable_footer":"","neve_meta_disable_title":"on","_themeisle_gutenberg_block_has_review":false,"footnotes":""},"class_list":["post-235","page","type-page","status-publish","hentry"],"yoast_head":"<!-- This site is optimized with the Yoast SEO plugin v27.4 - https:\/\/yoast.com\/product\/yoast-seo-wordpress\/ -->\n<title>Team - ArthroScience<\/title>\n<meta name=\"robots\" content=\"index, follow, max-snippet:-1, max-image-preview:large, max-video-preview:-1\" \/>\n<link rel=\"canonical\" href=\"https:\/\/arthroscience.de\/en\/ueber-uns\/team\/\" \/>\n<meta property=\"og:locale\" content=\"en_GB\" \/>\n<meta property=\"og:type\" content=\"article\" \/>\n<meta property=\"og:title\" content=\"Team - ArthroScience\" \/>\n<meta property=\"og:description\" content=\"Das Team Das Gr\u00fcnderteam von ArthroScience sind Dr. rer. nat. Anne Meseg und Dr. rer. nat. Arlette Vander Pan. Beide studierten Biologie an der Freien Universit\u00e4t Berlin. Sie greifen auf jahrelange Erfahrung bei der Entwicklung von Testmethoden zur Wirksamkeitspr\u00fcfung von Insektiziden und alternativen Bek\u00e4mpfungsmethoden im Labor zur\u00fcck. Au\u00dferdem berieten sie B\u00fcrger, Beh\u00f6rden, Medien und andere&hellip;&nbsp;Read More &raquo;Team\" \/>\n<meta property=\"og:url\" content=\"https:\/\/arthroscience.de\/en\/ueber-uns\/team\/\" \/>\n<meta property=\"og:site_name\" content=\"ArthroScience\" \/>\n<meta property=\"article:modified_time\" content=\"2022-12-06T09:50:02+00:00\" \/>\n<meta property=\"og:image\" content=\"http:\/\/arthroscience.de\/wp-content\/uploads\/2021\/10\/laborarbeiten-768x1024.jpg\" \/>\n<meta name=\"twitter:card\" content=\"summary_large_image\" \/>\n<meta name=\"twitter:label1\" content=\"Estimated reading time\" \/>\n\t<meta name=\"twitter:data1\" content=\"3 minutes\" \/>\n<script type=\"application\/ld+json\" class=\"yoast-schema-graph\">{\"@context\":\"https:\\\/\\\/schema.org\",\"@graph\":[{\"@type\":\"WebPage\",\"@id\":\"https:\\\/\\\/arthroscience.de\\\/ueber-uns\\\/team\\\/\",\"url\":\"https:\\\/\\\/arthroscience.de\\\/ueber-uns\\\/team\\\/\",\"name\":\"Team - ArthroScience\",\"isPartOf\":{\"@id\":\"https:\\\/\\\/arthroscience.de\\\/#website\"},\"primaryImageOfPage\":{\"@id\":\"https:\\\/\\\/arthroscience.de\\\/ueber-uns\\\/team\\\/#primaryimage\"},\"image\":{\"@id\":\"https:\\\/\\\/arthroscience.de\\\/ueber-uns\\\/team\\\/#primaryimage\"},\"thumbnailUrl\":\"http:\\\/\\\/arthroscience.de\\\/wp-content\\\/uploads\\\/2021\\\/10\\\/laborarbeiten-768x1024.jpg\",\"datePublished\":\"2020-09-08T21:30:21+00:00\",\"dateModified\":\"2022-12-06T09:50:02+00:00\",\"breadcrumb\":{\"@id\":\"https:\\\/\\\/arthroscience.de\\\/ueber-uns\\\/team\\\/#breadcrumb\"},\"inLanguage\":\"en-GB\",\"potentialAction\":[{\"@type\":\"ReadAction\",\"target\":[\"https:\\\/\\\/arthroscience.de\\\/ueber-uns\\\/team\\\/\"]}]},{\"@type\":\"ImageObject\",\"inLanguage\":\"en-GB\",\"@id\":\"https:\\\/\\\/arthroscience.de\\\/ueber-uns\\\/team\\\/#primaryimage\",\"url\":\"http:\\\/\\\/arthroscience.de\\\/wp-content\\\/uploads\\\/2021\\\/10\\\/laborarbeiten-768x1024.jpg\",\"contentUrl\":\"http:\\\/\\\/arthroscience.de\\\/wp-content\\\/uploads\\\/2021\\\/10\\\/laborarbeiten-768x1024.jpg\"},{\"@type\":\"BreadcrumbList\",\"@id\":\"https:\\\/\\\/arthroscience.de\\\/ueber-uns\\\/team\\\/#breadcrumb\",\"itemListElement\":[{\"@type\":\"ListItem\",\"position\":1,\"name\":\"Startseite\",\"item\":\"https:\\\/\\\/arthroscience.de\\\/\"},{\"@type\":\"ListItem\",\"position\":2,\"name\":\"\u00dcber uns\",\"item\":\"https:\\\/\\\/arthroscience.de\\\/ueber-uns\\\/\"},{\"@type\":\"ListItem\",\"position\":3,\"name\":\"Team\"}]},{\"@type\":\"WebSite\",\"@id\":\"https:\\\/\\\/arthroscience.de\\\/#website\",\"url\":\"https:\\\/\\\/arthroscience.de\\\/\",\"name\":\"ArthroScience\",\"description\":\"Biozidzulassung, Beratung, Forschung und Entwicklung\",\"publisher\":{\"@id\":\"https:\\\/\\\/arthroscience.de\\\/#organization\"},\"potentialAction\":[{\"@type\":\"SearchAction\",\"target\":{\"@type\":\"EntryPoint\",\"urlTemplate\":\"https:\\\/\\\/arthroscience.de\\\/?s={search_term_string}\"},\"query-input\":{\"@type\":\"PropertyValueSpecification\",\"valueRequired\":true,\"valueName\":\"search_term_string\"}}],\"inLanguage\":\"en-GB\"},{\"@type\":\"Organization\",\"@id\":\"https:\\\/\\\/arthroscience.de\\\/#organization\",\"name\":\"Arthroscience\",\"alternateName\":\"DIE EXPERTEN F\u00dcR DIE PR\u00dcFUNG VON BIOZIDEN UND BIOZIDFREIEN PRODUKTEN ZUR BEK\u00c4MPFUNG VON ARTHROPODEN.\",\"url\":\"https:\\\/\\\/arthroscience.de\\\/\",\"logo\":{\"@type\":\"ImageObject\",\"inLanguage\":\"en-GB\",\"@id\":\"https:\\\/\\\/arthroscience.de\\\/#\\\/schema\\\/logo\\\/image\\\/\",\"url\":\"https:\\\/\\\/arthroscience.de\\\/wp-content\\\/uploads\\\/2020\\\/08\\\/arthrosience-logo.png\",\"contentUrl\":\"https:\\\/\\\/arthroscience.de\\\/wp-content\\\/uploads\\\/2020\\\/08\\\/arthrosience-logo.png\",\"width\":1354,\"height\":1337,\"caption\":\"Arthroscience\"},\"image\":{\"@id\":\"https:\\\/\\\/arthroscience.de\\\/#\\\/schema\\\/logo\\\/image\\\/\"}}]}<\/script>\n<!-- \/ Yoast SEO plugin. -->","yoast_head_json":{"title":"Team - ArthroScience","robots":{"index":"index","follow":"follow","max-snippet":"max-snippet:-1","max-image-preview":"max-image-preview:large","max-video-preview":"max-video-preview:-1"},"canonical":"https:\/\/arthroscience.de\/en\/ueber-uns\/team\/","og_locale":"en_GB","og_type":"article","og_title":"Team - ArthroScience","og_description":"Das Team Das Gr\u00fcnderteam von ArthroScience sind Dr. rer. nat. Anne Meseg und Dr. rer. nat. Arlette Vander Pan. Beide studierten Biologie an der Freien Universit\u00e4t Berlin. Sie greifen auf jahrelange Erfahrung bei der Entwicklung von Testmethoden zur Wirksamkeitspr\u00fcfung von Insektiziden und alternativen Bek\u00e4mpfungsmethoden im Labor zur\u00fcck. Au\u00dferdem berieten sie B\u00fcrger, Beh\u00f6rden, Medien und andere&hellip;&nbsp;Read More &raquo;Team","og_url":"https:\/\/arthroscience.de\/en\/ueber-uns\/team\/","og_site_name":"ArthroScience","article_modified_time":"2022-12-06T09:50:02+00:00","og_image":[{"url":"http:\/\/arthroscience.de\/wp-content\/uploads\/2021\/10\/laborarbeiten-768x1024.jpg","type":"","width":"","height":""}],"twitter_card":"summary_large_image","twitter_misc":{"Estimated reading time":"3 minutes"},"schema":{"@context":"https:\/\/schema.org","@graph":[{"@type":"WebPage","@id":"https:\/\/arthroscience.de\/ueber-uns\/team\/","url":"https:\/\/arthroscience.de\/ueber-uns\/team\/","name":"Team - ArthroScience","isPartOf":{"@id":"https:\/\/arthroscience.de\/#website"},"primaryImageOfPage":{"@id":"https:\/\/arthroscience.de\/ueber-uns\/team\/#primaryimage"},"image":{"@id":"https:\/\/arthroscience.de\/ueber-uns\/team\/#primaryimage"},"thumbnailUrl":"http:\/\/arthroscience.de\/wp-content\/uploads\/2021\/10\/laborarbeiten-768x1024.jpg","datePublished":"2020-09-08T21:30:21+00:00","dateModified":"2022-12-06T09:50:02+00:00","breadcrumb":{"@id":"https:\/\/arthroscience.de\/ueber-uns\/team\/#breadcrumb"},"inLanguage":"en-GB","potentialAction":[{"@type":"ReadAction","target":["https:\/\/arthroscience.de\/ueber-uns\/team\/"]}]},{"@type":"ImageObject","inLanguage":"en-GB","@id":"https:\/\/arthroscience.de\/ueber-uns\/team\/#primaryimage","url":"http:\/\/arthroscience.de\/wp-content\/uploads\/2021\/10\/laborarbeiten-768x1024.jpg","contentUrl":"http:\/\/arthroscience.de\/wp-content\/uploads\/2021\/10\/laborarbeiten-768x1024.jpg"},{"@type":"BreadcrumbList","@id":"https:\/\/arthroscience.de\/ueber-uns\/team\/#breadcrumb","itemListElement":[{"@type":"ListItem","position":1,"name":"Startseite","item":"https:\/\/arthroscience.de\/"},{"@type":"ListItem","position":2,"name":"\u00dcber uns","item":"https:\/\/arthroscience.de\/ueber-uns\/"},{"@type":"ListItem","position":3,"name":"Team"}]},{"@type":"WebSite","@id":"https:\/\/arthroscience.de\/#website","url":"https:\/\/arthroscience.de\/","name":"ArthroScience","description":"Biozidzulassung, Beratung, Forschung und Entwicklung","publisher":{"@id":"https:\/\/arthroscience.de\/#organization"},"potentialAction":[{"@type":"SearchAction","target":{"@type":"EntryPoint","urlTemplate":"https:\/\/arthroscience.de\/?s={search_term_string}"},"query-input":{"@type":"PropertyValueSpecification","valueRequired":true,"valueName":"search_term_string"}}],"inLanguage":"en-GB"},{"@type":"Organization","@id":"https:\/\/arthroscience.de\/#organization","name":"Arthroscience","alternateName":"DIE EXPERTEN F\u00dcR DIE PR\u00dcFUNG VON BIOZIDEN UND BIOZIDFREIEN PRODUKTEN ZUR BEK\u00c4MPFUNG VON ARTHROPODEN.","url":"https:\/\/arthroscience.de\/","logo":{"@type":"ImageObject","inLanguage":"en-GB","@id":"https:\/\/arthroscience.de\/#\/schema\/logo\/image\/","url":"https:\/\/arthroscience.de\/wp-content\/uploads\/2020\/08\/arthrosience-logo.png","contentUrl":"https:\/\/arthroscience.de\/wp-content\/uploads\/2020\/08\/arthrosience-logo.png","width":1354,"height":1337,"caption":"Arthroscience"},"image":{"@id":"https:\/\/arthroscience.de\/#\/schema\/logo\/image\/"}}]}},"uagb_featured_image_src":{"full":false,"thumbnail":false,"medium":false,"medium_large":false,"large":false,"1536x1536":false,"2048x2048":false,"trp-custom-language-flag":false,"neve-blog":false},"uagb_author_info":{"display_name":"ramandi","author_link":"https:\/\/arthroscience.de\/en\/author\/ramandi\/"},"uagb_comment_info":0,"uagb_excerpt":"Das Team Das Gr\u00fcnderteam von ArthroScience sind Dr. rer. nat. Anne Meseg und Dr. rer. nat. Arlette Vander Pan. Beide studierten Biologie an der Freien Universit\u00e4t Berlin. Sie greifen auf jahrelange Erfahrung bei der Entwicklung von Testmethoden zur Wirksamkeitspr\u00fcfung von Insektiziden und alternativen Bek\u00e4mpfungsmethoden im Labor zur\u00fcck. Au\u00dferdem berieten sie B\u00fcrger, Beh\u00f6rden, Medien und andere&hellip;&nbsp;Read&hellip;","_links":{"self":[{"href":"https:\/\/arthroscience.de\/en\/wp-json\/wp\/v2\/pages\/235","targetHints":{"allow":["GET"]}}],"collection":[{"href":"https:\/\/arthroscience.de\/en\/wp-json\/wp\/v2\/pages"}],"about":[{"href":"https:\/\/arthroscience.de\/en\/wp-json\/wp\/v2\/types\/page"}],"author":[{"embeddable":true,"href":"https:\/\/arthroscience.de\/en\/wp-json\/wp\/v2\/users\/1"}],"replies":[{"embeddable":true,"href":"https:\/\/arthroscience.de\/en\/wp-json\/wp\/v2\/comments?post=235"}],"version-history":[{"count":44,"href":"https:\/\/arthroscience.de\/en\/wp-json\/wp\/v2\/pages\/235\/revisions"}],"predecessor-version":[{"id":1026,"href":"https:\/\/arthroscience.de\/en\/wp-json\/wp\/v2\/pages\/235\/revisions\/1026"}],"up":[{"embeddable":true,"href":"https:\/\/arthroscience.de\/en\/wp-json\/wp\/v2\/pages\/112"}],"wp:attachment":[{"href":"https:\/\/arthroscience.de\/en\/wp-json\/wp\/v2\/media?parent=235"}],"curies":[{"name":"wp","href":"https:\/\/api.w.org\/{rel}","templated":true}]}}