{"id":222,"date":"2020-09-08T21:24:08","date_gmt":"2020-09-08T21:24:08","guid":{"rendered":"http:\/\/arthroscience.de\/?page_id=222"},"modified":"2022-12-06T10:48:14","modified_gmt":"2022-12-06T10:48:14","slug":"impressum","status":"publish","type":"page","link":"https:\/\/arthroscience.de\/en\/impressum\/","title":{"rendered":"legals"},"content":{"rendered":"<div style=\"height:200px\" aria-hidden=\"true\" class=\"wp-block-spacer\"><\/div>\n\n\n\n<h1 class=\"wp-block-heading\">legals<\/h1>\n\n\n\n<p>ARTHROSCIENCE GmbH<br>L\u00f6nsstra\u00dfe 9<br>13125 Berlin<\/p>\n\n\n\n<p>Email&nbsp;<a href=\"mailto:info@arthroscience.de\">info@arthroscience.de<\/a><\/p>\n\n\n\n<p>Register court: Amtsgericht Charlottenburg<br>Commercial register number: HRB214665 B<br>VAT-ID: DE329092563<\/p>\n\n\n\n<p>Managing directors: Anne Meseg &amp; Arlette Vander Pan<\/p>\n\n\n\n<p>Responsible in the sense of \u00a7 18 paragraph 2 Media State Treaty (MStV): Anne Kr\u00fcger &amp; Arlette Vander Pan <meta charset=\"utf-8\">Anne Meseg &amp; Arlette Vander Pan<\/p>\n\n\n\n<p>ARTHROSCIENCE does not participate in a dispute resolution procedure in the sense of the VSBG. There is no legal obligation to do so.<\/p>\n\n\n\n<p class=\"translation-block\">The European Commission has set up an online dispute resolution platform for consumers. You can reach the OS platform online at <a href=\"https:\/\/ec.europa.eu\/consumers\/odr\/\" target=\"_self\">https:\/\/ec.europa.eu\/consumers\/odr\/<\/a>.<\/p>\n\n\n\n<div style=\"height:200px\" aria-hidden=\"true\" class=\"wp-block-spacer\"><\/div>","protected":false},"excerpt":{"rendered":"<p>Impressum ARTHROSCIENCE GmbHL\u00f6nsstra\u00dfe 913125 Berlin E-Mail:&nbsp;info@arthroscience.de Registergericht: Amtsgericht CharlottenburgHandelsregisternummer: HRB214665 BUSt-IdNr.: DE329092563 Gesch\u00e4ftsf\u00fchrerinnen: Anne Meseg &amp; Arlette Vander Pan Verantwortlicher im Sinne des \u00a7 18 Absatz 2 Medienstaatsvertrages (MStV): Anne Meseg &amp; Arlette Vander Pan ARTHROSCIENCE nimmt nicht an einem Streitbeilegungsverfahren im Sinne des VSBG teil. Eine dahingehende gesetzliche Verpflichtung besteht nicht. Die Europ\u00e4ische Kommission&hellip;&nbsp;<a href=\"https:\/\/arthroscience.de\/en\/impressum\/\" rel=\"bookmark\">Read More &raquo;<span class=\"screen-reader-text\">legals<\/span><\/a><\/p>","protected":false},"author":2,"featured_media":0,"parent":0,"menu_order":0,"comment_status":"closed","ping_status":"closed","template":"","meta":{"_uag_custom_page_level_css":"","neve_meta_sidebar":"full-width","neve_meta_container":"contained","neve_meta_enable_content_width":"","neve_meta_content_width":0,"neve_meta_title_alignment":"","neve_meta_author_avatar":"","neve_post_elements_order":"","neve_meta_disable_header":"","neve_meta_disable_footer":"","neve_meta_disable_title":"on","_themeisle_gutenberg_block_has_review":false,"footnotes":""},"class_list":["post-222","page","type-page","status-publish","hentry"],"yoast_head":"<!-- This site is optimized with the Yoast SEO plugin v27.4 - https:\/\/yoast.com\/product\/yoast-seo-wordpress\/ -->\n<title>Impressum - ArthroScience<\/title>\n<meta name=\"robots\" content=\"index, follow, max-snippet:-1, max-image-preview:large, max-video-preview:-1\" \/>\n<link rel=\"canonical\" href=\"https:\/\/arthroscience.de\/en\/impressum\/\" \/>\n<meta property=\"og:locale\" content=\"en_GB\" \/>\n<meta property=\"og:type\" content=\"article\" \/>\n<meta property=\"og:title\" content=\"Impressum - ArthroScience\" \/>\n<meta property=\"og:description\" content=\"Impressum ARTHROSCIENCE GmbHL\u00f6nsstra\u00dfe 913125 Berlin E-Mail:&nbsp;info@arthroscience.de Registergericht: Amtsgericht CharlottenburgHandelsregisternummer: HRB214665 BUSt-IdNr.: DE329092563 Gesch\u00e4ftsf\u00fchrerinnen: Anne Meseg &amp; Arlette Vander Pan Verantwortlicher im Sinne des \u00a7 18 Absatz 2 Medienstaatsvertrages (MStV): Anne Meseg &amp; Arlette Vander Pan ARTHROSCIENCE nimmt nicht an einem Streitbeilegungsverfahren im Sinne des VSBG teil. Eine dahingehende gesetzliche Verpflichtung besteht nicht. Die Europ\u00e4ische Kommission&hellip;&nbsp;Read More &raquo;Impressum\" \/>\n<meta property=\"og:url\" content=\"https:\/\/arthroscience.de\/en\/impressum\/\" \/>\n<meta property=\"og:site_name\" content=\"ArthroScience\" \/>\n<meta property=\"article:modified_time\" content=\"2022-12-06T10:48:14+00:00\" \/>\n<meta name=\"twitter:card\" content=\"summary_large_image\" \/>\n<meta name=\"twitter:label1\" content=\"Estimated reading time\" \/>\n\t<meta name=\"twitter:data1\" content=\"1 minute\" \/>\n<script type=\"application\/ld+json\" class=\"yoast-schema-graph\">{\"@context\":\"https:\\\/\\\/schema.org\",\"@graph\":[{\"@type\":\"WebPage\",\"@id\":\"https:\\\/\\\/arthroscience.de\\\/impressum\\\/\",\"url\":\"https:\\\/\\\/arthroscience.de\\\/impressum\\\/\",\"name\":\"Impressum - ArthroScience\",\"isPartOf\":{\"@id\":\"https:\\\/\\\/arthroscience.de\\\/#website\"},\"datePublished\":\"2020-09-08T21:24:08+00:00\",\"dateModified\":\"2022-12-06T10:48:14+00:00\",\"breadcrumb\":{\"@id\":\"https:\\\/\\\/arthroscience.de\\\/impressum\\\/#breadcrumb\"},\"inLanguage\":\"en-GB\",\"potentialAction\":[{\"@type\":\"ReadAction\",\"target\":[\"https:\\\/\\\/arthroscience.de\\\/impressum\\\/\"]}]},{\"@type\":\"BreadcrumbList\",\"@id\":\"https:\\\/\\\/arthroscience.de\\\/impressum\\\/#breadcrumb\",\"itemListElement\":[{\"@type\":\"ListItem\",\"position\":1,\"name\":\"Startseite\",\"item\":\"https:\\\/\\\/arthroscience.de\\\/\"},{\"@type\":\"ListItem\",\"position\":2,\"name\":\"Impressum\"}]},{\"@type\":\"WebSite\",\"@id\":\"https:\\\/\\\/arthroscience.de\\\/#website\",\"url\":\"https:\\\/\\\/arthroscience.de\\\/\",\"name\":\"ArthroScience\",\"description\":\"Biozidzulassung, Beratung, Forschung und Entwicklung\",\"publisher\":{\"@id\":\"https:\\\/\\\/arthroscience.de\\\/#organization\"},\"potentialAction\":[{\"@type\":\"SearchAction\",\"target\":{\"@type\":\"EntryPoint\",\"urlTemplate\":\"https:\\\/\\\/arthroscience.de\\\/?s={search_term_string}\"},\"query-input\":{\"@type\":\"PropertyValueSpecification\",\"valueRequired\":true,\"valueName\":\"search_term_string\"}}],\"inLanguage\":\"en-GB\"},{\"@type\":\"Organization\",\"@id\":\"https:\\\/\\\/arthroscience.de\\\/#organization\",\"name\":\"Arthroscience\",\"alternateName\":\"DIE EXPERTEN F\u00dcR DIE PR\u00dcFUNG VON BIOZIDEN UND BIOZIDFREIEN PRODUKTEN ZUR BEK\u00c4MPFUNG VON ARTHROPODEN.\",\"url\":\"https:\\\/\\\/arthroscience.de\\\/\",\"logo\":{\"@type\":\"ImageObject\",\"inLanguage\":\"en-GB\",\"@id\":\"https:\\\/\\\/arthroscience.de\\\/#\\\/schema\\\/logo\\\/image\\\/\",\"url\":\"https:\\\/\\\/arthroscience.de\\\/wp-content\\\/uploads\\\/2020\\\/08\\\/arthrosience-logo.png\",\"contentUrl\":\"https:\\\/\\\/arthroscience.de\\\/wp-content\\\/uploads\\\/2020\\\/08\\\/arthrosience-logo.png\",\"width\":1354,\"height\":1337,\"caption\":\"Arthroscience\"},\"image\":{\"@id\":\"https:\\\/\\\/arthroscience.de\\\/#\\\/schema\\\/logo\\\/image\\\/\"}}]}<\/script>\n<!-- \/ Yoast SEO plugin. -->","yoast_head_json":{"title":"Impressum - ArthroScience","robots":{"index":"index","follow":"follow","max-snippet":"max-snippet:-1","max-image-preview":"max-image-preview:large","max-video-preview":"max-video-preview:-1"},"canonical":"https:\/\/arthroscience.de\/en\/impressum\/","og_locale":"en_GB","og_type":"article","og_title":"Impressum - ArthroScience","og_description":"Impressum ARTHROSCIENCE GmbHL\u00f6nsstra\u00dfe 913125 Berlin E-Mail:&nbsp;info@arthroscience.de Registergericht: Amtsgericht CharlottenburgHandelsregisternummer: HRB214665 BUSt-IdNr.: DE329092563 Gesch\u00e4ftsf\u00fchrerinnen: Anne Meseg &amp; Arlette Vander Pan Verantwortlicher im Sinne des \u00a7 18 Absatz 2 Medienstaatsvertrages (MStV): Anne Meseg &amp; Arlette Vander Pan ARTHROSCIENCE nimmt nicht an einem Streitbeilegungsverfahren im Sinne des VSBG teil. Eine dahingehende gesetzliche Verpflichtung besteht nicht. Die Europ\u00e4ische Kommission&hellip;&nbsp;Read More &raquo;Impressum","og_url":"https:\/\/arthroscience.de\/en\/impressum\/","og_site_name":"ArthroScience","article_modified_time":"2022-12-06T10:48:14+00:00","twitter_card":"summary_large_image","twitter_misc":{"Estimated reading time":"1 minute"},"schema":{"@context":"https:\/\/schema.org","@graph":[{"@type":"WebPage","@id":"https:\/\/arthroscience.de\/impressum\/","url":"https:\/\/arthroscience.de\/impressum\/","name":"Impressum - ArthroScience","isPartOf":{"@id":"https:\/\/arthroscience.de\/#website"},"datePublished":"2020-09-08T21:24:08+00:00","dateModified":"2022-12-06T10:48:14+00:00","breadcrumb":{"@id":"https:\/\/arthroscience.de\/impressum\/#breadcrumb"},"inLanguage":"en-GB","potentialAction":[{"@type":"ReadAction","target":["https:\/\/arthroscience.de\/impressum\/"]}]},{"@type":"BreadcrumbList","@id":"https:\/\/arthroscience.de\/impressum\/#breadcrumb","itemListElement":[{"@type":"ListItem","position":1,"name":"Startseite","item":"https:\/\/arthroscience.de\/"},{"@type":"ListItem","position":2,"name":"Impressum"}]},{"@type":"WebSite","@id":"https:\/\/arthroscience.de\/#website","url":"https:\/\/arthroscience.de\/","name":"ArthroScience","description":"Biozidzulassung, Beratung, Forschung und Entwicklung","publisher":{"@id":"https:\/\/arthroscience.de\/#organization"},"potentialAction":[{"@type":"SearchAction","target":{"@type":"EntryPoint","urlTemplate":"https:\/\/arthroscience.de\/?s={search_term_string}"},"query-input":{"@type":"PropertyValueSpecification","valueRequired":true,"valueName":"search_term_string"}}],"inLanguage":"en-GB"},{"@type":"Organization","@id":"https:\/\/arthroscience.de\/#organization","name":"Arthroscience","alternateName":"DIE EXPERTEN F\u00dcR DIE PR\u00dcFUNG VON BIOZIDEN UND BIOZIDFREIEN PRODUKTEN ZUR BEK\u00c4MPFUNG VON ARTHROPODEN.","url":"https:\/\/arthroscience.de\/","logo":{"@type":"ImageObject","inLanguage":"en-GB","@id":"https:\/\/arthroscience.de\/#\/schema\/logo\/image\/","url":"https:\/\/arthroscience.de\/wp-content\/uploads\/2020\/08\/arthrosience-logo.png","contentUrl":"https:\/\/arthroscience.de\/wp-content\/uploads\/2020\/08\/arthrosience-logo.png","width":1354,"height":1337,"caption":"Arthroscience"},"image":{"@id":"https:\/\/arthroscience.de\/#\/schema\/logo\/image\/"}}]}},"uagb_featured_image_src":{"full":false,"thumbnail":false,"medium":false,"medium_large":false,"large":false,"1536x1536":false,"2048x2048":false,"trp-custom-language-flag":false,"neve-blog":false},"uagb_author_info":{"display_name":"Anne Meseg","author_link":"https:\/\/arthroscience.de\/en\/author\/anne\/"},"uagb_comment_info":0,"uagb_excerpt":"Impressum ARTHROSCIENCE GmbHL\u00f6nsstra\u00dfe 913125 Berlin E-Mail:&nbsp;info@arthroscience.de Registergericht: Amtsgericht CharlottenburgHandelsregisternummer: HRB214665 BUSt-IdNr.: DE329092563 Gesch\u00e4ftsf\u00fchrerinnen: Anne Meseg &amp; Arlette Vander Pan Verantwortlicher im Sinne des \u00a7 18 Absatz 2 Medienstaatsvertrages (MStV): Anne Meseg &amp; Arlette Vander Pan ARTHROSCIENCE nimmt nicht an einem Streitbeilegungsverfahren im Sinne des VSBG teil. Eine dahingehende gesetzliche Verpflichtung besteht nicht. Die Europ\u00e4ische Kommission&hellip;&nbsp;Read&hellip;","_links":{"self":[{"href":"https:\/\/arthroscience.de\/en\/wp-json\/wp\/v2\/pages\/222","targetHints":{"allow":["GET"]}}],"collection":[{"href":"https:\/\/arthroscience.de\/en\/wp-json\/wp\/v2\/pages"}],"about":[{"href":"https:\/\/arthroscience.de\/en\/wp-json\/wp\/v2\/types\/page"}],"author":[{"embeddable":true,"href":"https:\/\/arthroscience.de\/en\/wp-json\/wp\/v2\/users\/2"}],"replies":[{"embeddable":true,"href":"https:\/\/arthroscience.de\/en\/wp-json\/wp\/v2\/comments?post=222"}],"version-history":[{"count":8,"href":"https:\/\/arthroscience.de\/en\/wp-json\/wp\/v2\/pages\/222\/revisions"}],"predecessor-version":[{"id":1039,"href":"https:\/\/arthroscience.de\/en\/wp-json\/wp\/v2\/pages\/222\/revisions\/1039"}],"wp:attachment":[{"href":"https:\/\/arthroscience.de\/en\/wp-json\/wp\/v2\/media?parent=222"}],"curies":[{"name":"wp","href":"https:\/\/api.w.org\/{rel}","templated":true}]}}