{"id":218,"date":"2020-09-08T21:22:20","date_gmt":"2020-09-08T21:22:20","guid":{"rendered":"http:\/\/arthroscience.de\/?page_id=218"},"modified":"2022-12-06T20:35:29","modified_gmt":"2022-12-06T20:35:29","slug":"laeuse","status":"publish","type":"page","link":"https:\/\/arthroscience.de\/en\/tierzuchten\/laeuse\/","title":{"rendered":"Lice"},"content":{"rendered":"<div style=\"height:200px\" aria-hidden=\"true\" class=\"wp-block-spacer\"><\/div>\n\n\n\n<h2 class=\"wp-block-heading\">Lice<\/h2>\n\n\n\n<p class=\"translation-block\">We keep body lice in our breeding as a representative organism for the head louse Pediculus humanus capitis. Both species or subspecies belong to the family Pediculidae (human lice). They are ectoparasites of humans and suck their blood. Very rare in our latitudes, they can be vectors of various diseases like spotted and relapsing fever in less developed countries. Transmission of lice occurs from person to person. Head lice are the most common parasitic disease in childhood, while body lice are rare in industrialized countries. In Germany, infestation with head lice in schools and daycare facilities is reportable under the Infection Protection Law.<\/p>\n\n\n\n<div style=\"height:25px\" aria-hidden=\"true\" class=\"wp-block-spacer\"><\/div>\n\n\n\n<div class=\"wp-block-cover is-light\" style=\"min-height:322px;aspect-ratio:unset;\"><span aria-hidden=\"true\" class=\"wp-block-cover__background has-neve-link-hover-color-background-color has-background-dim-20 has-background-dim\"><\/span><img loading=\"lazy\" decoding=\"async\" width=\"1920\" height=\"1080\" class=\"wp-block-cover__image-background wp-image-915\" alt=\"\" src=\"http:\/\/arthroscience.de\/wp-content\/uploads\/2021\/11\/Kleiderlaus_arthroscience.webp\" style=\"object-position:27% 46%\" data-object-fit=\"cover\" data-object-position=\"27% 46%\" srcset=\"https:\/\/arthroscience.de\/wp-content\/uploads\/2021\/11\/Kleiderlaus_arthroscience.webp 1920w, https:\/\/arthroscience.de\/wp-content\/uploads\/2021\/11\/Kleiderlaus_arthroscience-300x169.webp 300w, https:\/\/arthroscience.de\/wp-content\/uploads\/2021\/11\/Kleiderlaus_arthroscience-1024x576.webp 1024w, https:\/\/arthroscience.de\/wp-content\/uploads\/2021\/11\/Kleiderlaus_arthroscience-768x432.webp 768w, https:\/\/arthroscience.de\/wp-content\/uploads\/2021\/11\/Kleiderlaus_arthroscience-1536x864.webp 1536w\" sizes=\"auto, (max-width: 1920px) 100vw, 1920px\" \/><div class=\"wp-block-cover__inner-container is-layout-flow wp-block-cover-is-layout-flow\">\n<p class=\"has-text-align-center has-large-font-size\"><\/p>\n<\/div><\/div>\n\n\n\n<div style=\"height:25px\" aria-hidden=\"true\" class=\"wp-block-spacer\"><\/div>\n\n\n\n<p class=\"translation-block\">In our breeding, we attach great importance to the renunciation of animal experiments with vertebrates. Therefore, our body lice are not fed on the vertebrate host. We use in-vitro feeding methods specially developed by the founders. Companies that need lice for their experiments have previously had to resort to animals collected from humans. Laboratory-bred animals have several advantages over animals collected from humans. On the one hand, animals can be made available for studies at any time. On the other hand, the animals have a defined age and a known resistance status, so that comparable results can be expected in the studies with the animals.<\/p>\n\n\n\n<h4 class=\"wp-block-heading\">In our breeding, we keep sensitive strains of the body louse species:<\/h4>\n\n\n\n<ul class=\"wp-block-list\">\n<li><strong><em>Pediculus humanus humanus<\/em><\/strong><em> <\/em>(body louse)<\/li>\n<\/ul>\n\n\n\n<div style=\"height:100px\" aria-hidden=\"true\" class=\"wp-block-spacer\"><\/div>","protected":false},"excerpt":{"rendered":"<p>L\u00e4use Kleiderl\u00e4use halten wir in unserer Zucht als Stellvertreterorganismus f\u00fcr die Kopflaus Pediculus humanus capitis. Beide Arten bzw. Unterarten geh\u00f6ren zur Familie der Pediculidae (Menschenl\u00e4use). Sie sind Ektoparasiten des Menschen und saugen dessen Blut. In unseren Breiten sehr selten, k\u00f6nnen sie in weniger entwickelten L\u00e4ndern \u00dcbertr\u00e4ger von verschiedenen Krankheiten wie Fleck- und R\u00fcckfallfieber sein. Die&hellip;&nbsp;<a href=\"https:\/\/arthroscience.de\/en\/tierzuchten\/laeuse\/\" rel=\"bookmark\">Read More &raquo;<span class=\"screen-reader-text\">Lice<\/span><\/a><\/p>","protected":false},"author":2,"featured_media":0,"parent":108,"menu_order":0,"comment_status":"closed","ping_status":"closed","template":"","meta":{"_uag_custom_page_level_css":"","neve_meta_sidebar":"full-width","neve_meta_container":"contained","neve_meta_enable_content_width":"on","neve_meta_content_width":100,"neve_meta_title_alignment":"","neve_meta_author_avatar":"","neve_post_elements_order":"","neve_meta_disable_header":"","neve_meta_disable_footer":"","neve_meta_disable_title":"on","_themeisle_gutenberg_block_has_review":false,"footnotes":""},"class_list":["post-218","page","type-page","status-publish","hentry"],"yoast_head":"<!-- This site is optimized with the Yoast SEO plugin v27.4 - https:\/\/yoast.com\/product\/yoast-seo-wordpress\/ -->\n<title>L\u00e4use - ArthroScience<\/title>\n<meta name=\"robots\" content=\"index, follow, max-snippet:-1, max-image-preview:large, max-video-preview:-1\" \/>\n<link rel=\"canonical\" href=\"https:\/\/arthroscience.de\/en\/tierzuchten\/laeuse\/\" \/>\n<meta property=\"og:locale\" content=\"en_GB\" \/>\n<meta property=\"og:type\" content=\"article\" \/>\n<meta property=\"og:title\" content=\"L\u00e4use - ArthroScience\" \/>\n<meta property=\"og:description\" content=\"L\u00e4use Kleiderl\u00e4use halten wir in unserer Zucht als Stellvertreterorganismus f\u00fcr die Kopflaus Pediculus humanus capitis. Beide Arten bzw. Unterarten geh\u00f6ren zur Familie der Pediculidae (Menschenl\u00e4use). Sie sind Ektoparasiten des Menschen und saugen dessen Blut. In unseren Breiten sehr selten, k\u00f6nnen sie in weniger entwickelten L\u00e4ndern \u00dcbertr\u00e4ger von verschiedenen Krankheiten wie Fleck- und R\u00fcckfallfieber sein. Die&hellip;&nbsp;Read More &raquo;L\u00e4use\" \/>\n<meta property=\"og:url\" content=\"https:\/\/arthroscience.de\/en\/tierzuchten\/laeuse\/\" \/>\n<meta property=\"og:site_name\" content=\"ArthroScience\" \/>\n<meta property=\"article:modified_time\" content=\"2022-12-06T20:35:29+00:00\" \/>\n<meta property=\"og:image\" content=\"http:\/\/arthroscience.de\/wp-content\/uploads\/2021\/11\/Kleiderlaus_arthroscience.webp\" \/>\n<meta name=\"twitter:card\" content=\"summary_large_image\" \/>\n<meta name=\"twitter:label1\" content=\"Estimated reading time\" \/>\n\t<meta name=\"twitter:data1\" content=\"2 minutes\" \/>\n<script type=\"application\/ld+json\" class=\"yoast-schema-graph\">{\"@context\":\"https:\\\/\\\/schema.org\",\"@graph\":[{\"@type\":\"WebPage\",\"@id\":\"https:\\\/\\\/arthroscience.de\\\/tierzuchten\\\/laeuse\\\/\",\"url\":\"https:\\\/\\\/arthroscience.de\\\/tierzuchten\\\/laeuse\\\/\",\"name\":\"L\u00e4use - ArthroScience\",\"isPartOf\":{\"@id\":\"https:\\\/\\\/arthroscience.de\\\/#website\"},\"primaryImageOfPage\":{\"@id\":\"https:\\\/\\\/arthroscience.de\\\/tierzuchten\\\/laeuse\\\/#primaryimage\"},\"image\":{\"@id\":\"https:\\\/\\\/arthroscience.de\\\/tierzuchten\\\/laeuse\\\/#primaryimage\"},\"thumbnailUrl\":\"http:\\\/\\\/arthroscience.de\\\/wp-content\\\/uploads\\\/2021\\\/11\\\/Kleiderlaus_arthroscience.webp\",\"datePublished\":\"2020-09-08T21:22:20+00:00\",\"dateModified\":\"2022-12-06T20:35:29+00:00\",\"breadcrumb\":{\"@id\":\"https:\\\/\\\/arthroscience.de\\\/tierzuchten\\\/laeuse\\\/#breadcrumb\"},\"inLanguage\":\"en-GB\",\"potentialAction\":[{\"@type\":\"ReadAction\",\"target\":[\"https:\\\/\\\/arthroscience.de\\\/tierzuchten\\\/laeuse\\\/\"]}]},{\"@type\":\"ImageObject\",\"inLanguage\":\"en-GB\",\"@id\":\"https:\\\/\\\/arthroscience.de\\\/tierzuchten\\\/laeuse\\\/#primaryimage\",\"url\":\"http:\\\/\\\/arthroscience.de\\\/wp-content\\\/uploads\\\/2021\\\/11\\\/Kleiderlaus_arthroscience.webp\",\"contentUrl\":\"http:\\\/\\\/arthroscience.de\\\/wp-content\\\/uploads\\\/2021\\\/11\\\/Kleiderlaus_arthroscience.webp\"},{\"@type\":\"BreadcrumbList\",\"@id\":\"https:\\\/\\\/arthroscience.de\\\/tierzuchten\\\/laeuse\\\/#breadcrumb\",\"itemListElement\":[{\"@type\":\"ListItem\",\"position\":1,\"name\":\"Startseite\",\"item\":\"https:\\\/\\\/arthroscience.de\\\/\"},{\"@type\":\"ListItem\",\"position\":2,\"name\":\"Tierzuchten\",\"item\":\"https:\\\/\\\/arthroscience.de\\\/tierzuchten\\\/\"},{\"@type\":\"ListItem\",\"position\":3,\"name\":\"L\u00e4use\"}]},{\"@type\":\"WebSite\",\"@id\":\"https:\\\/\\\/arthroscience.de\\\/#website\",\"url\":\"https:\\\/\\\/arthroscience.de\\\/\",\"name\":\"ArthroScience\",\"description\":\"Biozidzulassung, Beratung, Forschung und Entwicklung\",\"publisher\":{\"@id\":\"https:\\\/\\\/arthroscience.de\\\/#organization\"},\"potentialAction\":[{\"@type\":\"SearchAction\",\"target\":{\"@type\":\"EntryPoint\",\"urlTemplate\":\"https:\\\/\\\/arthroscience.de\\\/?s={search_term_string}\"},\"query-input\":{\"@type\":\"PropertyValueSpecification\",\"valueRequired\":true,\"valueName\":\"search_term_string\"}}],\"inLanguage\":\"en-GB\"},{\"@type\":\"Organization\",\"@id\":\"https:\\\/\\\/arthroscience.de\\\/#organization\",\"name\":\"Arthroscience\",\"alternateName\":\"DIE EXPERTEN F\u00dcR DIE PR\u00dcFUNG VON BIOZIDEN UND BIOZIDFREIEN PRODUKTEN ZUR BEK\u00c4MPFUNG VON ARTHROPODEN.\",\"url\":\"https:\\\/\\\/arthroscience.de\\\/\",\"logo\":{\"@type\":\"ImageObject\",\"inLanguage\":\"en-GB\",\"@id\":\"https:\\\/\\\/arthroscience.de\\\/#\\\/schema\\\/logo\\\/image\\\/\",\"url\":\"https:\\\/\\\/arthroscience.de\\\/wp-content\\\/uploads\\\/2020\\\/08\\\/arthrosience-logo.png\",\"contentUrl\":\"https:\\\/\\\/arthroscience.de\\\/wp-content\\\/uploads\\\/2020\\\/08\\\/arthrosience-logo.png\",\"width\":1354,\"height\":1337,\"caption\":\"Arthroscience\"},\"image\":{\"@id\":\"https:\\\/\\\/arthroscience.de\\\/#\\\/schema\\\/logo\\\/image\\\/\"}}]}<\/script>\n<!-- \/ Yoast SEO plugin. -->","yoast_head_json":{"title":"L\u00e4use - ArthroScience","robots":{"index":"index","follow":"follow","max-snippet":"max-snippet:-1","max-image-preview":"max-image-preview:large","max-video-preview":"max-video-preview:-1"},"canonical":"https:\/\/arthroscience.de\/en\/tierzuchten\/laeuse\/","og_locale":"en_GB","og_type":"article","og_title":"L\u00e4use - ArthroScience","og_description":"L\u00e4use Kleiderl\u00e4use halten wir in unserer Zucht als Stellvertreterorganismus f\u00fcr die Kopflaus Pediculus humanus capitis. Beide Arten bzw. Unterarten geh\u00f6ren zur Familie der Pediculidae (Menschenl\u00e4use). Sie sind Ektoparasiten des Menschen und saugen dessen Blut. In unseren Breiten sehr selten, k\u00f6nnen sie in weniger entwickelten L\u00e4ndern \u00dcbertr\u00e4ger von verschiedenen Krankheiten wie Fleck- und R\u00fcckfallfieber sein. Die&hellip;&nbsp;Read More &raquo;L\u00e4use","og_url":"https:\/\/arthroscience.de\/en\/tierzuchten\/laeuse\/","og_site_name":"ArthroScience","article_modified_time":"2022-12-06T20:35:29+00:00","og_image":[{"url":"http:\/\/arthroscience.de\/wp-content\/uploads\/2021\/11\/Kleiderlaus_arthroscience.webp","type":"","width":"","height":""}],"twitter_card":"summary_large_image","twitter_misc":{"Estimated reading time":"2 minutes"},"schema":{"@context":"https:\/\/schema.org","@graph":[{"@type":"WebPage","@id":"https:\/\/arthroscience.de\/tierzuchten\/laeuse\/","url":"https:\/\/arthroscience.de\/tierzuchten\/laeuse\/","name":"L\u00e4use - ArthroScience","isPartOf":{"@id":"https:\/\/arthroscience.de\/#website"},"primaryImageOfPage":{"@id":"https:\/\/arthroscience.de\/tierzuchten\/laeuse\/#primaryimage"},"image":{"@id":"https:\/\/arthroscience.de\/tierzuchten\/laeuse\/#primaryimage"},"thumbnailUrl":"http:\/\/arthroscience.de\/wp-content\/uploads\/2021\/11\/Kleiderlaus_arthroscience.webp","datePublished":"2020-09-08T21:22:20+00:00","dateModified":"2022-12-06T20:35:29+00:00","breadcrumb":{"@id":"https:\/\/arthroscience.de\/tierzuchten\/laeuse\/#breadcrumb"},"inLanguage":"en-GB","potentialAction":[{"@type":"ReadAction","target":["https:\/\/arthroscience.de\/tierzuchten\/laeuse\/"]}]},{"@type":"ImageObject","inLanguage":"en-GB","@id":"https:\/\/arthroscience.de\/tierzuchten\/laeuse\/#primaryimage","url":"http:\/\/arthroscience.de\/wp-content\/uploads\/2021\/11\/Kleiderlaus_arthroscience.webp","contentUrl":"http:\/\/arthroscience.de\/wp-content\/uploads\/2021\/11\/Kleiderlaus_arthroscience.webp"},{"@type":"BreadcrumbList","@id":"https:\/\/arthroscience.de\/tierzuchten\/laeuse\/#breadcrumb","itemListElement":[{"@type":"ListItem","position":1,"name":"Startseite","item":"https:\/\/arthroscience.de\/"},{"@type":"ListItem","position":2,"name":"Tierzuchten","item":"https:\/\/arthroscience.de\/tierzuchten\/"},{"@type":"ListItem","position":3,"name":"L\u00e4use"}]},{"@type":"WebSite","@id":"https:\/\/arthroscience.de\/#website","url":"https:\/\/arthroscience.de\/","name":"ArthroScience","description":"Biozidzulassung, Beratung, Forschung und Entwicklung","publisher":{"@id":"https:\/\/arthroscience.de\/#organization"},"potentialAction":[{"@type":"SearchAction","target":{"@type":"EntryPoint","urlTemplate":"https:\/\/arthroscience.de\/?s={search_term_string}"},"query-input":{"@type":"PropertyValueSpecification","valueRequired":true,"valueName":"search_term_string"}}],"inLanguage":"en-GB"},{"@type":"Organization","@id":"https:\/\/arthroscience.de\/#organization","name":"Arthroscience","alternateName":"DIE EXPERTEN F\u00dcR DIE PR\u00dcFUNG VON BIOZIDEN UND BIOZIDFREIEN PRODUKTEN ZUR BEK\u00c4MPFUNG VON ARTHROPODEN.","url":"https:\/\/arthroscience.de\/","logo":{"@type":"ImageObject","inLanguage":"en-GB","@id":"https:\/\/arthroscience.de\/#\/schema\/logo\/image\/","url":"https:\/\/arthroscience.de\/wp-content\/uploads\/2020\/08\/arthrosience-logo.png","contentUrl":"https:\/\/arthroscience.de\/wp-content\/uploads\/2020\/08\/arthrosience-logo.png","width":1354,"height":1337,"caption":"Arthroscience"},"image":{"@id":"https:\/\/arthroscience.de\/#\/schema\/logo\/image\/"}}]}},"uagb_featured_image_src":{"full":false,"thumbnail":false,"medium":false,"medium_large":false,"large":false,"1536x1536":false,"2048x2048":false,"trp-custom-language-flag":false,"neve-blog":false},"uagb_author_info":{"display_name":"Anne Meseg","author_link":"https:\/\/arthroscience.de\/en\/author\/anne\/"},"uagb_comment_info":0,"uagb_excerpt":"L\u00e4use Kleiderl\u00e4use halten wir in unserer Zucht als Stellvertreterorganismus f\u00fcr die Kopflaus Pediculus humanus capitis. Beide Arten bzw. Unterarten geh\u00f6ren zur Familie der Pediculidae (Menschenl\u00e4use). Sie sind Ektoparasiten des Menschen und saugen dessen Blut. In unseren Breiten sehr selten, k\u00f6nnen sie in weniger entwickelten L\u00e4ndern \u00dcbertr\u00e4ger von verschiedenen Krankheiten wie Fleck- und R\u00fcckfallfieber sein. Die&hellip;&nbsp;Read&hellip;","_links":{"self":[{"href":"https:\/\/arthroscience.de\/en\/wp-json\/wp\/v2\/pages\/218","targetHints":{"allow":["GET"]}}],"collection":[{"href":"https:\/\/arthroscience.de\/en\/wp-json\/wp\/v2\/pages"}],"about":[{"href":"https:\/\/arthroscience.de\/en\/wp-json\/wp\/v2\/types\/page"}],"author":[{"embeddable":true,"href":"https:\/\/arthroscience.de\/en\/wp-json\/wp\/v2\/users\/2"}],"replies":[{"embeddable":true,"href":"https:\/\/arthroscience.de\/en\/wp-json\/wp\/v2\/comments?post=218"}],"version-history":[{"count":7,"href":"https:\/\/arthroscience.de\/en\/wp-json\/wp\/v2\/pages\/218\/revisions"}],"predecessor-version":[{"id":1037,"href":"https:\/\/arthroscience.de\/en\/wp-json\/wp\/v2\/pages\/218\/revisions\/1037"}],"up":[{"embeddable":true,"href":"https:\/\/arthroscience.de\/en\/wp-json\/wp\/v2\/pages\/108"}],"wp:attachment":[{"href":"https:\/\/arthroscience.de\/en\/wp-json\/wp\/v2\/media?parent=218"}],"curies":[{"name":"wp","href":"https:\/\/api.w.org\/{rel}","templated":true}]}}