{"id":217,"date":"2020-09-08T21:22:20","date_gmt":"2020-09-08T21:22:20","guid":{"rendered":"http:\/\/arthroscience.de\/?page_id=217"},"modified":"2022-12-06T20:40:08","modified_gmt":"2022-12-06T20:40:08","slug":"bettwanzen","status":"publish","type":"page","link":"https:\/\/arthroscience.de\/en\/tierzuchten\/bettwanzen\/","title":{"rendered":"Bed bugs"},"content":{"rendered":"<div style=\"height:200px\" aria-hidden=\"true\" class=\"wp-block-spacer\"><\/div>\n\n\n\n<h2 class=\"wp-block-heading\">Bed bugs<\/h2>\n\n\n\n<p class=\"translation-block\">Bed bugs belong to the order Hemiptera and are obligate blood-sucking, temporary ectoparasites that occur year-round and worldwide. The primary hosts of bed bugs are humans and bats, which they find via stimulus sources such as body heat, CO2, and various info chemicals. The transmission of pathogens to humans has not yet been demonstrated.<\/p>\n\n\n\n<div style=\"height:25px\" aria-hidden=\"true\" class=\"wp-block-spacer\"><\/div>\n\n\n\n<div class=\"wp-block-cover is-light\" style=\"min-height:322px;aspect-ratio:unset;\"><span aria-hidden=\"true\" class=\"wp-block-cover__background has-neve-link-hover-color-background-color has-background-dim-40 has-background-dim\"><\/span><img loading=\"lazy\" decoding=\"async\" width=\"1920\" height=\"1080\" class=\"wp-block-cover__image-background wp-image-804\" alt=\"\" src=\"http:\/\/arthroscience.de\/wp-content\/uploads\/2021\/11\/Bettwanzen.webp\" style=\"object-position:37% 0%\" data-object-fit=\"cover\" data-object-position=\"37% 0%\" srcset=\"https:\/\/arthroscience.de\/wp-content\/uploads\/2021\/11\/Bettwanzen.webp 1920w, https:\/\/arthroscience.de\/wp-content\/uploads\/2021\/11\/Bettwanzen-300x169.webp 300w, https:\/\/arthroscience.de\/wp-content\/uploads\/2021\/11\/Bettwanzen-1024x576.webp 1024w, https:\/\/arthroscience.de\/wp-content\/uploads\/2021\/11\/Bettwanzen-768x432.webp 768w, https:\/\/arthroscience.de\/wp-content\/uploads\/2021\/11\/Bettwanzen-1536x864.webp 1536w\" sizes=\"auto, (max-width: 1920px) 100vw, 1920px\" \/><div class=\"wp-block-cover__inner-container is-layout-flow wp-block-cover-is-layout-flow\">\n<p class=\"has-text-align-center has-large-font-size\"><\/p>\n<\/div><\/div>\n\n\n\n<div style=\"height:25px\" aria-hidden=\"true\" class=\"wp-block-spacer\"><\/div>\n\n\n\n<p>Bed bugs show a distinct aggregation behavior and can hide in minor cracks and crevices due to their flat body. When threatened, they emit an alarm pheromone, causing the bugs to disperse. Under suitable conditions and depending on their stage, bed bugs can survive without food for more than six months, but egg production and thus reproduction is not possible during this time.<\/p>\n\n\n\n<p class=\"translation-block\">In our breeding, we attach great importance to the renunciation of animal experiments with vertebrates. Therefore, our bed bugs are not fed on the vertebrate host. We use in-vitro feeding methods specially developed by the founders.<\/p>\n\n\n\n<h4 class=\"wp-block-heading\">In our breeding, we keep sensitive strains of the bed bug species:<\/h4>\n\n\n\n<ul class=\"wp-block-list\">\n<li><strong><em>Cimex lectularius <\/em><\/strong>(common bed bug)<\/li>\n<\/ul>\n\n\n\n<div style=\"height:100px\" aria-hidden=\"true\" class=\"wp-block-spacer\"><\/div>","protected":false},"excerpt":{"rendered":"<p>Bettwanzen Bettwanzen geh\u00f6ren zu den Hemiptera und sind obligatorisch blutsaugende, tempor\u00e4re Ektoparasiten, welche ganzj\u00e4hrig und weltweit auftreten. Hauptwirte der Bettwanzen sind Menschen und Flederm\u00e4use, die sie \u00fcber Reizquellen wie K\u00f6rperw\u00e4rme, CO2 und verschiedene Infochemikalien auffinden. Eine \u00dcbertragung von Krankheitserregern auf den Menschen konnte bisher nicht nachgewiesen werden. Bettwanzen zeigen ein ausgepr\u00e4gtes Aggregationsverhalten und k\u00f6nnen sich&hellip;&nbsp;<a href=\"https:\/\/arthroscience.de\/en\/tierzuchten\/bettwanzen\/\" rel=\"bookmark\">Read More &raquo;<span class=\"screen-reader-text\">Bed bugs<\/span><\/a><\/p>","protected":false},"author":2,"featured_media":0,"parent":108,"menu_order":0,"comment_status":"closed","ping_status":"closed","template":"","meta":{"_uag_custom_page_level_css":"","neve_meta_sidebar":"full-width","neve_meta_container":"contained","neve_meta_enable_content_width":"","neve_meta_content_width":0,"neve_meta_title_alignment":"","neve_meta_author_avatar":"","neve_post_elements_order":"","neve_meta_disable_header":"","neve_meta_disable_footer":"","neve_meta_disable_title":"on","_themeisle_gutenberg_block_has_review":false,"footnotes":""},"class_list":["post-217","page","type-page","status-publish","hentry"],"yoast_head":"<!-- This site is optimized with the Yoast SEO plugin v27.4 - https:\/\/yoast.com\/product\/yoast-seo-wordpress\/ -->\n<title>Bettwanzen - ArthroScience<\/title>\n<meta name=\"robots\" content=\"index, follow, max-snippet:-1, max-image-preview:large, max-video-preview:-1\" \/>\n<link rel=\"canonical\" href=\"https:\/\/arthroscience.de\/en\/tierzuchten\/bettwanzen\/\" \/>\n<meta property=\"og:locale\" content=\"en_GB\" \/>\n<meta property=\"og:type\" content=\"article\" \/>\n<meta property=\"og:title\" content=\"Bettwanzen - ArthroScience\" \/>\n<meta property=\"og:description\" content=\"Bettwanzen Bettwanzen geh\u00f6ren zu den Hemiptera und sind obligatorisch blutsaugende, tempor\u00e4re Ektoparasiten, welche ganzj\u00e4hrig und weltweit auftreten. Hauptwirte der Bettwanzen sind Menschen und Flederm\u00e4use, die sie \u00fcber Reizquellen wie K\u00f6rperw\u00e4rme, CO2 und verschiedene Infochemikalien auffinden. Eine \u00dcbertragung von Krankheitserregern auf den Menschen konnte bisher nicht nachgewiesen werden. Bettwanzen zeigen ein ausgepr\u00e4gtes Aggregationsverhalten und k\u00f6nnen sich&hellip;&nbsp;Read More &raquo;Bettwanzen\" \/>\n<meta property=\"og:url\" content=\"https:\/\/arthroscience.de\/en\/tierzuchten\/bettwanzen\/\" \/>\n<meta property=\"og:site_name\" content=\"ArthroScience\" \/>\n<meta property=\"article:modified_time\" content=\"2022-12-06T20:40:08+00:00\" \/>\n<meta property=\"og:image\" content=\"http:\/\/arthroscience.de\/wp-content\/uploads\/2021\/11\/Bettwanzen.webp\" \/>\n<meta name=\"twitter:card\" content=\"summary_large_image\" \/>\n<meta name=\"twitter:label1\" content=\"Estimated reading time\" \/>\n\t<meta name=\"twitter:data1\" content=\"2 minutes\" \/>\n<script type=\"application\/ld+json\" class=\"yoast-schema-graph\">{\"@context\":\"https:\\\/\\\/schema.org\",\"@graph\":[{\"@type\":\"WebPage\",\"@id\":\"https:\\\/\\\/arthroscience.de\\\/tierzuchten\\\/bettwanzen\\\/\",\"url\":\"https:\\\/\\\/arthroscience.de\\\/tierzuchten\\\/bettwanzen\\\/\",\"name\":\"Bettwanzen - ArthroScience\",\"isPartOf\":{\"@id\":\"https:\\\/\\\/arthroscience.de\\\/#website\"},\"primaryImageOfPage\":{\"@id\":\"https:\\\/\\\/arthroscience.de\\\/tierzuchten\\\/bettwanzen\\\/#primaryimage\"},\"image\":{\"@id\":\"https:\\\/\\\/arthroscience.de\\\/tierzuchten\\\/bettwanzen\\\/#primaryimage\"},\"thumbnailUrl\":\"http:\\\/\\\/arthroscience.de\\\/wp-content\\\/uploads\\\/2021\\\/11\\\/Bettwanzen.webp\",\"datePublished\":\"2020-09-08T21:22:20+00:00\",\"dateModified\":\"2022-12-06T20:40:08+00:00\",\"breadcrumb\":{\"@id\":\"https:\\\/\\\/arthroscience.de\\\/tierzuchten\\\/bettwanzen\\\/#breadcrumb\"},\"inLanguage\":\"en-GB\",\"potentialAction\":[{\"@type\":\"ReadAction\",\"target\":[\"https:\\\/\\\/arthroscience.de\\\/tierzuchten\\\/bettwanzen\\\/\"]}]},{\"@type\":\"ImageObject\",\"inLanguage\":\"en-GB\",\"@id\":\"https:\\\/\\\/arthroscience.de\\\/tierzuchten\\\/bettwanzen\\\/#primaryimage\",\"url\":\"http:\\\/\\\/arthroscience.de\\\/wp-content\\\/uploads\\\/2021\\\/11\\\/Bettwanzen.webp\",\"contentUrl\":\"http:\\\/\\\/arthroscience.de\\\/wp-content\\\/uploads\\\/2021\\\/11\\\/Bettwanzen.webp\"},{\"@type\":\"BreadcrumbList\",\"@id\":\"https:\\\/\\\/arthroscience.de\\\/tierzuchten\\\/bettwanzen\\\/#breadcrumb\",\"itemListElement\":[{\"@type\":\"ListItem\",\"position\":1,\"name\":\"Startseite\",\"item\":\"https:\\\/\\\/arthroscience.de\\\/\"},{\"@type\":\"ListItem\",\"position\":2,\"name\":\"Tierzuchten\",\"item\":\"https:\\\/\\\/arthroscience.de\\\/tierzuchten\\\/\"},{\"@type\":\"ListItem\",\"position\":3,\"name\":\"Bettwanzen\"}]},{\"@type\":\"WebSite\",\"@id\":\"https:\\\/\\\/arthroscience.de\\\/#website\",\"url\":\"https:\\\/\\\/arthroscience.de\\\/\",\"name\":\"ArthroScience\",\"description\":\"Biozidzulassung, Beratung, Forschung und Entwicklung\",\"publisher\":{\"@id\":\"https:\\\/\\\/arthroscience.de\\\/#organization\"},\"potentialAction\":[{\"@type\":\"SearchAction\",\"target\":{\"@type\":\"EntryPoint\",\"urlTemplate\":\"https:\\\/\\\/arthroscience.de\\\/?s={search_term_string}\"},\"query-input\":{\"@type\":\"PropertyValueSpecification\",\"valueRequired\":true,\"valueName\":\"search_term_string\"}}],\"inLanguage\":\"en-GB\"},{\"@type\":\"Organization\",\"@id\":\"https:\\\/\\\/arthroscience.de\\\/#organization\",\"name\":\"Arthroscience\",\"alternateName\":\"DIE EXPERTEN F\u00dcR DIE PR\u00dcFUNG VON BIOZIDEN UND BIOZIDFREIEN PRODUKTEN ZUR BEK\u00c4MPFUNG VON ARTHROPODEN.\",\"url\":\"https:\\\/\\\/arthroscience.de\\\/\",\"logo\":{\"@type\":\"ImageObject\",\"inLanguage\":\"en-GB\",\"@id\":\"https:\\\/\\\/arthroscience.de\\\/#\\\/schema\\\/logo\\\/image\\\/\",\"url\":\"https:\\\/\\\/arthroscience.de\\\/wp-content\\\/uploads\\\/2020\\\/08\\\/arthrosience-logo.png\",\"contentUrl\":\"https:\\\/\\\/arthroscience.de\\\/wp-content\\\/uploads\\\/2020\\\/08\\\/arthrosience-logo.png\",\"width\":1354,\"height\":1337,\"caption\":\"Arthroscience\"},\"image\":{\"@id\":\"https:\\\/\\\/arthroscience.de\\\/#\\\/schema\\\/logo\\\/image\\\/\"}}]}<\/script>\n<!-- \/ Yoast SEO plugin. -->","yoast_head_json":{"title":"Bettwanzen - ArthroScience","robots":{"index":"index","follow":"follow","max-snippet":"max-snippet:-1","max-image-preview":"max-image-preview:large","max-video-preview":"max-video-preview:-1"},"canonical":"https:\/\/arthroscience.de\/en\/tierzuchten\/bettwanzen\/","og_locale":"en_GB","og_type":"article","og_title":"Bettwanzen - ArthroScience","og_description":"Bettwanzen Bettwanzen geh\u00f6ren zu den Hemiptera und sind obligatorisch blutsaugende, tempor\u00e4re Ektoparasiten, welche ganzj\u00e4hrig und weltweit auftreten. Hauptwirte der Bettwanzen sind Menschen und Flederm\u00e4use, die sie \u00fcber Reizquellen wie K\u00f6rperw\u00e4rme, CO2 und verschiedene Infochemikalien auffinden. Eine \u00dcbertragung von Krankheitserregern auf den Menschen konnte bisher nicht nachgewiesen werden. Bettwanzen zeigen ein ausgepr\u00e4gtes Aggregationsverhalten und k\u00f6nnen sich&hellip;&nbsp;Read More &raquo;Bettwanzen","og_url":"https:\/\/arthroscience.de\/en\/tierzuchten\/bettwanzen\/","og_site_name":"ArthroScience","article_modified_time":"2022-12-06T20:40:08+00:00","og_image":[{"url":"http:\/\/arthroscience.de\/wp-content\/uploads\/2021\/11\/Bettwanzen.webp","type":"","width":"","height":""}],"twitter_card":"summary_large_image","twitter_misc":{"Estimated reading time":"2 minutes"},"schema":{"@context":"https:\/\/schema.org","@graph":[{"@type":"WebPage","@id":"https:\/\/arthroscience.de\/tierzuchten\/bettwanzen\/","url":"https:\/\/arthroscience.de\/tierzuchten\/bettwanzen\/","name":"Bettwanzen - ArthroScience","isPartOf":{"@id":"https:\/\/arthroscience.de\/#website"},"primaryImageOfPage":{"@id":"https:\/\/arthroscience.de\/tierzuchten\/bettwanzen\/#primaryimage"},"image":{"@id":"https:\/\/arthroscience.de\/tierzuchten\/bettwanzen\/#primaryimage"},"thumbnailUrl":"http:\/\/arthroscience.de\/wp-content\/uploads\/2021\/11\/Bettwanzen.webp","datePublished":"2020-09-08T21:22:20+00:00","dateModified":"2022-12-06T20:40:08+00:00","breadcrumb":{"@id":"https:\/\/arthroscience.de\/tierzuchten\/bettwanzen\/#breadcrumb"},"inLanguage":"en-GB","potentialAction":[{"@type":"ReadAction","target":["https:\/\/arthroscience.de\/tierzuchten\/bettwanzen\/"]}]},{"@type":"ImageObject","inLanguage":"en-GB","@id":"https:\/\/arthroscience.de\/tierzuchten\/bettwanzen\/#primaryimage","url":"http:\/\/arthroscience.de\/wp-content\/uploads\/2021\/11\/Bettwanzen.webp","contentUrl":"http:\/\/arthroscience.de\/wp-content\/uploads\/2021\/11\/Bettwanzen.webp"},{"@type":"BreadcrumbList","@id":"https:\/\/arthroscience.de\/tierzuchten\/bettwanzen\/#breadcrumb","itemListElement":[{"@type":"ListItem","position":1,"name":"Startseite","item":"https:\/\/arthroscience.de\/"},{"@type":"ListItem","position":2,"name":"Tierzuchten","item":"https:\/\/arthroscience.de\/tierzuchten\/"},{"@type":"ListItem","position":3,"name":"Bettwanzen"}]},{"@type":"WebSite","@id":"https:\/\/arthroscience.de\/#website","url":"https:\/\/arthroscience.de\/","name":"ArthroScience","description":"Biozidzulassung, Beratung, Forschung und Entwicklung","publisher":{"@id":"https:\/\/arthroscience.de\/#organization"},"potentialAction":[{"@type":"SearchAction","target":{"@type":"EntryPoint","urlTemplate":"https:\/\/arthroscience.de\/?s={search_term_string}"},"query-input":{"@type":"PropertyValueSpecification","valueRequired":true,"valueName":"search_term_string"}}],"inLanguage":"en-GB"},{"@type":"Organization","@id":"https:\/\/arthroscience.de\/#organization","name":"Arthroscience","alternateName":"DIE EXPERTEN F\u00dcR DIE PR\u00dcFUNG VON BIOZIDEN UND BIOZIDFREIEN PRODUKTEN ZUR BEK\u00c4MPFUNG VON ARTHROPODEN.","url":"https:\/\/arthroscience.de\/","logo":{"@type":"ImageObject","inLanguage":"en-GB","@id":"https:\/\/arthroscience.de\/#\/schema\/logo\/image\/","url":"https:\/\/arthroscience.de\/wp-content\/uploads\/2020\/08\/arthrosience-logo.png","contentUrl":"https:\/\/arthroscience.de\/wp-content\/uploads\/2020\/08\/arthrosience-logo.png","width":1354,"height":1337,"caption":"Arthroscience"},"image":{"@id":"https:\/\/arthroscience.de\/#\/schema\/logo\/image\/"}}]}},"uagb_featured_image_src":{"full":false,"thumbnail":false,"medium":false,"medium_large":false,"large":false,"1536x1536":false,"2048x2048":false,"trp-custom-language-flag":false,"neve-blog":false},"uagb_author_info":{"display_name":"Anne Meseg","author_link":"https:\/\/arthroscience.de\/en\/author\/anne\/"},"uagb_comment_info":0,"uagb_excerpt":"Bettwanzen Bettwanzen geh\u00f6ren zu den Hemiptera und sind obligatorisch blutsaugende, tempor\u00e4re Ektoparasiten, welche ganzj\u00e4hrig und weltweit auftreten. Hauptwirte der Bettwanzen sind Menschen und Flederm\u00e4use, die sie \u00fcber Reizquellen wie K\u00f6rperw\u00e4rme, CO2 und verschiedene Infochemikalien auffinden. Eine \u00dcbertragung von Krankheitserregern auf den Menschen konnte bisher nicht nachgewiesen werden. Bettwanzen zeigen ein ausgepr\u00e4gtes Aggregationsverhalten und k\u00f6nnen sich&hellip;&nbsp;Read&hellip;","_links":{"self":[{"href":"https:\/\/arthroscience.de\/en\/wp-json\/wp\/v2\/pages\/217","targetHints":{"allow":["GET"]}}],"collection":[{"href":"https:\/\/arthroscience.de\/en\/wp-json\/wp\/v2\/pages"}],"about":[{"href":"https:\/\/arthroscience.de\/en\/wp-json\/wp\/v2\/types\/page"}],"author":[{"embeddable":true,"href":"https:\/\/arthroscience.de\/en\/wp-json\/wp\/v2\/users\/2"}],"replies":[{"embeddable":true,"href":"https:\/\/arthroscience.de\/en\/wp-json\/wp\/v2\/comments?post=217"}],"version-history":[{"count":8,"href":"https:\/\/arthroscience.de\/en\/wp-json\/wp\/v2\/pages\/217\/revisions"}],"predecessor-version":[{"id":1038,"href":"https:\/\/arthroscience.de\/en\/wp-json\/wp\/v2\/pages\/217\/revisions\/1038"}],"up":[{"embeddable":true,"href":"https:\/\/arthroscience.de\/en\/wp-json\/wp\/v2\/pages\/108"}],"wp:attachment":[{"href":"https:\/\/arthroscience.de\/en\/wp-json\/wp\/v2\/media?parent=217"}],"curies":[{"name":"wp","href":"https:\/\/api.w.org\/{rel}","templated":true}]}}