{"id":212,"date":"2020-09-08T21:20:21","date_gmt":"2020-09-08T21:20:21","guid":{"rendered":"http:\/\/arthroscience.de\/?page_id=212"},"modified":"2022-12-06T20:40:29","modified_gmt":"2022-12-06T20:40:29","slug":"ameisen","status":"publish","type":"page","link":"https:\/\/arthroscience.de\/en\/tierzuchten\/ameisen\/","title":{"rendered":"Ants"},"content":{"rendered":"<div style=\"height:200px\" aria-hidden=\"true\" class=\"wp-block-spacer\"><\/div>\n\n\n\n<h2 class=\"wp-block-heading\">Ants<\/h2>\n\n\n\n<p class=\"translation-block\">Ants are eusocial insects of the order Hymenoptera. Ant colonies consist of several hundred to millions of animals, which are organized in castes. The majority of the colony is made up of worker ants. The number of queens varies depending on the species. There are polygynous species with up to hundreds or even thousands of queens and monogynous species with only one queen each. There are also intermediate forms. Ants are omnivorous, but most species have one primary food source. The ant species Lasius niger, mainly a nuisance species in Central Europe, obtains most of its food from honeydew, a sugary excretion of aphids.<\/p>\n\n\n\n<div style=\"height:25px\" aria-hidden=\"true\" class=\"wp-block-spacer\"><\/div>\n\n\n\n<div class=\"wp-block-cover\" style=\"min-height:459px;aspect-ratio:unset;\"><span aria-hidden=\"true\" class=\"wp-block-cover__background has-neve-link-hover-color-background-color has-background-dim-60 has-background-dim\"><\/span><img loading=\"lazy\" decoding=\"async\" width=\"1920\" height=\"1080\" class=\"wp-block-cover__image-background wp-image-803\" alt=\"\" src=\"http:\/\/arthroscience.de\/wp-content\/uploads\/2021\/11\/Ameisen.webp\" style=\"object-position:64% 68%\" data-object-fit=\"cover\" data-object-position=\"64% 68%\" srcset=\"https:\/\/arthroscience.de\/wp-content\/uploads\/2021\/11\/Ameisen.webp 1920w, https:\/\/arthroscience.de\/wp-content\/uploads\/2021\/11\/Ameisen-300x169.webp 300w, https:\/\/arthroscience.de\/wp-content\/uploads\/2021\/11\/Ameisen-1024x576.webp 1024w, https:\/\/arthroscience.de\/wp-content\/uploads\/2021\/11\/Ameisen-768x432.webp 768w, https:\/\/arthroscience.de\/wp-content\/uploads\/2021\/11\/Ameisen-1536x864.webp 1536w\" sizes=\"auto, (max-width: 1920px) 100vw, 1920px\" \/><div class=\"wp-block-cover__inner-container is-layout-flow wp-block-cover-is-layout-flow\">\n<p class=\"has-text-align-center has-large-font-size\"><\/p>\n<\/div><\/div>\n\n\n\n<div style=\"height:50px\" aria-hidden=\"true\" class=\"wp-block-spacer\"><\/div>\n\n\n\n<p>Ants have a powerful economic impact worldwide, as they can act as pests of health, plants, materials, and supplies. Due to their sometimes very small body size, infestations are often discovered late, making control difficult.<\/p>\n\n\n\n<h4 class=\"ticss-2d224c8e wp-block-heading\">In our breeding, we keep sensitive strains of those ants that are relevant as health pests:<\/h4>\n\n\n\n<ul class=\"wp-block-list\">\n<li><em><strong>Monomorium pharaonis<\/strong><\/em> (pharaoh ant)<\/li>\n\n\n\n<li><strong><em>Tapinoma melanocephalum<\/em><\/strong> (ghost ant)<\/li>\n\n\n\n<li><strong><em>Lasius neglectus<\/em><\/strong> (invasive garden ant)<\/li>\n<\/ul>\n\n\n\n<h4 class=\"wp-block-heading\">In addition, we breed:<\/h4>\n\n\n\n<ul class=\"wp-block-list\">\n<li><strong><em>Lasius niger <\/em><\/strong>(black garden ant)<\/li>\n<\/ul>\n\n\n\n<div style=\"height:100px\" aria-hidden=\"true\" class=\"wp-block-spacer\"><\/div>","protected":false},"excerpt":{"rendered":"<p>Ameisen Ameisen sind eusoziale Insekten der Ordnung der Hymenoptera. Ameisenstaaten bestehen aus mehreren hundert bis hin zu Millionen von Tieren, welche in Kasten organisiert sind. Den Gro\u00dfteil des Volkes bilden die Arbeiterinnen. Die Anzahl der K\u00f6niginnen ist je nach Art unterschiedlich. Es gibt polygyne Arten mit bis zu Hunderten oder sogar Tausenden K\u00f6niginnen und monogyne&hellip;&nbsp;<a href=\"https:\/\/arthroscience.de\/en\/tierzuchten\/ameisen\/\" rel=\"bookmark\">Read More &raquo;<span class=\"screen-reader-text\">Ants<\/span><\/a><\/p>","protected":false},"author":1,"featured_media":0,"parent":108,"menu_order":0,"comment_status":"closed","ping_status":"closed","template":"","meta":{"_uag_custom_page_level_css":"","neve_meta_sidebar":"full-width","neve_meta_container":"contained","neve_meta_enable_content_width":"on","neve_meta_content_width":100,"neve_meta_title_alignment":"","neve_meta_author_avatar":"","neve_post_elements_order":"","neve_meta_disable_header":"","neve_meta_disable_footer":"","neve_meta_disable_title":"on","_themeisle_gutenberg_block_has_review":false,"footnotes":""},"class_list":["post-212","page","type-page","status-publish","hentry"],"yoast_head":"<!-- This site is optimized with the Yoast SEO plugin v27.4 - https:\/\/yoast.com\/product\/yoast-seo-wordpress\/ -->\n<title>Ameisen - ArthroScience<\/title>\n<meta name=\"robots\" content=\"index, follow, max-snippet:-1, max-image-preview:large, max-video-preview:-1\" \/>\n<link rel=\"canonical\" href=\"https:\/\/arthroscience.de\/en\/tierzuchten\/ameisen\/\" \/>\n<meta property=\"og:locale\" content=\"en_GB\" \/>\n<meta property=\"og:type\" content=\"article\" \/>\n<meta property=\"og:title\" content=\"Ameisen - ArthroScience\" \/>\n<meta property=\"og:description\" content=\"Ameisen Ameisen sind eusoziale Insekten der Ordnung der Hymenoptera. Ameisenstaaten bestehen aus mehreren hundert bis hin zu Millionen von Tieren, welche in Kasten organisiert sind. Den Gro\u00dfteil des Volkes bilden die Arbeiterinnen. Die Anzahl der K\u00f6niginnen ist je nach Art unterschiedlich. Es gibt polygyne Arten mit bis zu Hunderten oder sogar Tausenden K\u00f6niginnen und monogyne&hellip;&nbsp;Read More &raquo;Ameisen\" \/>\n<meta property=\"og:url\" content=\"https:\/\/arthroscience.de\/en\/tierzuchten\/ameisen\/\" \/>\n<meta property=\"og:site_name\" content=\"ArthroScience\" \/>\n<meta property=\"article:modified_time\" content=\"2022-12-06T20:40:29+00:00\" \/>\n<meta property=\"og:image\" content=\"http:\/\/arthroscience.de\/wp-content\/uploads\/2021\/11\/Ameisen.webp\" \/>\n<meta name=\"twitter:card\" content=\"summary_large_image\" \/>\n<meta name=\"twitter:label1\" content=\"Estimated reading time\" \/>\n\t<meta name=\"twitter:data1\" content=\"2 minutes\" \/>\n<script type=\"application\/ld+json\" class=\"yoast-schema-graph\">{\"@context\":\"https:\\\/\\\/schema.org\",\"@graph\":[{\"@type\":\"WebPage\",\"@id\":\"https:\\\/\\\/arthroscience.de\\\/tierzuchten\\\/ameisen\\\/\",\"url\":\"https:\\\/\\\/arthroscience.de\\\/tierzuchten\\\/ameisen\\\/\",\"name\":\"Ameisen - ArthroScience\",\"isPartOf\":{\"@id\":\"https:\\\/\\\/arthroscience.de\\\/#website\"},\"primaryImageOfPage\":{\"@id\":\"https:\\\/\\\/arthroscience.de\\\/tierzuchten\\\/ameisen\\\/#primaryimage\"},\"image\":{\"@id\":\"https:\\\/\\\/arthroscience.de\\\/tierzuchten\\\/ameisen\\\/#primaryimage\"},\"thumbnailUrl\":\"http:\\\/\\\/arthroscience.de\\\/wp-content\\\/uploads\\\/2021\\\/11\\\/Ameisen.webp\",\"datePublished\":\"2020-09-08T21:20:21+00:00\",\"dateModified\":\"2022-12-06T20:40:29+00:00\",\"breadcrumb\":{\"@id\":\"https:\\\/\\\/arthroscience.de\\\/tierzuchten\\\/ameisen\\\/#breadcrumb\"},\"inLanguage\":\"en-GB\",\"potentialAction\":[{\"@type\":\"ReadAction\",\"target\":[\"https:\\\/\\\/arthroscience.de\\\/tierzuchten\\\/ameisen\\\/\"]}]},{\"@type\":\"ImageObject\",\"inLanguage\":\"en-GB\",\"@id\":\"https:\\\/\\\/arthroscience.de\\\/tierzuchten\\\/ameisen\\\/#primaryimage\",\"url\":\"http:\\\/\\\/arthroscience.de\\\/wp-content\\\/uploads\\\/2021\\\/11\\\/Ameisen.webp\",\"contentUrl\":\"http:\\\/\\\/arthroscience.de\\\/wp-content\\\/uploads\\\/2021\\\/11\\\/Ameisen.webp\"},{\"@type\":\"BreadcrumbList\",\"@id\":\"https:\\\/\\\/arthroscience.de\\\/tierzuchten\\\/ameisen\\\/#breadcrumb\",\"itemListElement\":[{\"@type\":\"ListItem\",\"position\":1,\"name\":\"Startseite\",\"item\":\"https:\\\/\\\/arthroscience.de\\\/\"},{\"@type\":\"ListItem\",\"position\":2,\"name\":\"Tierzuchten\",\"item\":\"https:\\\/\\\/arthroscience.de\\\/tierzuchten\\\/\"},{\"@type\":\"ListItem\",\"position\":3,\"name\":\"Ameisen\"}]},{\"@type\":\"WebSite\",\"@id\":\"https:\\\/\\\/arthroscience.de\\\/#website\",\"url\":\"https:\\\/\\\/arthroscience.de\\\/\",\"name\":\"ArthroScience\",\"description\":\"Biozidzulassung, Beratung, Forschung und Entwicklung\",\"publisher\":{\"@id\":\"https:\\\/\\\/arthroscience.de\\\/#organization\"},\"potentialAction\":[{\"@type\":\"SearchAction\",\"target\":{\"@type\":\"EntryPoint\",\"urlTemplate\":\"https:\\\/\\\/arthroscience.de\\\/?s={search_term_string}\"},\"query-input\":{\"@type\":\"PropertyValueSpecification\",\"valueRequired\":true,\"valueName\":\"search_term_string\"}}],\"inLanguage\":\"en-GB\"},{\"@type\":\"Organization\",\"@id\":\"https:\\\/\\\/arthroscience.de\\\/#organization\",\"name\":\"Arthroscience\",\"alternateName\":\"DIE EXPERTEN F\u00dcR DIE PR\u00dcFUNG VON BIOZIDEN UND BIOZIDFREIEN PRODUKTEN ZUR BEK\u00c4MPFUNG VON ARTHROPODEN.\",\"url\":\"https:\\\/\\\/arthroscience.de\\\/\",\"logo\":{\"@type\":\"ImageObject\",\"inLanguage\":\"en-GB\",\"@id\":\"https:\\\/\\\/arthroscience.de\\\/#\\\/schema\\\/logo\\\/image\\\/\",\"url\":\"https:\\\/\\\/arthroscience.de\\\/wp-content\\\/uploads\\\/2020\\\/08\\\/arthrosience-logo.png\",\"contentUrl\":\"https:\\\/\\\/arthroscience.de\\\/wp-content\\\/uploads\\\/2020\\\/08\\\/arthrosience-logo.png\",\"width\":1354,\"height\":1337,\"caption\":\"Arthroscience\"},\"image\":{\"@id\":\"https:\\\/\\\/arthroscience.de\\\/#\\\/schema\\\/logo\\\/image\\\/\"}}]}<\/script>\n<!-- \/ Yoast SEO plugin. -->","yoast_head_json":{"title":"Ameisen - ArthroScience","robots":{"index":"index","follow":"follow","max-snippet":"max-snippet:-1","max-image-preview":"max-image-preview:large","max-video-preview":"max-video-preview:-1"},"canonical":"https:\/\/arthroscience.de\/en\/tierzuchten\/ameisen\/","og_locale":"en_GB","og_type":"article","og_title":"Ameisen - ArthroScience","og_description":"Ameisen Ameisen sind eusoziale Insekten der Ordnung der Hymenoptera. Ameisenstaaten bestehen aus mehreren hundert bis hin zu Millionen von Tieren, welche in Kasten organisiert sind. Den Gro\u00dfteil des Volkes bilden die Arbeiterinnen. Die Anzahl der K\u00f6niginnen ist je nach Art unterschiedlich. Es gibt polygyne Arten mit bis zu Hunderten oder sogar Tausenden K\u00f6niginnen und monogyne&hellip;&nbsp;Read More &raquo;Ameisen","og_url":"https:\/\/arthroscience.de\/en\/tierzuchten\/ameisen\/","og_site_name":"ArthroScience","article_modified_time":"2022-12-06T20:40:29+00:00","og_image":[{"url":"http:\/\/arthroscience.de\/wp-content\/uploads\/2021\/11\/Ameisen.webp","type":"","width":"","height":""}],"twitter_card":"summary_large_image","twitter_misc":{"Estimated reading time":"2 minutes"},"schema":{"@context":"https:\/\/schema.org","@graph":[{"@type":"WebPage","@id":"https:\/\/arthroscience.de\/tierzuchten\/ameisen\/","url":"https:\/\/arthroscience.de\/tierzuchten\/ameisen\/","name":"Ameisen - ArthroScience","isPartOf":{"@id":"https:\/\/arthroscience.de\/#website"},"primaryImageOfPage":{"@id":"https:\/\/arthroscience.de\/tierzuchten\/ameisen\/#primaryimage"},"image":{"@id":"https:\/\/arthroscience.de\/tierzuchten\/ameisen\/#primaryimage"},"thumbnailUrl":"http:\/\/arthroscience.de\/wp-content\/uploads\/2021\/11\/Ameisen.webp","datePublished":"2020-09-08T21:20:21+00:00","dateModified":"2022-12-06T20:40:29+00:00","breadcrumb":{"@id":"https:\/\/arthroscience.de\/tierzuchten\/ameisen\/#breadcrumb"},"inLanguage":"en-GB","potentialAction":[{"@type":"ReadAction","target":["https:\/\/arthroscience.de\/tierzuchten\/ameisen\/"]}]},{"@type":"ImageObject","inLanguage":"en-GB","@id":"https:\/\/arthroscience.de\/tierzuchten\/ameisen\/#primaryimage","url":"http:\/\/arthroscience.de\/wp-content\/uploads\/2021\/11\/Ameisen.webp","contentUrl":"http:\/\/arthroscience.de\/wp-content\/uploads\/2021\/11\/Ameisen.webp"},{"@type":"BreadcrumbList","@id":"https:\/\/arthroscience.de\/tierzuchten\/ameisen\/#breadcrumb","itemListElement":[{"@type":"ListItem","position":1,"name":"Startseite","item":"https:\/\/arthroscience.de\/"},{"@type":"ListItem","position":2,"name":"Tierzuchten","item":"https:\/\/arthroscience.de\/tierzuchten\/"},{"@type":"ListItem","position":3,"name":"Ameisen"}]},{"@type":"WebSite","@id":"https:\/\/arthroscience.de\/#website","url":"https:\/\/arthroscience.de\/","name":"ArthroScience","description":"Biozidzulassung, Beratung, Forschung und Entwicklung","publisher":{"@id":"https:\/\/arthroscience.de\/#organization"},"potentialAction":[{"@type":"SearchAction","target":{"@type":"EntryPoint","urlTemplate":"https:\/\/arthroscience.de\/?s={search_term_string}"},"query-input":{"@type":"PropertyValueSpecification","valueRequired":true,"valueName":"search_term_string"}}],"inLanguage":"en-GB"},{"@type":"Organization","@id":"https:\/\/arthroscience.de\/#organization","name":"Arthroscience","alternateName":"DIE EXPERTEN F\u00dcR DIE PR\u00dcFUNG VON BIOZIDEN UND BIOZIDFREIEN PRODUKTEN ZUR BEK\u00c4MPFUNG VON ARTHROPODEN.","url":"https:\/\/arthroscience.de\/","logo":{"@type":"ImageObject","inLanguage":"en-GB","@id":"https:\/\/arthroscience.de\/#\/schema\/logo\/image\/","url":"https:\/\/arthroscience.de\/wp-content\/uploads\/2020\/08\/arthrosience-logo.png","contentUrl":"https:\/\/arthroscience.de\/wp-content\/uploads\/2020\/08\/arthrosience-logo.png","width":1354,"height":1337,"caption":"Arthroscience"},"image":{"@id":"https:\/\/arthroscience.de\/#\/schema\/logo\/image\/"}}]}},"uagb_featured_image_src":{"full":false,"thumbnail":false,"medium":false,"medium_large":false,"large":false,"1536x1536":false,"2048x2048":false,"trp-custom-language-flag":false,"neve-blog":false},"uagb_author_info":{"display_name":"ramandi","author_link":"https:\/\/arthroscience.de\/en\/author\/ramandi\/"},"uagb_comment_info":0,"uagb_excerpt":"Ameisen Ameisen sind eusoziale Insekten der Ordnung der Hymenoptera. Ameisenstaaten bestehen aus mehreren hundert bis hin zu Millionen von Tieren, welche in Kasten organisiert sind. Den Gro\u00dfteil des Volkes bilden die Arbeiterinnen. Die Anzahl der K\u00f6niginnen ist je nach Art unterschiedlich. Es gibt polygyne Arten mit bis zu Hunderten oder sogar Tausenden K\u00f6niginnen und monogyne&hellip;&nbsp;Read&hellip;","_links":{"self":[{"href":"https:\/\/arthroscience.de\/en\/wp-json\/wp\/v2\/pages\/212","targetHints":{"allow":["GET"]}}],"collection":[{"href":"https:\/\/arthroscience.de\/en\/wp-json\/wp\/v2\/pages"}],"about":[{"href":"https:\/\/arthroscience.de\/en\/wp-json\/wp\/v2\/types\/page"}],"author":[{"embeddable":true,"href":"https:\/\/arthroscience.de\/en\/wp-json\/wp\/v2\/users\/1"}],"replies":[{"embeddable":true,"href":"https:\/\/arthroscience.de\/en\/wp-json\/wp\/v2\/comments?post=212"}],"version-history":[{"count":11,"href":"https:\/\/arthroscience.de\/en\/wp-json\/wp\/v2\/pages\/212\/revisions"}],"predecessor-version":[{"id":1035,"href":"https:\/\/arthroscience.de\/en\/wp-json\/wp\/v2\/pages\/212\/revisions\/1035"}],"up":[{"embeddable":true,"href":"https:\/\/arthroscience.de\/en\/wp-json\/wp\/v2\/pages\/108"}],"wp:attachment":[{"href":"https:\/\/arthroscience.de\/en\/wp-json\/wp\/v2\/media?parent=212"}],"curies":[{"name":"wp","href":"https:\/\/api.w.org\/{rel}","templated":true}]}}