{"id":131,"date":"2020-08-19T09:24:07","date_gmt":"2020-08-19T09:24:07","guid":{"rendered":"http:\/\/arthroscience.de\/?page_id=131"},"modified":"2022-12-06T20:42:45","modified_gmt":"2022-12-06T20:42:45","slug":"wirksamkeitspruefung","status":"publish","type":"page","link":"https:\/\/arthroscience.de\/en\/auftragsforschung\/wirksamkeitspruefung\/","title":{"rendered":"Efficacy testing"},"content":{"rendered":"<div style=\"height:200px\" aria-hidden=\"true\" class=\"wp-block-spacer\"><\/div>\n\n\n\n<h1 class=\"wp-block-heading\" style=\"font-size:45px\">Efficacy testing<\/h1>\n\n\n\n<p>ArthroScience supports you in the process of EU-wide registration of biocides of the product groups PT 18 (insecticides, acaricides, and products against other arthropods) and PT 19 (repellents and attractants). Efficacy tests for the American market according to EPA guidelines are also carried out. We conduct the legally required studies in the laboratory with the relevant target organisms. These organisms are bred in our laboratory under standardized conditions. However, we can also test products with wild strains that are needed for trials as \"resistant\" animals.<\/p>\n\n\n\n<div style=\"height:25px\" aria-hidden=\"true\" class=\"wp-block-spacer\"><\/div>\n\n\n\n<div class=\"wp-block-cover is-light\"><span aria-hidden=\"true\" class=\"wp-block-cover__background has-neve-link-hover-color-background-color has-background-dim-40 has-background-dim\"><\/span><img loading=\"lazy\" decoding=\"async\" width=\"1920\" height=\"1080\" class=\"wp-block-cover__image-background wp-image-802\" alt=\"\" src=\"http:\/\/arthroscience.de\/wp-content\/uploads\/2021\/11\/Wirksamkeitspruefung.webp\" style=\"object-position:52% 79%\" data-object-fit=\"cover\" data-object-position=\"52% 79%\" srcset=\"https:\/\/arthroscience.de\/wp-content\/uploads\/2021\/11\/Wirksamkeitspruefung.webp 1920w, https:\/\/arthroscience.de\/wp-content\/uploads\/2021\/11\/Wirksamkeitspruefung-300x169.webp 300w, https:\/\/arthroscience.de\/wp-content\/uploads\/2021\/11\/Wirksamkeitspruefung-1024x576.webp 1024w, https:\/\/arthroscience.de\/wp-content\/uploads\/2021\/11\/Wirksamkeitspruefung-768x432.webp 768w, https:\/\/arthroscience.de\/wp-content\/uploads\/2021\/11\/Wirksamkeitspruefung-1536x864.webp 1536w\" sizes=\"auto, (max-width: 1920px) 100vw, 1920px\" \/><div class=\"wp-block-cover__inner-container is-layout-flow wp-block-cover-is-layout-flow\">\n<p class=\"has-text-align-center has-large-font-size\"><\/p>\n<\/div><\/div>\n\n\n\n<div style=\"height:100px\" aria-hidden=\"true\" class=\"wp-block-spacer\"><\/div>\n\n\n\n<h1 class=\"wp-block-heading\" style=\"font-size:45px\"><meta charset=\"utf-8\">international guidelines<\/h1>\n\n\n\n<p>We test according to international guidelines. For studies of products whose test designs are not clearly regulated by the authorities, we develop the appropriate test designs for the question at hand. For products that are to be marketed for professional use (pest controllers), we additionally offer, conduct and evaluate proof of efficacy in field studies.<\/p>\n\n\n\n<div style=\"height:145px\" aria-hidden=\"true\" class=\"wp-block-spacer\"><\/div>","protected":false},"excerpt":{"rendered":"<p>Wirksamkeitspr\u00fcfung ArthroScience unterst\u00fctzt Sie im Prozess der EU-weiten Zulassung von Bioziden der Produktgruppen PT 18 (Insektizide, Akarizide und Produkte gegen andere Arthropoden) und PT 19 (Repellentien und Lockmittel). Auch Wirksamkeitspr\u00fcfungen f\u00fcr den amerikanischen Markt nach EPA-Richtlinien werden durchgef\u00fchrt. Wir f\u00fchren die gesetzlich vorgeschriebenen Studien im Labor mit den relevanten Zielorganismen durch. Diese Organismen werden in&hellip;&nbsp;<a href=\"https:\/\/arthroscience.de\/en\/auftragsforschung\/wirksamkeitspruefung\/\" rel=\"bookmark\">Read More &raquo;<span class=\"screen-reader-text\">Efficacy testing<\/span><\/a><\/p>","protected":false},"author":2,"featured_media":0,"parent":105,"menu_order":0,"comment_status":"closed","ping_status":"closed","template":"","meta":{"_uag_custom_page_level_css":"","neve_meta_sidebar":"full-width","neve_meta_container":"contained","neve_meta_enable_content_width":"","neve_meta_content_width":0,"neve_meta_title_alignment":"","neve_meta_author_avatar":"","neve_post_elements_order":"","neve_meta_disable_header":"","neve_meta_disable_footer":"","neve_meta_disable_title":"on","_themeisle_gutenberg_block_has_review":false,"footnotes":""},"class_list":["post-131","page","type-page","status-publish","hentry"],"yoast_head":"<!-- This site is optimized with the Yoast SEO plugin v27.4 - https:\/\/yoast.com\/product\/yoast-seo-wordpress\/ -->\n<title>Wirksamkeitspr\u00fcfung - ArthroScience<\/title>\n<meta name=\"robots\" content=\"index, follow, max-snippet:-1, max-image-preview:large, max-video-preview:-1\" \/>\n<link rel=\"canonical\" href=\"https:\/\/arthroscience.de\/en\/auftragsforschung\/wirksamkeitspruefung\/\" \/>\n<meta property=\"og:locale\" content=\"en_GB\" \/>\n<meta property=\"og:type\" content=\"article\" \/>\n<meta property=\"og:title\" content=\"Wirksamkeitspr\u00fcfung - ArthroScience\" \/>\n<meta property=\"og:description\" content=\"Wirksamkeitspr\u00fcfung ArthroScience unterst\u00fctzt Sie im Prozess der EU-weiten Zulassung von Bioziden der Produktgruppen PT 18 (Insektizide, Akarizide und Produkte gegen andere Arthropoden) und PT 19 (Repellentien und Lockmittel). Auch Wirksamkeitspr\u00fcfungen f\u00fcr den amerikanischen Markt nach EPA-Richtlinien werden durchgef\u00fchrt. Wir f\u00fchren die gesetzlich vorgeschriebenen Studien im Labor mit den relevanten Zielorganismen durch. Diese Organismen werden in&hellip;&nbsp;Read More &raquo;Wirksamkeitspr\u00fcfung\" \/>\n<meta property=\"og:url\" content=\"https:\/\/arthroscience.de\/en\/auftragsforschung\/wirksamkeitspruefung\/\" \/>\n<meta property=\"og:site_name\" content=\"ArthroScience\" \/>\n<meta property=\"article:modified_time\" content=\"2022-12-06T20:42:45+00:00\" \/>\n<meta property=\"og:image\" content=\"http:\/\/arthroscience.de\/wp-content\/uploads\/2021\/11\/Wirksamkeitspruefung.webp\" \/>\n<meta name=\"twitter:card\" content=\"summary_large_image\" \/>\n<meta name=\"twitter:label1\" content=\"Estimated reading time\" \/>\n\t<meta name=\"twitter:data1\" content=\"1 minute\" \/>\n<script type=\"application\/ld+json\" class=\"yoast-schema-graph\">{\"@context\":\"https:\\\/\\\/schema.org\",\"@graph\":[{\"@type\":\"WebPage\",\"@id\":\"https:\\\/\\\/arthroscience.de\\\/auftragsforschung\\\/wirksamkeitspruefung\\\/\",\"url\":\"https:\\\/\\\/arthroscience.de\\\/auftragsforschung\\\/wirksamkeitspruefung\\\/\",\"name\":\"Wirksamkeitspr\u00fcfung - ArthroScience\",\"isPartOf\":{\"@id\":\"https:\\\/\\\/arthroscience.de\\\/#website\"},\"primaryImageOfPage\":{\"@id\":\"https:\\\/\\\/arthroscience.de\\\/auftragsforschung\\\/wirksamkeitspruefung\\\/#primaryimage\"},\"image\":{\"@id\":\"https:\\\/\\\/arthroscience.de\\\/auftragsforschung\\\/wirksamkeitspruefung\\\/#primaryimage\"},\"thumbnailUrl\":\"http:\\\/\\\/arthroscience.de\\\/wp-content\\\/uploads\\\/2021\\\/11\\\/Wirksamkeitspruefung.webp\",\"datePublished\":\"2020-08-19T09:24:07+00:00\",\"dateModified\":\"2022-12-06T20:42:45+00:00\",\"breadcrumb\":{\"@id\":\"https:\\\/\\\/arthroscience.de\\\/auftragsforschung\\\/wirksamkeitspruefung\\\/#breadcrumb\"},\"inLanguage\":\"en-GB\",\"potentialAction\":[{\"@type\":\"ReadAction\",\"target\":[\"https:\\\/\\\/arthroscience.de\\\/auftragsforschung\\\/wirksamkeitspruefung\\\/\"]}]},{\"@type\":\"ImageObject\",\"inLanguage\":\"en-GB\",\"@id\":\"https:\\\/\\\/arthroscience.de\\\/auftragsforschung\\\/wirksamkeitspruefung\\\/#primaryimage\",\"url\":\"http:\\\/\\\/arthroscience.de\\\/wp-content\\\/uploads\\\/2021\\\/11\\\/Wirksamkeitspruefung.webp\",\"contentUrl\":\"http:\\\/\\\/arthroscience.de\\\/wp-content\\\/uploads\\\/2021\\\/11\\\/Wirksamkeitspruefung.webp\"},{\"@type\":\"BreadcrumbList\",\"@id\":\"https:\\\/\\\/arthroscience.de\\\/auftragsforschung\\\/wirksamkeitspruefung\\\/#breadcrumb\",\"itemListElement\":[{\"@type\":\"ListItem\",\"position\":1,\"name\":\"Startseite\",\"item\":\"https:\\\/\\\/arthroscience.de\\\/\"},{\"@type\":\"ListItem\",\"position\":2,\"name\":\"Auftragsforschung\",\"item\":\"https:\\\/\\\/arthroscience.de\\\/auftragsforschung\\\/\"},{\"@type\":\"ListItem\",\"position\":3,\"name\":\"Wirksamkeitspr\u00fcfung\"}]},{\"@type\":\"WebSite\",\"@id\":\"https:\\\/\\\/arthroscience.de\\\/#website\",\"url\":\"https:\\\/\\\/arthroscience.de\\\/\",\"name\":\"ArthroScience\",\"description\":\"Biozidzulassung, Beratung, Forschung und Entwicklung\",\"publisher\":{\"@id\":\"https:\\\/\\\/arthroscience.de\\\/#organization\"},\"potentialAction\":[{\"@type\":\"SearchAction\",\"target\":{\"@type\":\"EntryPoint\",\"urlTemplate\":\"https:\\\/\\\/arthroscience.de\\\/?s={search_term_string}\"},\"query-input\":{\"@type\":\"PropertyValueSpecification\",\"valueRequired\":true,\"valueName\":\"search_term_string\"}}],\"inLanguage\":\"en-GB\"},{\"@type\":\"Organization\",\"@id\":\"https:\\\/\\\/arthroscience.de\\\/#organization\",\"name\":\"Arthroscience\",\"alternateName\":\"DIE EXPERTEN F\u00dcR DIE PR\u00dcFUNG VON BIOZIDEN UND BIOZIDFREIEN PRODUKTEN ZUR BEK\u00c4MPFUNG VON ARTHROPODEN.\",\"url\":\"https:\\\/\\\/arthroscience.de\\\/\",\"logo\":{\"@type\":\"ImageObject\",\"inLanguage\":\"en-GB\",\"@id\":\"https:\\\/\\\/arthroscience.de\\\/#\\\/schema\\\/logo\\\/image\\\/\",\"url\":\"https:\\\/\\\/arthroscience.de\\\/wp-content\\\/uploads\\\/2020\\\/08\\\/arthrosience-logo.png\",\"contentUrl\":\"https:\\\/\\\/arthroscience.de\\\/wp-content\\\/uploads\\\/2020\\\/08\\\/arthrosience-logo.png\",\"width\":1354,\"height\":1337,\"caption\":\"Arthroscience\"},\"image\":{\"@id\":\"https:\\\/\\\/arthroscience.de\\\/#\\\/schema\\\/logo\\\/image\\\/\"}}]}<\/script>\n<!-- \/ Yoast SEO plugin. -->","yoast_head_json":{"title":"Wirksamkeitspr\u00fcfung - ArthroScience","robots":{"index":"index","follow":"follow","max-snippet":"max-snippet:-1","max-image-preview":"max-image-preview:large","max-video-preview":"max-video-preview:-1"},"canonical":"https:\/\/arthroscience.de\/en\/auftragsforschung\/wirksamkeitspruefung\/","og_locale":"en_GB","og_type":"article","og_title":"Wirksamkeitspr\u00fcfung - ArthroScience","og_description":"Wirksamkeitspr\u00fcfung ArthroScience unterst\u00fctzt Sie im Prozess der EU-weiten Zulassung von Bioziden der Produktgruppen PT 18 (Insektizide, Akarizide und Produkte gegen andere Arthropoden) und PT 19 (Repellentien und Lockmittel). Auch Wirksamkeitspr\u00fcfungen f\u00fcr den amerikanischen Markt nach EPA-Richtlinien werden durchgef\u00fchrt. Wir f\u00fchren die gesetzlich vorgeschriebenen Studien im Labor mit den relevanten Zielorganismen durch. Diese Organismen werden in&hellip;&nbsp;Read More &raquo;Wirksamkeitspr\u00fcfung","og_url":"https:\/\/arthroscience.de\/en\/auftragsforschung\/wirksamkeitspruefung\/","og_site_name":"ArthroScience","article_modified_time":"2022-12-06T20:42:45+00:00","og_image":[{"url":"http:\/\/arthroscience.de\/wp-content\/uploads\/2021\/11\/Wirksamkeitspruefung.webp","type":"","width":"","height":""}],"twitter_card":"summary_large_image","twitter_misc":{"Estimated reading time":"1 minute"},"schema":{"@context":"https:\/\/schema.org","@graph":[{"@type":"WebPage","@id":"https:\/\/arthroscience.de\/auftragsforschung\/wirksamkeitspruefung\/","url":"https:\/\/arthroscience.de\/auftragsforschung\/wirksamkeitspruefung\/","name":"Wirksamkeitspr\u00fcfung - ArthroScience","isPartOf":{"@id":"https:\/\/arthroscience.de\/#website"},"primaryImageOfPage":{"@id":"https:\/\/arthroscience.de\/auftragsforschung\/wirksamkeitspruefung\/#primaryimage"},"image":{"@id":"https:\/\/arthroscience.de\/auftragsforschung\/wirksamkeitspruefung\/#primaryimage"},"thumbnailUrl":"http:\/\/arthroscience.de\/wp-content\/uploads\/2021\/11\/Wirksamkeitspruefung.webp","datePublished":"2020-08-19T09:24:07+00:00","dateModified":"2022-12-06T20:42:45+00:00","breadcrumb":{"@id":"https:\/\/arthroscience.de\/auftragsforschung\/wirksamkeitspruefung\/#breadcrumb"},"inLanguage":"en-GB","potentialAction":[{"@type":"ReadAction","target":["https:\/\/arthroscience.de\/auftragsforschung\/wirksamkeitspruefung\/"]}]},{"@type":"ImageObject","inLanguage":"en-GB","@id":"https:\/\/arthroscience.de\/auftragsforschung\/wirksamkeitspruefung\/#primaryimage","url":"http:\/\/arthroscience.de\/wp-content\/uploads\/2021\/11\/Wirksamkeitspruefung.webp","contentUrl":"http:\/\/arthroscience.de\/wp-content\/uploads\/2021\/11\/Wirksamkeitspruefung.webp"},{"@type":"BreadcrumbList","@id":"https:\/\/arthroscience.de\/auftragsforschung\/wirksamkeitspruefung\/#breadcrumb","itemListElement":[{"@type":"ListItem","position":1,"name":"Startseite","item":"https:\/\/arthroscience.de\/"},{"@type":"ListItem","position":2,"name":"Auftragsforschung","item":"https:\/\/arthroscience.de\/auftragsforschung\/"},{"@type":"ListItem","position":3,"name":"Wirksamkeitspr\u00fcfung"}]},{"@type":"WebSite","@id":"https:\/\/arthroscience.de\/#website","url":"https:\/\/arthroscience.de\/","name":"ArthroScience","description":"Biozidzulassung, Beratung, Forschung und Entwicklung","publisher":{"@id":"https:\/\/arthroscience.de\/#organization"},"potentialAction":[{"@type":"SearchAction","target":{"@type":"EntryPoint","urlTemplate":"https:\/\/arthroscience.de\/?s={search_term_string}"},"query-input":{"@type":"PropertyValueSpecification","valueRequired":true,"valueName":"search_term_string"}}],"inLanguage":"en-GB"},{"@type":"Organization","@id":"https:\/\/arthroscience.de\/#organization","name":"Arthroscience","alternateName":"DIE EXPERTEN F\u00dcR DIE PR\u00dcFUNG VON BIOZIDEN UND BIOZIDFREIEN PRODUKTEN ZUR BEK\u00c4MPFUNG VON ARTHROPODEN.","url":"https:\/\/arthroscience.de\/","logo":{"@type":"ImageObject","inLanguage":"en-GB","@id":"https:\/\/arthroscience.de\/#\/schema\/logo\/image\/","url":"https:\/\/arthroscience.de\/wp-content\/uploads\/2020\/08\/arthrosience-logo.png","contentUrl":"https:\/\/arthroscience.de\/wp-content\/uploads\/2020\/08\/arthrosience-logo.png","width":1354,"height":1337,"caption":"Arthroscience"},"image":{"@id":"https:\/\/arthroscience.de\/#\/schema\/logo\/image\/"}}]}},"uagb_featured_image_src":{"full":false,"thumbnail":false,"medium":false,"medium_large":false,"large":false,"1536x1536":false,"2048x2048":false,"trp-custom-language-flag":false,"neve-blog":false},"uagb_author_info":{"display_name":"Anne Meseg","author_link":"https:\/\/arthroscience.de\/en\/author\/anne\/"},"uagb_comment_info":0,"uagb_excerpt":"Wirksamkeitspr\u00fcfung ArthroScience unterst\u00fctzt Sie im Prozess der EU-weiten Zulassung von Bioziden der Produktgruppen PT 18 (Insektizide, Akarizide und Produkte gegen andere Arthropoden) und PT 19 (Repellentien und Lockmittel). Auch Wirksamkeitspr\u00fcfungen f\u00fcr den amerikanischen Markt nach EPA-Richtlinien werden durchgef\u00fchrt. Wir f\u00fchren die gesetzlich vorgeschriebenen Studien im Labor mit den relevanten Zielorganismen durch. Diese Organismen werden in&hellip;&nbsp;Read&hellip;","_links":{"self":[{"href":"https:\/\/arthroscience.de\/en\/wp-json\/wp\/v2\/pages\/131","targetHints":{"allow":["GET"]}}],"collection":[{"href":"https:\/\/arthroscience.de\/en\/wp-json\/wp\/v2\/pages"}],"about":[{"href":"https:\/\/arthroscience.de\/en\/wp-json\/wp\/v2\/types\/page"}],"author":[{"embeddable":true,"href":"https:\/\/arthroscience.de\/en\/wp-json\/wp\/v2\/users\/2"}],"replies":[{"embeddable":true,"href":"https:\/\/arthroscience.de\/en\/wp-json\/wp\/v2\/comments?post=131"}],"version-history":[{"count":28,"href":"https:\/\/arthroscience.de\/en\/wp-json\/wp\/v2\/pages\/131\/revisions"}],"predecessor-version":[{"id":1057,"href":"https:\/\/arthroscience.de\/en\/wp-json\/wp\/v2\/pages\/131\/revisions\/1057"}],"up":[{"embeddable":true,"href":"https:\/\/arthroscience.de\/en\/wp-json\/wp\/v2\/pages\/105"}],"wp:attachment":[{"href":"https:\/\/arthroscience.de\/en\/wp-json\/wp\/v2\/media?parent=131"}],"curies":[{"name":"wp","href":"https:\/\/api.w.org\/{rel}","templated":true}]}}