{"id":13,"date":"2020-04-13T09:42:29","date_gmt":"2020-04-13T09:42:29","guid":{"rendered":"https:\/\/demosites.io\/doctor\/?page_id=13"},"modified":"2022-12-06T09:47:52","modified_gmt":"2022-12-06T09:47:52","slug":"d41d8-doctor-contact","status":"publish","type":"page","link":"https:\/\/arthroscience.de\/en\/d41d8-doctor-contact\/","title":{"rendered":"contact"},"content":{"rendered":"<div style=\"height:200px\" aria-hidden=\"true\" class=\"wp-block-spacer\"><\/div>\n\n\n<div class=\"wp-block-image is-style-rounded\">\n<figure class=\"alignright size-large is-resized\"><img loading=\"lazy\" decoding=\"async\" src=\"http:\/\/arthroscience.de\/wp-content\/uploads\/2021\/10\/portraits-1-1-b-869x1024.jpg\" alt=\"\" class=\"wp-image-727\" width=\"435\" height=\"512\" srcset=\"https:\/\/arthroscience.de\/wp-content\/uploads\/2021\/10\/portraits-1-1-b-869x1024.jpg 869w, https:\/\/arthroscience.de\/wp-content\/uploads\/2021\/10\/portraits-1-1-b-255x300.jpg 255w, https:\/\/arthroscience.de\/wp-content\/uploads\/2021\/10\/portraits-1-1-b-768x905.jpg 768w, https:\/\/arthroscience.de\/wp-content\/uploads\/2021\/10\/portraits-1-1-b.jpg 1018w\" sizes=\"auto, (max-width: 435px) 100vw, 435px\" \/><\/figure><\/div>\n\n\n<h2 class=\"wp-block-heading\">contact<\/h2>\n\n\n\n<p>ARTHROSCIENCE<br>L\u00f6nsstra\u00dfe 9<br>13125 Berlin<\/p>\n\n\n\n<p>Email&nbsp;<a href=\"mailto:info@arthroscience.de\">info@arthroscience.de<\/a><\/p>\n\n\n\n<p>Managing directors: Anne Meseg &amp; Arlette Vander Pan<\/p>\n\n\n\n<p> <\/p>\n\n\n\n<p style=\"font-size:14px\">Register court: Amtsgericht Charlottenburg<br>Commercial register number: HRB214665 B<br>VAT-ID: DE329092563<\/p>","protected":false},"excerpt":{"rendered":"<p>Kontakt ARTHROSCIENCEL\u00f6nsstra\u00dfe 913125 Berlin E-Mail:&nbsp;info@arthroscience.de Gesch\u00e4ftsf\u00fchrerinnen: Anne Meseg &amp; Arlette Vander Pan Registergericht: Amtsgericht CharlottenburgHandelsregisternummer: HRB214665 BUSt-IdNr.: DE329092563<\/p>","protected":false},"author":2,"featured_media":0,"parent":0,"menu_order":0,"comment_status":"closed","ping_status":"closed","template":"","meta":{"_uag_custom_page_level_css":"","neve_meta_sidebar":"full-width","neve_meta_container":"contained","neve_meta_enable_content_width":"on","neve_meta_content_width":100,"neve_meta_title_alignment":"","neve_meta_author_avatar":"","neve_post_elements_order":"","neve_meta_disable_header":"","neve_meta_disable_footer":"","neve_meta_disable_title":"on","_themeisle_gutenberg_block_has_review":false,"footnotes":""},"class_list":["post-13","page","type-page","status-publish","hentry"],"yoast_head":"<!-- This site is optimized with the Yoast SEO plugin v27.4 - https:\/\/yoast.com\/product\/yoast-seo-wordpress\/ -->\n<title>Kontakt - ArthroScience<\/title>\n<meta name=\"robots\" content=\"index, follow, max-snippet:-1, max-image-preview:large, max-video-preview:-1\" \/>\n<link rel=\"canonical\" href=\"https:\/\/arthroscience.de\/en\/d41d8-doctor-contact\/\" \/>\n<meta property=\"og:locale\" content=\"en_GB\" \/>\n<meta property=\"og:type\" content=\"article\" \/>\n<meta property=\"og:title\" content=\"Kontakt - ArthroScience\" \/>\n<meta property=\"og:description\" content=\"Kontakt ARTHROSCIENCEL\u00f6nsstra\u00dfe 913125 Berlin E-Mail:&nbsp;info@arthroscience.de Gesch\u00e4ftsf\u00fchrerinnen: Anne Meseg &amp; Arlette Vander Pan Registergericht: Amtsgericht CharlottenburgHandelsregisternummer: HRB214665 BUSt-IdNr.: DE329092563\" \/>\n<meta property=\"og:url\" content=\"https:\/\/arthroscience.de\/en\/d41d8-doctor-contact\/\" \/>\n<meta property=\"og:site_name\" content=\"ArthroScience\" \/>\n<meta property=\"article:modified_time\" content=\"2022-12-06T09:47:52+00:00\" \/>\n<meta property=\"og:image\" content=\"http:\/\/arthroscience.de\/wp-content\/uploads\/2021\/10\/portraits-1-1-b-869x1024.jpg\" \/>\n<meta name=\"twitter:card\" content=\"summary_large_image\" \/>\n<meta name=\"twitter:label1\" content=\"Estimated reading time\" \/>\n\t<meta name=\"twitter:data1\" content=\"1 minute\" \/>\n<script type=\"application\/ld+json\" class=\"yoast-schema-graph\">{\"@context\":\"https:\\\/\\\/schema.org\",\"@graph\":[{\"@type\":\"WebPage\",\"@id\":\"https:\\\/\\\/arthroscience.de\\\/d41d8-doctor-contact\\\/\",\"url\":\"https:\\\/\\\/arthroscience.de\\\/d41d8-doctor-contact\\\/\",\"name\":\"Kontakt - ArthroScience\",\"isPartOf\":{\"@id\":\"https:\\\/\\\/arthroscience.de\\\/#website\"},\"primaryImageOfPage\":{\"@id\":\"https:\\\/\\\/arthroscience.de\\\/d41d8-doctor-contact\\\/#primaryimage\"},\"image\":{\"@id\":\"https:\\\/\\\/arthroscience.de\\\/d41d8-doctor-contact\\\/#primaryimage\"},\"thumbnailUrl\":\"http:\\\/\\\/arthroscience.de\\\/wp-content\\\/uploads\\\/2021\\\/10\\\/portraits-1-1-b-869x1024.jpg\",\"datePublished\":\"2020-04-13T09:42:29+00:00\",\"dateModified\":\"2022-12-06T09:47:52+00:00\",\"breadcrumb\":{\"@id\":\"https:\\\/\\\/arthroscience.de\\\/d41d8-doctor-contact\\\/#breadcrumb\"},\"inLanguage\":\"en-GB\",\"potentialAction\":[{\"@type\":\"ReadAction\",\"target\":[\"https:\\\/\\\/arthroscience.de\\\/d41d8-doctor-contact\\\/\"]}]},{\"@type\":\"ImageObject\",\"inLanguage\":\"en-GB\",\"@id\":\"https:\\\/\\\/arthroscience.de\\\/d41d8-doctor-contact\\\/#primaryimage\",\"url\":\"http:\\\/\\\/arthroscience.de\\\/wp-content\\\/uploads\\\/2021\\\/10\\\/portraits-1-1-b-869x1024.jpg\",\"contentUrl\":\"http:\\\/\\\/arthroscience.de\\\/wp-content\\\/uploads\\\/2021\\\/10\\\/portraits-1-1-b-869x1024.jpg\"},{\"@type\":\"BreadcrumbList\",\"@id\":\"https:\\\/\\\/arthroscience.de\\\/d41d8-doctor-contact\\\/#breadcrumb\",\"itemListElement\":[{\"@type\":\"ListItem\",\"position\":1,\"name\":\"Startseite\",\"item\":\"https:\\\/\\\/arthroscience.de\\\/\"},{\"@type\":\"ListItem\",\"position\":2,\"name\":\"Kontakt\"}]},{\"@type\":\"WebSite\",\"@id\":\"https:\\\/\\\/arthroscience.de\\\/#website\",\"url\":\"https:\\\/\\\/arthroscience.de\\\/\",\"name\":\"ArthroScience\",\"description\":\"Biozidzulassung, Beratung, Forschung und Entwicklung\",\"publisher\":{\"@id\":\"https:\\\/\\\/arthroscience.de\\\/#organization\"},\"potentialAction\":[{\"@type\":\"SearchAction\",\"target\":{\"@type\":\"EntryPoint\",\"urlTemplate\":\"https:\\\/\\\/arthroscience.de\\\/?s={search_term_string}\"},\"query-input\":{\"@type\":\"PropertyValueSpecification\",\"valueRequired\":true,\"valueName\":\"search_term_string\"}}],\"inLanguage\":\"en-GB\"},{\"@type\":\"Organization\",\"@id\":\"https:\\\/\\\/arthroscience.de\\\/#organization\",\"name\":\"Arthroscience\",\"alternateName\":\"DIE EXPERTEN F\u00dcR DIE PR\u00dcFUNG VON BIOZIDEN UND BIOZIDFREIEN PRODUKTEN ZUR BEK\u00c4MPFUNG VON ARTHROPODEN.\",\"url\":\"https:\\\/\\\/arthroscience.de\\\/\",\"logo\":{\"@type\":\"ImageObject\",\"inLanguage\":\"en-GB\",\"@id\":\"https:\\\/\\\/arthroscience.de\\\/#\\\/schema\\\/logo\\\/image\\\/\",\"url\":\"https:\\\/\\\/arthroscience.de\\\/wp-content\\\/uploads\\\/2020\\\/08\\\/arthrosience-logo.png\",\"contentUrl\":\"https:\\\/\\\/arthroscience.de\\\/wp-content\\\/uploads\\\/2020\\\/08\\\/arthrosience-logo.png\",\"width\":1354,\"height\":1337,\"caption\":\"Arthroscience\"},\"image\":{\"@id\":\"https:\\\/\\\/arthroscience.de\\\/#\\\/schema\\\/logo\\\/image\\\/\"}}]}<\/script>\n<!-- \/ Yoast SEO plugin. -->","yoast_head_json":{"title":"Kontakt - ArthroScience","robots":{"index":"index","follow":"follow","max-snippet":"max-snippet:-1","max-image-preview":"max-image-preview:large","max-video-preview":"max-video-preview:-1"},"canonical":"https:\/\/arthroscience.de\/en\/d41d8-doctor-contact\/","og_locale":"en_GB","og_type":"article","og_title":"Kontakt - ArthroScience","og_description":"Kontakt ARTHROSCIENCEL\u00f6nsstra\u00dfe 913125 Berlin E-Mail:&nbsp;info@arthroscience.de Gesch\u00e4ftsf\u00fchrerinnen: Anne Meseg &amp; Arlette Vander Pan Registergericht: Amtsgericht CharlottenburgHandelsregisternummer: HRB214665 BUSt-IdNr.: DE329092563","og_url":"https:\/\/arthroscience.de\/en\/d41d8-doctor-contact\/","og_site_name":"ArthroScience","article_modified_time":"2022-12-06T09:47:52+00:00","og_image":[{"url":"http:\/\/arthroscience.de\/wp-content\/uploads\/2021\/10\/portraits-1-1-b-869x1024.jpg","type":"","width":"","height":""}],"twitter_card":"summary_large_image","twitter_misc":{"Estimated reading time":"1 minute"},"schema":{"@context":"https:\/\/schema.org","@graph":[{"@type":"WebPage","@id":"https:\/\/arthroscience.de\/d41d8-doctor-contact\/","url":"https:\/\/arthroscience.de\/d41d8-doctor-contact\/","name":"Kontakt - ArthroScience","isPartOf":{"@id":"https:\/\/arthroscience.de\/#website"},"primaryImageOfPage":{"@id":"https:\/\/arthroscience.de\/d41d8-doctor-contact\/#primaryimage"},"image":{"@id":"https:\/\/arthroscience.de\/d41d8-doctor-contact\/#primaryimage"},"thumbnailUrl":"http:\/\/arthroscience.de\/wp-content\/uploads\/2021\/10\/portraits-1-1-b-869x1024.jpg","datePublished":"2020-04-13T09:42:29+00:00","dateModified":"2022-12-06T09:47:52+00:00","breadcrumb":{"@id":"https:\/\/arthroscience.de\/d41d8-doctor-contact\/#breadcrumb"},"inLanguage":"en-GB","potentialAction":[{"@type":"ReadAction","target":["https:\/\/arthroscience.de\/d41d8-doctor-contact\/"]}]},{"@type":"ImageObject","inLanguage":"en-GB","@id":"https:\/\/arthroscience.de\/d41d8-doctor-contact\/#primaryimage","url":"http:\/\/arthroscience.de\/wp-content\/uploads\/2021\/10\/portraits-1-1-b-869x1024.jpg","contentUrl":"http:\/\/arthroscience.de\/wp-content\/uploads\/2021\/10\/portraits-1-1-b-869x1024.jpg"},{"@type":"BreadcrumbList","@id":"https:\/\/arthroscience.de\/d41d8-doctor-contact\/#breadcrumb","itemListElement":[{"@type":"ListItem","position":1,"name":"Startseite","item":"https:\/\/arthroscience.de\/"},{"@type":"ListItem","position":2,"name":"Kontakt"}]},{"@type":"WebSite","@id":"https:\/\/arthroscience.de\/#website","url":"https:\/\/arthroscience.de\/","name":"ArthroScience","description":"Biozidzulassung, Beratung, Forschung und Entwicklung","publisher":{"@id":"https:\/\/arthroscience.de\/#organization"},"potentialAction":[{"@type":"SearchAction","target":{"@type":"EntryPoint","urlTemplate":"https:\/\/arthroscience.de\/?s={search_term_string}"},"query-input":{"@type":"PropertyValueSpecification","valueRequired":true,"valueName":"search_term_string"}}],"inLanguage":"en-GB"},{"@type":"Organization","@id":"https:\/\/arthroscience.de\/#organization","name":"Arthroscience","alternateName":"DIE EXPERTEN F\u00dcR DIE PR\u00dcFUNG VON BIOZIDEN UND BIOZIDFREIEN PRODUKTEN ZUR BEK\u00c4MPFUNG VON ARTHROPODEN.","url":"https:\/\/arthroscience.de\/","logo":{"@type":"ImageObject","inLanguage":"en-GB","@id":"https:\/\/arthroscience.de\/#\/schema\/logo\/image\/","url":"https:\/\/arthroscience.de\/wp-content\/uploads\/2020\/08\/arthrosience-logo.png","contentUrl":"https:\/\/arthroscience.de\/wp-content\/uploads\/2020\/08\/arthrosience-logo.png","width":1354,"height":1337,"caption":"Arthroscience"},"image":{"@id":"https:\/\/arthroscience.de\/#\/schema\/logo\/image\/"}}]}},"uagb_featured_image_src":{"full":false,"thumbnail":false,"medium":false,"medium_large":false,"large":false,"1536x1536":false,"2048x2048":false,"trp-custom-language-flag":false,"neve-blog":false},"uagb_author_info":{"display_name":"Anne Meseg","author_link":"https:\/\/arthroscience.de\/en\/author\/anne\/"},"uagb_comment_info":0,"uagb_excerpt":"Kontakt ARTHROSCIENCEL\u00f6nsstra\u00dfe 913125 Berlin E-Mail:&nbsp;info@arthroscience.de Gesch\u00e4ftsf\u00fchrerinnen: Anne Meseg &amp; Arlette Vander Pan Registergericht: Amtsgericht CharlottenburgHandelsregisternummer: HRB214665 BUSt-IdNr.: DE329092563","_links":{"self":[{"href":"https:\/\/arthroscience.de\/en\/wp-json\/wp\/v2\/pages\/13","targetHints":{"allow":["GET"]}}],"collection":[{"href":"https:\/\/arthroscience.de\/en\/wp-json\/wp\/v2\/pages"}],"about":[{"href":"https:\/\/arthroscience.de\/en\/wp-json\/wp\/v2\/types\/page"}],"author":[{"embeddable":true,"href":"https:\/\/arthroscience.de\/en\/wp-json\/wp\/v2\/users\/2"}],"replies":[{"embeddable":true,"href":"https:\/\/arthroscience.de\/en\/wp-json\/wp\/v2\/comments?post=13"}],"version-history":[{"count":7,"href":"https:\/\/arthroscience.de\/en\/wp-json\/wp\/v2\/pages\/13\/revisions"}],"predecessor-version":[{"id":1024,"href":"https:\/\/arthroscience.de\/en\/wp-json\/wp\/v2\/pages\/13\/revisions\/1024"}],"wp:attachment":[{"href":"https:\/\/arthroscience.de\/en\/wp-json\/wp\/v2\/media?parent=13"}],"curies":[{"name":"wp","href":"https:\/\/api.w.org\/{rel}","templated":true}]}}