{"id":112,"date":"2020-08-18T20:10:58","date_gmt":"2020-08-18T20:10:58","guid":{"rendered":"http:\/\/arthroscience.de\/?page_id=112"},"modified":"2022-12-06T09:52:27","modified_gmt":"2022-12-06T09:52:27","slug":"ueber-uns","status":"publish","type":"page","link":"https:\/\/arthroscience.de\/en\/ueber-uns\/","title":{"rendered":"About Us"},"content":{"rendered":"<div style=\"height:100px\" aria-hidden=\"true\" class=\"wp-block-spacer\"><\/div>\n\n\n\n<div class=\"wp-block-cover aligncenter is-light has-custom-content-position is-position-bottom-center uag-hide-mob uag-hide-mob\" style=\"min-height:650px;aspect-ratio:unset;\"><span aria-hidden=\"true\" class=\"wp-block-cover__background has-background-dim-10 has-background-dim\"><\/span><img loading=\"lazy\" decoding=\"async\" width=\"1920\" height=\"1080\" class=\"wp-block-cover__image-background wp-image-686\" alt=\"\" src=\"http:\/\/arthroscience.de\/wp-content\/uploads\/2021\/10\/portraits-16-9.jpg\" style=\"object-position:52% 38%\" data-object-fit=\"cover\" data-object-position=\"52% 38%\" srcset=\"https:\/\/arthroscience.de\/wp-content\/uploads\/2021\/10\/portraits-16-9.jpg 1920w, https:\/\/arthroscience.de\/wp-content\/uploads\/2021\/10\/portraits-16-9-300x169.jpg 300w, https:\/\/arthroscience.de\/wp-content\/uploads\/2021\/10\/portraits-16-9-1024x576.jpg 1024w, https:\/\/arthroscience.de\/wp-content\/uploads\/2021\/10\/portraits-16-9-768x432.jpg 768w, https:\/\/arthroscience.de\/wp-content\/uploads\/2021\/10\/portraits-16-9-1536x864.jpg 1536w\" sizes=\"auto, (max-width: 1920px) 100vw, 1920px\" \/><div class=\"wp-block-cover__inner-container is-layout-flow wp-block-cover-is-layout-flow\">\n<h1 id=\"wp-block-themeisle-blocks-advanced-heading-d096bc98\" class=\"wp-block-themeisle-blocks-advanced-heading wp-block-themeisle-blocks-advanced-heading-d096bc98\"><strong>ARTHRO<\/strong>SCIENCE<\/h1>\n\n\n\n<div style=\"height:31px\" aria-hidden=\"true\" class=\"wp-block-spacer\"><\/div>\n<\/div><\/div>\n\n\n\n<div style=\"height:100px\" aria-hidden=\"true\" class=\"wp-block-spacer\"><\/div>\n\n\n\n<h2 class=\"wp-block-heading\">ABOUT US<\/h2>\n\n\n\n<p>ArthroScience GmbH was founded in January 2020 by Dr. Anne Meseg and Dr. Arlette Vander Pan in Berlin. The laboratory premises are located in the \"Innovationspark Wuhlheide\" in the district of K\u00f6penick. This is where our pests are bred and tests are performed with them since April 2020.<\/p>\n\n\n\n<div style=\"height:100px\" aria-hidden=\"true\" class=\"wp-block-spacer\"><\/div>","protected":false},"excerpt":{"rendered":"<p>\u00dcber Uns Die ArthroScience GmbH wurde im Januar 2020 von Dr. Anne Meseg und Dr. Arlette Vander Pan in Berlin gegr\u00fcndet. Die Laborr\u00e4ume befinden sich im \u201eInnovationspark Wuhlheide\u201c im Stadtteil K\u00f6penick. Hier werden seit April 2020 unsere Sch\u00e4dlinge gez\u00fcchtet und Pr\u00fcfungen mit ihnen durchgef\u00fchrt.<\/p>","protected":false},"author":2,"featured_media":0,"parent":0,"menu_order":0,"comment_status":"closed","ping_status":"closed","template":"","meta":{"_uag_custom_page_level_css":"","neve_meta_sidebar":"full-width","neve_meta_container":"contained","neve_meta_enable_content_width":"on","neve_meta_content_width":100,"neve_meta_title_alignment":"","neve_meta_author_avatar":"","neve_post_elements_order":"","neve_meta_disable_header":"","neve_meta_disable_footer":"","neve_meta_disable_title":"on","_themeisle_gutenberg_block_has_review":false,"footnotes":""},"class_list":["post-112","page","type-page","status-publish","hentry"],"yoast_head":"<!-- This site is optimized with the Yoast SEO plugin v27.4 - https:\/\/yoast.com\/product\/yoast-seo-wordpress\/ -->\n<title>\u00dcber uns - ArthroScience<\/title>\n<meta name=\"robots\" content=\"index, follow, max-snippet:-1, max-image-preview:large, max-video-preview:-1\" \/>\n<link rel=\"canonical\" href=\"https:\/\/arthroscience.de\/en\/ueber-uns\/\" \/>\n<meta property=\"og:locale\" content=\"en_GB\" \/>\n<meta property=\"og:type\" content=\"article\" \/>\n<meta property=\"og:title\" content=\"\u00dcber uns - ArthroScience\" \/>\n<meta property=\"og:description\" content=\"\u00dcber Uns Die ArthroScience GmbH wurde im Januar 2020 von Dr. Anne Meseg und Dr. Arlette Vander Pan in Berlin gegr\u00fcndet. Die Laborr\u00e4ume befinden sich im \u201eInnovationspark Wuhlheide\u201c im Stadtteil K\u00f6penick. Hier werden seit April 2020 unsere Sch\u00e4dlinge gez\u00fcchtet und Pr\u00fcfungen mit ihnen durchgef\u00fchrt.\" \/>\n<meta property=\"og:url\" content=\"https:\/\/arthroscience.de\/en\/ueber-uns\/\" \/>\n<meta property=\"og:site_name\" content=\"ArthroScience\" \/>\n<meta property=\"article:modified_time\" content=\"2022-12-06T09:52:27+00:00\" \/>\n<meta property=\"og:image\" content=\"http:\/\/arthroscience.de\/wp-content\/uploads\/2021\/10\/portraits-16-9.jpg\" \/>\n<meta name=\"twitter:card\" content=\"summary_large_image\" \/>\n<meta name=\"twitter:label1\" content=\"Estimated reading time\" \/>\n\t<meta name=\"twitter:data1\" content=\"1 minute\" \/>\n<script type=\"application\/ld+json\" class=\"yoast-schema-graph\">{\"@context\":\"https:\\\/\\\/schema.org\",\"@graph\":[{\"@type\":\"WebPage\",\"@id\":\"https:\\\/\\\/arthroscience.de\\\/ueber-uns\\\/\",\"url\":\"https:\\\/\\\/arthroscience.de\\\/ueber-uns\\\/\",\"name\":\"\u00dcber uns - ArthroScience\",\"isPartOf\":{\"@id\":\"https:\\\/\\\/arthroscience.de\\\/#website\"},\"primaryImageOfPage\":{\"@id\":\"https:\\\/\\\/arthroscience.de\\\/ueber-uns\\\/#primaryimage\"},\"image\":{\"@id\":\"https:\\\/\\\/arthroscience.de\\\/ueber-uns\\\/#primaryimage\"},\"thumbnailUrl\":\"http:\\\/\\\/arthroscience.de\\\/wp-content\\\/uploads\\\/2021\\\/10\\\/portraits-16-9.jpg\",\"datePublished\":\"2020-08-18T20:10:58+00:00\",\"dateModified\":\"2022-12-06T09:52:27+00:00\",\"breadcrumb\":{\"@id\":\"https:\\\/\\\/arthroscience.de\\\/ueber-uns\\\/#breadcrumb\"},\"inLanguage\":\"en-GB\",\"potentialAction\":[{\"@type\":\"ReadAction\",\"target\":[\"https:\\\/\\\/arthroscience.de\\\/ueber-uns\\\/\"]}]},{\"@type\":\"ImageObject\",\"inLanguage\":\"en-GB\",\"@id\":\"https:\\\/\\\/arthroscience.de\\\/ueber-uns\\\/#primaryimage\",\"url\":\"http:\\\/\\\/arthroscience.de\\\/wp-content\\\/uploads\\\/2021\\\/10\\\/portraits-16-9.jpg\",\"contentUrl\":\"http:\\\/\\\/arthroscience.de\\\/wp-content\\\/uploads\\\/2021\\\/10\\\/portraits-16-9.jpg\"},{\"@type\":\"BreadcrumbList\",\"@id\":\"https:\\\/\\\/arthroscience.de\\\/ueber-uns\\\/#breadcrumb\",\"itemListElement\":[{\"@type\":\"ListItem\",\"position\":1,\"name\":\"Startseite\",\"item\":\"https:\\\/\\\/arthroscience.de\\\/\"},{\"@type\":\"ListItem\",\"position\":2,\"name\":\"\u00dcber uns\"}]},{\"@type\":\"WebSite\",\"@id\":\"https:\\\/\\\/arthroscience.de\\\/#website\",\"url\":\"https:\\\/\\\/arthroscience.de\\\/\",\"name\":\"ArthroScience\",\"description\":\"Biozidzulassung, Beratung, Forschung und Entwicklung\",\"publisher\":{\"@id\":\"https:\\\/\\\/arthroscience.de\\\/#organization\"},\"potentialAction\":[{\"@type\":\"SearchAction\",\"target\":{\"@type\":\"EntryPoint\",\"urlTemplate\":\"https:\\\/\\\/arthroscience.de\\\/?s={search_term_string}\"},\"query-input\":{\"@type\":\"PropertyValueSpecification\",\"valueRequired\":true,\"valueName\":\"search_term_string\"}}],\"inLanguage\":\"en-GB\"},{\"@type\":\"Organization\",\"@id\":\"https:\\\/\\\/arthroscience.de\\\/#organization\",\"name\":\"Arthroscience\",\"alternateName\":\"DIE EXPERTEN F\u00dcR DIE PR\u00dcFUNG VON BIOZIDEN UND BIOZIDFREIEN PRODUKTEN ZUR BEK\u00c4MPFUNG VON ARTHROPODEN.\",\"url\":\"https:\\\/\\\/arthroscience.de\\\/\",\"logo\":{\"@type\":\"ImageObject\",\"inLanguage\":\"en-GB\",\"@id\":\"https:\\\/\\\/arthroscience.de\\\/#\\\/schema\\\/logo\\\/image\\\/\",\"url\":\"https:\\\/\\\/arthroscience.de\\\/wp-content\\\/uploads\\\/2020\\\/08\\\/arthrosience-logo.png\",\"contentUrl\":\"https:\\\/\\\/arthroscience.de\\\/wp-content\\\/uploads\\\/2020\\\/08\\\/arthrosience-logo.png\",\"width\":1354,\"height\":1337,\"caption\":\"Arthroscience\"},\"image\":{\"@id\":\"https:\\\/\\\/arthroscience.de\\\/#\\\/schema\\\/logo\\\/image\\\/\"}}]}<\/script>\n<!-- \/ Yoast SEO plugin. -->","yoast_head_json":{"title":"\u00dcber uns - ArthroScience","robots":{"index":"index","follow":"follow","max-snippet":"max-snippet:-1","max-image-preview":"max-image-preview:large","max-video-preview":"max-video-preview:-1"},"canonical":"https:\/\/arthroscience.de\/en\/ueber-uns\/","og_locale":"en_GB","og_type":"article","og_title":"\u00dcber uns - ArthroScience","og_description":"\u00dcber Uns Die ArthroScience GmbH wurde im Januar 2020 von Dr. Anne Meseg und Dr. Arlette Vander Pan in Berlin gegr\u00fcndet. Die Laborr\u00e4ume befinden sich im \u201eInnovationspark Wuhlheide\u201c im Stadtteil K\u00f6penick. Hier werden seit April 2020 unsere Sch\u00e4dlinge gez\u00fcchtet und Pr\u00fcfungen mit ihnen durchgef\u00fchrt.","og_url":"https:\/\/arthroscience.de\/en\/ueber-uns\/","og_site_name":"ArthroScience","article_modified_time":"2022-12-06T09:52:27+00:00","og_image":[{"url":"http:\/\/arthroscience.de\/wp-content\/uploads\/2021\/10\/portraits-16-9.jpg","type":"","width":"","height":""}],"twitter_card":"summary_large_image","twitter_misc":{"Estimated reading time":"1 minute"},"schema":{"@context":"https:\/\/schema.org","@graph":[{"@type":"WebPage","@id":"https:\/\/arthroscience.de\/ueber-uns\/","url":"https:\/\/arthroscience.de\/ueber-uns\/","name":"\u00dcber uns - ArthroScience","isPartOf":{"@id":"https:\/\/arthroscience.de\/#website"},"primaryImageOfPage":{"@id":"https:\/\/arthroscience.de\/ueber-uns\/#primaryimage"},"image":{"@id":"https:\/\/arthroscience.de\/ueber-uns\/#primaryimage"},"thumbnailUrl":"http:\/\/arthroscience.de\/wp-content\/uploads\/2021\/10\/portraits-16-9.jpg","datePublished":"2020-08-18T20:10:58+00:00","dateModified":"2022-12-06T09:52:27+00:00","breadcrumb":{"@id":"https:\/\/arthroscience.de\/ueber-uns\/#breadcrumb"},"inLanguage":"en-GB","potentialAction":[{"@type":"ReadAction","target":["https:\/\/arthroscience.de\/ueber-uns\/"]}]},{"@type":"ImageObject","inLanguage":"en-GB","@id":"https:\/\/arthroscience.de\/ueber-uns\/#primaryimage","url":"http:\/\/arthroscience.de\/wp-content\/uploads\/2021\/10\/portraits-16-9.jpg","contentUrl":"http:\/\/arthroscience.de\/wp-content\/uploads\/2021\/10\/portraits-16-9.jpg"},{"@type":"BreadcrumbList","@id":"https:\/\/arthroscience.de\/ueber-uns\/#breadcrumb","itemListElement":[{"@type":"ListItem","position":1,"name":"Startseite","item":"https:\/\/arthroscience.de\/"},{"@type":"ListItem","position":2,"name":"\u00dcber uns"}]},{"@type":"WebSite","@id":"https:\/\/arthroscience.de\/#website","url":"https:\/\/arthroscience.de\/","name":"ArthroScience","description":"Biozidzulassung, Beratung, Forschung und Entwicklung","publisher":{"@id":"https:\/\/arthroscience.de\/#organization"},"potentialAction":[{"@type":"SearchAction","target":{"@type":"EntryPoint","urlTemplate":"https:\/\/arthroscience.de\/?s={search_term_string}"},"query-input":{"@type":"PropertyValueSpecification","valueRequired":true,"valueName":"search_term_string"}}],"inLanguage":"en-GB"},{"@type":"Organization","@id":"https:\/\/arthroscience.de\/#organization","name":"Arthroscience","alternateName":"DIE EXPERTEN F\u00dcR DIE PR\u00dcFUNG VON BIOZIDEN UND BIOZIDFREIEN PRODUKTEN ZUR BEK\u00c4MPFUNG VON ARTHROPODEN.","url":"https:\/\/arthroscience.de\/","logo":{"@type":"ImageObject","inLanguage":"en-GB","@id":"https:\/\/arthroscience.de\/#\/schema\/logo\/image\/","url":"https:\/\/arthroscience.de\/wp-content\/uploads\/2020\/08\/arthrosience-logo.png","contentUrl":"https:\/\/arthroscience.de\/wp-content\/uploads\/2020\/08\/arthrosience-logo.png","width":1354,"height":1337,"caption":"Arthroscience"},"image":{"@id":"https:\/\/arthroscience.de\/#\/schema\/logo\/image\/"}}]}},"uagb_featured_image_src":{"full":false,"thumbnail":false,"medium":false,"medium_large":false,"large":false,"1536x1536":false,"2048x2048":false,"trp-custom-language-flag":false,"neve-blog":false},"uagb_author_info":{"display_name":"Anne Meseg","author_link":"https:\/\/arthroscience.de\/en\/author\/anne\/"},"uagb_comment_info":0,"uagb_excerpt":"\u00dcber Uns Die ArthroScience GmbH wurde im Januar 2020 von Dr. Anne Meseg und Dr. Arlette Vander Pan in Berlin gegr\u00fcndet. Die Laborr\u00e4ume befinden sich im \u201eInnovationspark Wuhlheide\u201c im Stadtteil K\u00f6penick. Hier werden seit April 2020 unsere Sch\u00e4dlinge gez\u00fcchtet und Pr\u00fcfungen mit ihnen durchgef\u00fchrt.","_links":{"self":[{"href":"https:\/\/arthroscience.de\/en\/wp-json\/wp\/v2\/pages\/112","targetHints":{"allow":["GET"]}}],"collection":[{"href":"https:\/\/arthroscience.de\/en\/wp-json\/wp\/v2\/pages"}],"about":[{"href":"https:\/\/arthroscience.de\/en\/wp-json\/wp\/v2\/types\/page"}],"author":[{"embeddable":true,"href":"https:\/\/arthroscience.de\/en\/wp-json\/wp\/v2\/users\/2"}],"replies":[{"embeddable":true,"href":"https:\/\/arthroscience.de\/en\/wp-json\/wp\/v2\/comments?post=112"}],"version-history":[{"count":12,"href":"https:\/\/arthroscience.de\/en\/wp-json\/wp\/v2\/pages\/112\/revisions"}],"predecessor-version":[{"id":1029,"href":"https:\/\/arthroscience.de\/en\/wp-json\/wp\/v2\/pages\/112\/revisions\/1029"}],"wp:attachment":[{"href":"https:\/\/arthroscience.de\/en\/wp-json\/wp\/v2\/media?parent=112"}],"curies":[{"name":"wp","href":"https:\/\/api.w.org\/{rel}","templated":true}]}}