{"id":1040,"date":"2022-12-06T12:23:53","date_gmt":"2022-12-06T12:23:53","guid":{"rendered":"https:\/\/arthroscience.de\/?page_id=1040"},"modified":"2022-12-06T14:09:02","modified_gmt":"2022-12-06T14:09:02","slug":"kleidermotten","status":"publish","type":"page","link":"https:\/\/arthroscience.de\/en\/tierzuchten\/kleidermotten\/","title":{"rendered":"clothes moths"},"content":{"rendered":"<div style=\"height:200px\" aria-hidden=\"true\" class=\"wp-block-spacer\"><\/div>\n\n\n\n<h2 class=\"has-nv-dark-bg-color has-text-color wp-block-heading\">clothes moths<\/h2>\n\n\n\n<p class=\"has-neve-text-color-color has-text-color\">Clothes and fur moths are butterflies and belong to the true moth family. They are spread worldwide and have their main flight period from May to August. In heated rooms, they can be found all year round. Usually, the larvae live in bird nests or mammal dwellings. They form cocoon tubes, in which they mainly stay and feed on the keratin in animal hair (wool, fur) or feathers.<\/p>\n\n\n\n<div style=\"height:25px\" aria-hidden=\"true\" class=\"wp-block-spacer\"><\/div>\n\n\n\n<div class=\"wp-block-cover\" style=\"min-height:322px;aspect-ratio:unset;\"><span aria-hidden=\"true\" class=\"wp-block-cover__background has-neve-link-hover-color-background-color has-background-dim-40 has-background-dim\"><\/span><img loading=\"lazy\" decoding=\"async\" width=\"2560\" height=\"1707\" class=\"wp-block-cover__image-background wp-image-1041\" alt=\"\" src=\"https:\/\/arthroscience.de\/wp-content\/uploads\/2022\/12\/Tineola-bisselliella_shutterstock_1416284894_NEU-scaled.jpg\" data-object-fit=\"cover\" srcset=\"https:\/\/arthroscience.de\/wp-content\/uploads\/2022\/12\/Tineola-bisselliella_shutterstock_1416284894_NEU-scaled.jpg 2560w, https:\/\/arthroscience.de\/wp-content\/uploads\/2022\/12\/Tineola-bisselliella_shutterstock_1416284894_NEU-300x200.jpg 300w, https:\/\/arthroscience.de\/wp-content\/uploads\/2022\/12\/Tineola-bisselliella_shutterstock_1416284894_NEU-1024x683.jpg 1024w, https:\/\/arthroscience.de\/wp-content\/uploads\/2022\/12\/Tineola-bisselliella_shutterstock_1416284894_NEU-768x512.jpg 768w, https:\/\/arthroscience.de\/wp-content\/uploads\/2022\/12\/Tineola-bisselliella_shutterstock_1416284894_NEU-1536x1024.jpg 1536w, https:\/\/arthroscience.de\/wp-content\/uploads\/2022\/12\/Tineola-bisselliella_shutterstock_1416284894_NEU-2048x1366.jpg 2048w, https:\/\/arthroscience.de\/wp-content\/uploads\/2022\/12\/Tineola-bisselliella_shutterstock_1416284894_NEU-18x12.jpg 18w, https:\/\/arthroscience.de\/wp-content\/uploads\/2022\/12\/Tineola-bisselliella_shutterstock_1416284894_NEU-930x620.jpg 930w\" sizes=\"auto, (max-width: 2560px) 100vw, 2560px\" \/><div class=\"wp-block-cover__inner-container is-layout-flow wp-block-cover-is-layout-flow\">\n<p class=\"has-text-align-center has-large-font-size\"><\/p>\n<\/div><\/div>\n\n\n\n<div style=\"height:50px\" aria-hidden=\"true\" class=\"wp-block-spacer\"><\/div>\n\n\n\n<p class=\"has-neve-text-color-color has-text-color\">Neither species are vectors, but they are material pests with damage caused by larval feeding. Products made of animal tissue, such as woolen fabrics, furs, or insulation materials, become pitted or bare due to feeding damage. Plant-based material or synthetic fabrics cannot be digested by the larvae but are also eaten, especially if they are mixed fabrics. Moths spread either by active flight from one building to the next, or more commonly by carrying infested materials and objects.<\/p>\n\n\n\n<div style=\"height:25px\" aria-hidden=\"true\" class=\"wp-block-spacer\"><\/div>\n\n\n\n<h4 class=\"has-text-align-left ticss-f749a6e8 has-nv-dark-bg-color has-text-color wp-block-heading\">In our breeding, we keep sensitive strains of species <br>material pests:<\/h4>\n\n\n\n<blockquote class=\"wp-block-quote is-layout-flow wp-block-quote-is-layout-flow\">\n<p><mark style=\"background-color:rgba(0, 0, 0, 0)\" class=\"has-inline-color has-neve-text-color-color\"><strong><em>Tineola bisselliella <\/em><\/strong>(clothes moths)<\/mark><\/p>\n\n\n\n<p><strong><em>Tineola<\/em><\/strong> <strong><em>pellionella<\/em><\/strong> (fur moths)<\/p>\n<\/blockquote>\n\n\n\n<div style=\"height:100px\" aria-hidden=\"true\" class=\"wp-block-spacer\"><\/div>","protected":false},"excerpt":{"rendered":"<p>kLEIDERMOTTEN Kleider- und Pelzmotten sind Schmetterlinge und geh\u00f6ren zur Familie der echten Motten. Sie sind weltweit verbreitet und haben ihre Hauptflugzeit von Mai bis August. In beheizten R\u00e4umen k\u00f6nnen Sie das ganze Jahr \u00fcber angetroffen werden. Normalerweise leben die Larven in Vogelnestern oder Behausungen von S\u00e4ugetieren. Sie bilden Gespinstr\u00f6hren, in denen sie sich haupts\u00e4chlich aufhalten&hellip;&nbsp;<a href=\"https:\/\/arthroscience.de\/en\/tierzuchten\/kleidermotten\/\" rel=\"bookmark\">Read More &raquo;<span class=\"screen-reader-text\">clothes moths<\/span><\/a><\/p>","protected":false},"author":2,"featured_media":0,"parent":108,"menu_order":0,"comment_status":"closed","ping_status":"closed","template":"","meta":{"_uag_custom_page_level_css":"","neve_meta_sidebar":"full-width","neve_meta_container":"contained","neve_meta_enable_content_width":"on","neve_meta_content_width":100,"neve_meta_title_alignment":"","neve_meta_author_avatar":"","neve_post_elements_order":"","neve_meta_disable_header":"","neve_meta_disable_footer":"","neve_meta_disable_title":"on","_themeisle_gutenberg_block_has_review":false,"footnotes":""},"class_list":["post-1040","page","type-page","status-publish","hentry"],"yoast_head":"<!-- This site is optimized with the Yoast SEO plugin v27.4 - https:\/\/yoast.com\/product\/yoast-seo-wordpress\/ -->\n<title>Kleidermotten - ArthroScience<\/title>\n<meta name=\"robots\" content=\"index, follow, max-snippet:-1, max-image-preview:large, max-video-preview:-1\" \/>\n<link rel=\"canonical\" href=\"https:\/\/arthroscience.de\/en\/tierzuchten\/kleidermotten\/\" \/>\n<meta property=\"og:locale\" content=\"en_GB\" \/>\n<meta property=\"og:type\" content=\"article\" \/>\n<meta property=\"og:title\" content=\"Kleidermotten - ArthroScience\" \/>\n<meta property=\"og:description\" content=\"kLEIDERMOTTEN Kleider- und Pelzmotten sind Schmetterlinge und geh\u00f6ren zur Familie der echten Motten. Sie sind weltweit verbreitet und haben ihre Hauptflugzeit von Mai bis August. In beheizten R\u00e4umen k\u00f6nnen Sie das ganze Jahr \u00fcber angetroffen werden. Normalerweise leben die Larven in Vogelnestern oder Behausungen von S\u00e4ugetieren. Sie bilden Gespinstr\u00f6hren, in denen sie sich haupts\u00e4chlich aufhalten&hellip;&nbsp;Read More &raquo;Kleidermotten\" \/>\n<meta property=\"og:url\" content=\"https:\/\/arthroscience.de\/en\/tierzuchten\/kleidermotten\/\" \/>\n<meta property=\"og:site_name\" content=\"ArthroScience\" \/>\n<meta property=\"article:modified_time\" content=\"2022-12-06T14:09:02+00:00\" \/>\n<meta property=\"og:image\" content=\"https:\/\/arthroscience.de\/wp-content\/uploads\/2022\/12\/Tineola-bisselliella_shutterstock_1416284894_NEU-scaled.jpg\" \/>\n<meta name=\"twitter:card\" content=\"summary_large_image\" \/>\n<meta name=\"twitter:label1\" content=\"Estimated reading time\" \/>\n\t<meta name=\"twitter:data1\" content=\"2 minutes\" \/>\n<script type=\"application\/ld+json\" class=\"yoast-schema-graph\">{\"@context\":\"https:\\\/\\\/schema.org\",\"@graph\":[{\"@type\":\"WebPage\",\"@id\":\"https:\\\/\\\/arthroscience.de\\\/tierzuchten\\\/kleidermotten\\\/\",\"url\":\"https:\\\/\\\/arthroscience.de\\\/tierzuchten\\\/kleidermotten\\\/\",\"name\":\"Kleidermotten - ArthroScience\",\"isPartOf\":{\"@id\":\"https:\\\/\\\/arthroscience.de\\\/#website\"},\"primaryImageOfPage\":{\"@id\":\"https:\\\/\\\/arthroscience.de\\\/tierzuchten\\\/kleidermotten\\\/#primaryimage\"},\"image\":{\"@id\":\"https:\\\/\\\/arthroscience.de\\\/tierzuchten\\\/kleidermotten\\\/#primaryimage\"},\"thumbnailUrl\":\"https:\\\/\\\/arthroscience.de\\\/wp-content\\\/uploads\\\/2022\\\/12\\\/Tineola-bisselliella_shutterstock_1416284894_NEU-scaled.jpg\",\"datePublished\":\"2022-12-06T12:23:53+00:00\",\"dateModified\":\"2022-12-06T14:09:02+00:00\",\"breadcrumb\":{\"@id\":\"https:\\\/\\\/arthroscience.de\\\/tierzuchten\\\/kleidermotten\\\/#breadcrumb\"},\"inLanguage\":\"en-GB\",\"potentialAction\":[{\"@type\":\"ReadAction\",\"target\":[\"https:\\\/\\\/arthroscience.de\\\/tierzuchten\\\/kleidermotten\\\/\"]}]},{\"@type\":\"ImageObject\",\"inLanguage\":\"en-GB\",\"@id\":\"https:\\\/\\\/arthroscience.de\\\/tierzuchten\\\/kleidermotten\\\/#primaryimage\",\"url\":\"https:\\\/\\\/arthroscience.de\\\/wp-content\\\/uploads\\\/2022\\\/12\\\/Tineola-bisselliella_shutterstock_1416284894_NEU-scaled.jpg\",\"contentUrl\":\"https:\\\/\\\/arthroscience.de\\\/wp-content\\\/uploads\\\/2022\\\/12\\\/Tineola-bisselliella_shutterstock_1416284894_NEU-scaled.jpg\"},{\"@type\":\"BreadcrumbList\",\"@id\":\"https:\\\/\\\/arthroscience.de\\\/tierzuchten\\\/kleidermotten\\\/#breadcrumb\",\"itemListElement\":[{\"@type\":\"ListItem\",\"position\":1,\"name\":\"Startseite\",\"item\":\"https:\\\/\\\/arthroscience.de\\\/\"},{\"@type\":\"ListItem\",\"position\":2,\"name\":\"Tierzuchten\",\"item\":\"https:\\\/\\\/arthroscience.de\\\/tierzuchten\\\/\"},{\"@type\":\"ListItem\",\"position\":3,\"name\":\"Kleidermotten\"}]},{\"@type\":\"WebSite\",\"@id\":\"https:\\\/\\\/arthroscience.de\\\/#website\",\"url\":\"https:\\\/\\\/arthroscience.de\\\/\",\"name\":\"ArthroScience\",\"description\":\"Biozidzulassung, Beratung, Forschung und Entwicklung\",\"publisher\":{\"@id\":\"https:\\\/\\\/arthroscience.de\\\/#organization\"},\"potentialAction\":[{\"@type\":\"SearchAction\",\"target\":{\"@type\":\"EntryPoint\",\"urlTemplate\":\"https:\\\/\\\/arthroscience.de\\\/?s={search_term_string}\"},\"query-input\":{\"@type\":\"PropertyValueSpecification\",\"valueRequired\":true,\"valueName\":\"search_term_string\"}}],\"inLanguage\":\"en-GB\"},{\"@type\":\"Organization\",\"@id\":\"https:\\\/\\\/arthroscience.de\\\/#organization\",\"name\":\"Arthroscience\",\"alternateName\":\"DIE EXPERTEN F\u00dcR DIE PR\u00dcFUNG VON BIOZIDEN UND BIOZIDFREIEN PRODUKTEN ZUR BEK\u00c4MPFUNG VON ARTHROPODEN.\",\"url\":\"https:\\\/\\\/arthroscience.de\\\/\",\"logo\":{\"@type\":\"ImageObject\",\"inLanguage\":\"en-GB\",\"@id\":\"https:\\\/\\\/arthroscience.de\\\/#\\\/schema\\\/logo\\\/image\\\/\",\"url\":\"https:\\\/\\\/arthroscience.de\\\/wp-content\\\/uploads\\\/2020\\\/08\\\/arthrosience-logo.png\",\"contentUrl\":\"https:\\\/\\\/arthroscience.de\\\/wp-content\\\/uploads\\\/2020\\\/08\\\/arthrosience-logo.png\",\"width\":1354,\"height\":1337,\"caption\":\"Arthroscience\"},\"image\":{\"@id\":\"https:\\\/\\\/arthroscience.de\\\/#\\\/schema\\\/logo\\\/image\\\/\"}}]}<\/script>\n<!-- \/ Yoast SEO plugin. -->","yoast_head_json":{"title":"Kleidermotten - ArthroScience","robots":{"index":"index","follow":"follow","max-snippet":"max-snippet:-1","max-image-preview":"max-image-preview:large","max-video-preview":"max-video-preview:-1"},"canonical":"https:\/\/arthroscience.de\/en\/tierzuchten\/kleidermotten\/","og_locale":"en_GB","og_type":"article","og_title":"Kleidermotten - ArthroScience","og_description":"kLEIDERMOTTEN Kleider- und Pelzmotten sind Schmetterlinge und geh\u00f6ren zur Familie der echten Motten. Sie sind weltweit verbreitet und haben ihre Hauptflugzeit von Mai bis August. In beheizten R\u00e4umen k\u00f6nnen Sie das ganze Jahr \u00fcber angetroffen werden. Normalerweise leben die Larven in Vogelnestern oder Behausungen von S\u00e4ugetieren. Sie bilden Gespinstr\u00f6hren, in denen sie sich haupts\u00e4chlich aufhalten&hellip;&nbsp;Read More &raquo;Kleidermotten","og_url":"https:\/\/arthroscience.de\/en\/tierzuchten\/kleidermotten\/","og_site_name":"ArthroScience","article_modified_time":"2022-12-06T14:09:02+00:00","og_image":[{"url":"https:\/\/arthroscience.de\/wp-content\/uploads\/2022\/12\/Tineola-bisselliella_shutterstock_1416284894_NEU-scaled.jpg","type":"","width":"","height":""}],"twitter_card":"summary_large_image","twitter_misc":{"Estimated reading time":"2 minutes"},"schema":{"@context":"https:\/\/schema.org","@graph":[{"@type":"WebPage","@id":"https:\/\/arthroscience.de\/tierzuchten\/kleidermotten\/","url":"https:\/\/arthroscience.de\/tierzuchten\/kleidermotten\/","name":"Kleidermotten - ArthroScience","isPartOf":{"@id":"https:\/\/arthroscience.de\/#website"},"primaryImageOfPage":{"@id":"https:\/\/arthroscience.de\/tierzuchten\/kleidermotten\/#primaryimage"},"image":{"@id":"https:\/\/arthroscience.de\/tierzuchten\/kleidermotten\/#primaryimage"},"thumbnailUrl":"https:\/\/arthroscience.de\/wp-content\/uploads\/2022\/12\/Tineola-bisselliella_shutterstock_1416284894_NEU-scaled.jpg","datePublished":"2022-12-06T12:23:53+00:00","dateModified":"2022-12-06T14:09:02+00:00","breadcrumb":{"@id":"https:\/\/arthroscience.de\/tierzuchten\/kleidermotten\/#breadcrumb"},"inLanguage":"en-GB","potentialAction":[{"@type":"ReadAction","target":["https:\/\/arthroscience.de\/tierzuchten\/kleidermotten\/"]}]},{"@type":"ImageObject","inLanguage":"en-GB","@id":"https:\/\/arthroscience.de\/tierzuchten\/kleidermotten\/#primaryimage","url":"https:\/\/arthroscience.de\/wp-content\/uploads\/2022\/12\/Tineola-bisselliella_shutterstock_1416284894_NEU-scaled.jpg","contentUrl":"https:\/\/arthroscience.de\/wp-content\/uploads\/2022\/12\/Tineola-bisselliella_shutterstock_1416284894_NEU-scaled.jpg"},{"@type":"BreadcrumbList","@id":"https:\/\/arthroscience.de\/tierzuchten\/kleidermotten\/#breadcrumb","itemListElement":[{"@type":"ListItem","position":1,"name":"Startseite","item":"https:\/\/arthroscience.de\/"},{"@type":"ListItem","position":2,"name":"Tierzuchten","item":"https:\/\/arthroscience.de\/tierzuchten\/"},{"@type":"ListItem","position":3,"name":"Kleidermotten"}]},{"@type":"WebSite","@id":"https:\/\/arthroscience.de\/#website","url":"https:\/\/arthroscience.de\/","name":"ArthroScience","description":"Biozidzulassung, Beratung, Forschung und Entwicklung","publisher":{"@id":"https:\/\/arthroscience.de\/#organization"},"potentialAction":[{"@type":"SearchAction","target":{"@type":"EntryPoint","urlTemplate":"https:\/\/arthroscience.de\/?s={search_term_string}"},"query-input":{"@type":"PropertyValueSpecification","valueRequired":true,"valueName":"search_term_string"}}],"inLanguage":"en-GB"},{"@type":"Organization","@id":"https:\/\/arthroscience.de\/#organization","name":"Arthroscience","alternateName":"DIE EXPERTEN F\u00dcR DIE PR\u00dcFUNG VON BIOZIDEN UND BIOZIDFREIEN PRODUKTEN ZUR BEK\u00c4MPFUNG VON ARTHROPODEN.","url":"https:\/\/arthroscience.de\/","logo":{"@type":"ImageObject","inLanguage":"en-GB","@id":"https:\/\/arthroscience.de\/#\/schema\/logo\/image\/","url":"https:\/\/arthroscience.de\/wp-content\/uploads\/2020\/08\/arthrosience-logo.png","contentUrl":"https:\/\/arthroscience.de\/wp-content\/uploads\/2020\/08\/arthrosience-logo.png","width":1354,"height":1337,"caption":"Arthroscience"},"image":{"@id":"https:\/\/arthroscience.de\/#\/schema\/logo\/image\/"}}]}},"uagb_featured_image_src":{"full":false,"thumbnail":false,"medium":false,"medium_large":false,"large":false,"1536x1536":false,"2048x2048":false,"trp-custom-language-flag":false,"neve-blog":false},"uagb_author_info":{"display_name":"Anne Meseg","author_link":"https:\/\/arthroscience.de\/en\/author\/anne\/"},"uagb_comment_info":0,"uagb_excerpt":"kLEIDERMOTTEN Kleider- und Pelzmotten sind Schmetterlinge und geh\u00f6ren zur Familie der echten Motten. Sie sind weltweit verbreitet und haben ihre Hauptflugzeit von Mai bis August. In beheizten R\u00e4umen k\u00f6nnen Sie das ganze Jahr \u00fcber angetroffen werden. Normalerweise leben die Larven in Vogelnestern oder Behausungen von S\u00e4ugetieren. Sie bilden Gespinstr\u00f6hren, in denen sie sich haupts\u00e4chlich aufhalten&hellip;&nbsp;Read&hellip;","_links":{"self":[{"href":"https:\/\/arthroscience.de\/en\/wp-json\/wp\/v2\/pages\/1040","targetHints":{"allow":["GET"]}}],"collection":[{"href":"https:\/\/arthroscience.de\/en\/wp-json\/wp\/v2\/pages"}],"about":[{"href":"https:\/\/arthroscience.de\/en\/wp-json\/wp\/v2\/types\/page"}],"author":[{"embeddable":true,"href":"https:\/\/arthroscience.de\/en\/wp-json\/wp\/v2\/users\/2"}],"replies":[{"embeddable":true,"href":"https:\/\/arthroscience.de\/en\/wp-json\/wp\/v2\/comments?post=1040"}],"version-history":[{"count":3,"href":"https:\/\/arthroscience.de\/en\/wp-json\/wp\/v2\/pages\/1040\/revisions"}],"predecessor-version":[{"id":1045,"href":"https:\/\/arthroscience.de\/en\/wp-json\/wp\/v2\/pages\/1040\/revisions\/1045"}],"up":[{"embeddable":true,"href":"https:\/\/arthroscience.de\/en\/wp-json\/wp\/v2\/pages\/108"}],"wp:attachment":[{"href":"https:\/\/arthroscience.de\/en\/wp-json\/wp\/v2\/media?parent=1040"}],"curies":[{"name":"wp","href":"https:\/\/api.w.org\/{rel}","templated":true}]}}