{"id":1019,"date":"2022-12-06T19:51:42","date_gmt":"2022-12-06T19:51:42","guid":{"rendered":"http:\/\/arthroscience.de\/?page_id=1019"},"modified":"2022-12-07T19:55:51","modified_gmt":"2022-12-07T19:55:51","slug":"muecken-2","status":"publish","type":"page","link":"https:\/\/arthroscience.de\/en\/tierzuchten\/muecken-2\/","title":{"rendered":"mosquitoes"},"content":{"rendered":"<div style=\"height:200px\" aria-hidden=\"true\" class=\"wp-block-spacer\"><\/div>\n\n\n\n<h1 class=\"has-nv-dark-bg-color has-text-color wp-block-heading\">mosquitoes<\/h1>\n\n\n\n<p class=\"has-neve-text-color-color has-text-color\">Insects from the family of mosquitoes belong to the order Diptera. They are distributed worldwide. Because their reproduction and development are tied to water, adults occur primarily in wetter areas or near standing water. Males and females have piercing and sucking mouthparts and feed on plant juices. For egg production, females additionally suck blood. Depending on the species, eggs are laid either directly on the water surface or in floodplains at potentially flooded areas. The eggs hatch into aquatic larvae, which filter plankton and organic matter from the water as food. After four larval stages, the larva pupates. It remains mobile in the water but no longer eats.<\/p>\n\n\n\n<div style=\"height:25px\" aria-hidden=\"true\" class=\"wp-block-spacer\"><\/div>\n\n\n\n<div class=\"wp-block-cover is-light\" style=\"min-height:322px;aspect-ratio:unset;\"><span aria-hidden=\"true\" class=\"wp-block-cover__background has-neve-link-hover-color-background-color has-background-dim-40 has-background-dim\"><\/span><img loading=\"lazy\" decoding=\"async\" width=\"2560\" height=\"1700\" class=\"wp-block-cover__image-background wp-image-1048\" alt=\"\" src=\"https:\/\/arthroscience.de\/wp-content\/uploads\/2022\/12\/Culex-pipiens_shutterstock_434751073_NEU-scaled.jpg\" style=\"object-position:55% 43%\" data-object-fit=\"cover\" data-object-position=\"55% 43%\" srcset=\"https:\/\/arthroscience.de\/wp-content\/uploads\/2022\/12\/Culex-pipiens_shutterstock_434751073_NEU-scaled.jpg 2560w, https:\/\/arthroscience.de\/wp-content\/uploads\/2022\/12\/Culex-pipiens_shutterstock_434751073_NEU-300x199.jpg 300w, https:\/\/arthroscience.de\/wp-content\/uploads\/2022\/12\/Culex-pipiens_shutterstock_434751073_NEU-1024x680.jpg 1024w, https:\/\/arthroscience.de\/wp-content\/uploads\/2022\/12\/Culex-pipiens_shutterstock_434751073_NEU-768x510.jpg 768w, https:\/\/arthroscience.de\/wp-content\/uploads\/2022\/12\/Culex-pipiens_shutterstock_434751073_NEU-1536x1020.jpg 1536w, https:\/\/arthroscience.de\/wp-content\/uploads\/2022\/12\/Culex-pipiens_shutterstock_434751073_NEU-2048x1360.jpg 2048w, https:\/\/arthroscience.de\/wp-content\/uploads\/2022\/12\/Culex-pipiens_shutterstock_434751073_NEU-18x12.jpg 18w\" sizes=\"auto, (max-width: 2560px) 100vw, 2560px\" \/><div class=\"wp-block-cover__inner-container is-layout-flow wp-block-cover-is-layout-flow\">\n<p class=\"has-text-align-center has-large-font-size\"><\/p>\n<\/div><\/div>\n\n\n\n<div style=\"height:50px\" aria-hidden=\"true\" class=\"wp-block-spacer\"><\/div>\n\n\n\n<p class=\"has-neve-text-color-color has-text-color\">Female mosquitoes are potential vectors and can transmit pathogens under certain conditions. If pathogens are ingested from an infected host, they must be able to multiply in the mosquito and then enter the salivary glands to be transmitted in the next bite.<\/p>\n\n\n\n<div style=\"height:25px\" aria-hidden=\"true\" class=\"wp-block-spacer\"><\/div>\n\n\n\n<h4 class=\"has-text-align-left ticss-f749a6e8 has-nv-dark-bg-color has-text-color wp-block-heading\">In our breeding, we keep sensitive strains of species <br>that is relevant as health pest:<\/h4>\n\n\n\n<blockquote class=\"wp-block-quote is-layout-flow wp-block-quote-is-layout-flow\">\n<p><mark style=\"background-color:rgba(0, 0, 0, 0)\" class=\"has-inline-color has-neve-text-color-color\"><strong><em>Culex pipiens molestus <\/em><\/strong>(common house mosquito)<\/mark><\/p>\n\n\n\n<p><\/p>\n<\/blockquote>\n\n\n\n<div style=\"height:100px\" aria-hidden=\"true\" class=\"wp-block-spacer\"><\/div>","protected":false},"excerpt":{"rendered":"<p>M\u00dcCKEN Insekten aus der Familie der Stechm\u00fccken geh\u00f6ren zur Ordnung der Zweifl\u00fcgler. Sie sind weltweit verbreitet. Da ihre Fortpflanzung und Entwicklung an Wasser gebunden ist, treten die adulten Tiere vor allem in feuchteren Gebieten oder an stehenden Gew\u00e4ssern auf. M\u00e4nnchen und Weibchen haben stechend-saugende Mundwerkzeuge und ern\u00e4hren sich von Pflanzens\u00e4ften. F\u00fcr die Eiproduktion saugen die&hellip;&nbsp;<a href=\"https:\/\/arthroscience.de\/en\/tierzuchten\/muecken-2\/\" rel=\"bookmark\">Read More &raquo;<span class=\"screen-reader-text\">mosquitoes<\/span><\/a><\/p>","protected":false},"author":2,"featured_media":0,"parent":108,"menu_order":0,"comment_status":"closed","ping_status":"closed","template":"","meta":{"_uag_custom_page_level_css":"","neve_meta_sidebar":"full-width","neve_meta_container":"contained","neve_meta_enable_content_width":"on","neve_meta_content_width":100,"neve_meta_title_alignment":"","neve_meta_author_avatar":"","neve_post_elements_order":"","neve_meta_disable_header":"","neve_meta_disable_footer":"","neve_meta_disable_title":"on","_themeisle_gutenberg_block_has_review":false,"footnotes":""},"class_list":["post-1019","page","type-page","status-publish","hentry"],"yoast_head":"<!-- This site is optimized with the Yoast SEO plugin v27.4 - https:\/\/yoast.com\/product\/yoast-seo-wordpress\/ -->\n<title>M\u00fccken - ArthroScience<\/title>\n<meta name=\"robots\" content=\"index, follow, max-snippet:-1, max-image-preview:large, max-video-preview:-1\" \/>\n<link rel=\"canonical\" href=\"https:\/\/arthroscience.de\/en\/tierzuchten\/muecken-2\/\" \/>\n<meta property=\"og:locale\" content=\"en_GB\" \/>\n<meta property=\"og:type\" content=\"article\" \/>\n<meta property=\"og:title\" content=\"M\u00fccken - ArthroScience\" \/>\n<meta property=\"og:description\" content=\"M\u00dcCKEN Insekten aus der Familie der Stechm\u00fccken geh\u00f6ren zur Ordnung der Zweifl\u00fcgler. Sie sind weltweit verbreitet. Da ihre Fortpflanzung und Entwicklung an Wasser gebunden ist, treten die adulten Tiere vor allem in feuchteren Gebieten oder an stehenden Gew\u00e4ssern auf. M\u00e4nnchen und Weibchen haben stechend-saugende Mundwerkzeuge und ern\u00e4hren sich von Pflanzens\u00e4ften. F\u00fcr die Eiproduktion saugen die&hellip;&nbsp;Read More &raquo;M\u00fccken\" \/>\n<meta property=\"og:url\" content=\"https:\/\/arthroscience.de\/en\/tierzuchten\/muecken-2\/\" \/>\n<meta property=\"og:site_name\" content=\"ArthroScience\" \/>\n<meta property=\"article:modified_time\" content=\"2022-12-07T19:55:51+00:00\" \/>\n<meta property=\"og:image\" content=\"https:\/\/arthroscience.de\/wp-content\/uploads\/2022\/12\/Culex-pipiens_shutterstock_434751073_NEU-scaled.jpg\" \/>\n<meta name=\"twitter:card\" content=\"summary_large_image\" \/>\n<meta name=\"twitter:label1\" content=\"Estimated reading time\" \/>\n\t<meta name=\"twitter:data1\" content=\"2 minutes\" \/>\n<script type=\"application\/ld+json\" class=\"yoast-schema-graph\">{\"@context\":\"https:\\\/\\\/schema.org\",\"@graph\":[{\"@type\":\"WebPage\",\"@id\":\"https:\\\/\\\/arthroscience.de\\\/tierzuchten\\\/muecken-2\\\/\",\"url\":\"https:\\\/\\\/arthroscience.de\\\/tierzuchten\\\/muecken-2\\\/\",\"name\":\"M\u00fccken - ArthroScience\",\"isPartOf\":{\"@id\":\"https:\\\/\\\/arthroscience.de\\\/#website\"},\"primaryImageOfPage\":{\"@id\":\"https:\\\/\\\/arthroscience.de\\\/tierzuchten\\\/muecken-2\\\/#primaryimage\"},\"image\":{\"@id\":\"https:\\\/\\\/arthroscience.de\\\/tierzuchten\\\/muecken-2\\\/#primaryimage\"},\"thumbnailUrl\":\"https:\\\/\\\/arthroscience.de\\\/wp-content\\\/uploads\\\/2022\\\/12\\\/Culex-pipiens_shutterstock_434751073_NEU-scaled.jpg\",\"datePublished\":\"2022-12-06T19:51:42+00:00\",\"dateModified\":\"2022-12-07T19:55:51+00:00\",\"breadcrumb\":{\"@id\":\"https:\\\/\\\/arthroscience.de\\\/tierzuchten\\\/muecken-2\\\/#breadcrumb\"},\"inLanguage\":\"en-GB\",\"potentialAction\":[{\"@type\":\"ReadAction\",\"target\":[\"https:\\\/\\\/arthroscience.de\\\/tierzuchten\\\/muecken-2\\\/\"]}]},{\"@type\":\"ImageObject\",\"inLanguage\":\"en-GB\",\"@id\":\"https:\\\/\\\/arthroscience.de\\\/tierzuchten\\\/muecken-2\\\/#primaryimage\",\"url\":\"https:\\\/\\\/arthroscience.de\\\/wp-content\\\/uploads\\\/2022\\\/12\\\/Culex-pipiens_shutterstock_434751073_NEU-scaled.jpg\",\"contentUrl\":\"https:\\\/\\\/arthroscience.de\\\/wp-content\\\/uploads\\\/2022\\\/12\\\/Culex-pipiens_shutterstock_434751073_NEU-scaled.jpg\"},{\"@type\":\"BreadcrumbList\",\"@id\":\"https:\\\/\\\/arthroscience.de\\\/tierzuchten\\\/muecken-2\\\/#breadcrumb\",\"itemListElement\":[{\"@type\":\"ListItem\",\"position\":1,\"name\":\"Startseite\",\"item\":\"https:\\\/\\\/arthroscience.de\\\/\"},{\"@type\":\"ListItem\",\"position\":2,\"name\":\"Tierzuchten\",\"item\":\"https:\\\/\\\/arthroscience.de\\\/tierzuchten\\\/\"},{\"@type\":\"ListItem\",\"position\":3,\"name\":\"M\u00fccken\"}]},{\"@type\":\"WebSite\",\"@id\":\"https:\\\/\\\/arthroscience.de\\\/#website\",\"url\":\"https:\\\/\\\/arthroscience.de\\\/\",\"name\":\"ArthroScience\",\"description\":\"Biozidzulassung, Beratung, Forschung und Entwicklung\",\"publisher\":{\"@id\":\"https:\\\/\\\/arthroscience.de\\\/#organization\"},\"potentialAction\":[{\"@type\":\"SearchAction\",\"target\":{\"@type\":\"EntryPoint\",\"urlTemplate\":\"https:\\\/\\\/arthroscience.de\\\/?s={search_term_string}\"},\"query-input\":{\"@type\":\"PropertyValueSpecification\",\"valueRequired\":true,\"valueName\":\"search_term_string\"}}],\"inLanguage\":\"en-GB\"},{\"@type\":\"Organization\",\"@id\":\"https:\\\/\\\/arthroscience.de\\\/#organization\",\"name\":\"Arthroscience\",\"alternateName\":\"DIE EXPERTEN F\u00dcR DIE PR\u00dcFUNG VON BIOZIDEN UND BIOZIDFREIEN PRODUKTEN ZUR BEK\u00c4MPFUNG VON ARTHROPODEN.\",\"url\":\"https:\\\/\\\/arthroscience.de\\\/\",\"logo\":{\"@type\":\"ImageObject\",\"inLanguage\":\"en-GB\",\"@id\":\"https:\\\/\\\/arthroscience.de\\\/#\\\/schema\\\/logo\\\/image\\\/\",\"url\":\"https:\\\/\\\/arthroscience.de\\\/wp-content\\\/uploads\\\/2020\\\/08\\\/arthrosience-logo.png\",\"contentUrl\":\"https:\\\/\\\/arthroscience.de\\\/wp-content\\\/uploads\\\/2020\\\/08\\\/arthrosience-logo.png\",\"width\":1354,\"height\":1337,\"caption\":\"Arthroscience\"},\"image\":{\"@id\":\"https:\\\/\\\/arthroscience.de\\\/#\\\/schema\\\/logo\\\/image\\\/\"}}]}<\/script>\n<!-- \/ Yoast SEO plugin. -->","yoast_head_json":{"title":"M\u00fccken - ArthroScience","robots":{"index":"index","follow":"follow","max-snippet":"max-snippet:-1","max-image-preview":"max-image-preview:large","max-video-preview":"max-video-preview:-1"},"canonical":"https:\/\/arthroscience.de\/en\/tierzuchten\/muecken-2\/","og_locale":"en_GB","og_type":"article","og_title":"M\u00fccken - ArthroScience","og_description":"M\u00dcCKEN Insekten aus der Familie der Stechm\u00fccken geh\u00f6ren zur Ordnung der Zweifl\u00fcgler. Sie sind weltweit verbreitet. Da ihre Fortpflanzung und Entwicklung an Wasser gebunden ist, treten die adulten Tiere vor allem in feuchteren Gebieten oder an stehenden Gew\u00e4ssern auf. M\u00e4nnchen und Weibchen haben stechend-saugende Mundwerkzeuge und ern\u00e4hren sich von Pflanzens\u00e4ften. F\u00fcr die Eiproduktion saugen die&hellip;&nbsp;Read More &raquo;M\u00fccken","og_url":"https:\/\/arthroscience.de\/en\/tierzuchten\/muecken-2\/","og_site_name":"ArthroScience","article_modified_time":"2022-12-07T19:55:51+00:00","og_image":[{"url":"https:\/\/arthroscience.de\/wp-content\/uploads\/2022\/12\/Culex-pipiens_shutterstock_434751073_NEU-scaled.jpg","type":"","width":"","height":""}],"twitter_card":"summary_large_image","twitter_misc":{"Estimated reading time":"2 minutes"},"schema":{"@context":"https:\/\/schema.org","@graph":[{"@type":"WebPage","@id":"https:\/\/arthroscience.de\/tierzuchten\/muecken-2\/","url":"https:\/\/arthroscience.de\/tierzuchten\/muecken-2\/","name":"M\u00fccken - ArthroScience","isPartOf":{"@id":"https:\/\/arthroscience.de\/#website"},"primaryImageOfPage":{"@id":"https:\/\/arthroscience.de\/tierzuchten\/muecken-2\/#primaryimage"},"image":{"@id":"https:\/\/arthroscience.de\/tierzuchten\/muecken-2\/#primaryimage"},"thumbnailUrl":"https:\/\/arthroscience.de\/wp-content\/uploads\/2022\/12\/Culex-pipiens_shutterstock_434751073_NEU-scaled.jpg","datePublished":"2022-12-06T19:51:42+00:00","dateModified":"2022-12-07T19:55:51+00:00","breadcrumb":{"@id":"https:\/\/arthroscience.de\/tierzuchten\/muecken-2\/#breadcrumb"},"inLanguage":"en-GB","potentialAction":[{"@type":"ReadAction","target":["https:\/\/arthroscience.de\/tierzuchten\/muecken-2\/"]}]},{"@type":"ImageObject","inLanguage":"en-GB","@id":"https:\/\/arthroscience.de\/tierzuchten\/muecken-2\/#primaryimage","url":"https:\/\/arthroscience.de\/wp-content\/uploads\/2022\/12\/Culex-pipiens_shutterstock_434751073_NEU-scaled.jpg","contentUrl":"https:\/\/arthroscience.de\/wp-content\/uploads\/2022\/12\/Culex-pipiens_shutterstock_434751073_NEU-scaled.jpg"},{"@type":"BreadcrumbList","@id":"https:\/\/arthroscience.de\/tierzuchten\/muecken-2\/#breadcrumb","itemListElement":[{"@type":"ListItem","position":1,"name":"Startseite","item":"https:\/\/arthroscience.de\/"},{"@type":"ListItem","position":2,"name":"Tierzuchten","item":"https:\/\/arthroscience.de\/tierzuchten\/"},{"@type":"ListItem","position":3,"name":"M\u00fccken"}]},{"@type":"WebSite","@id":"https:\/\/arthroscience.de\/#website","url":"https:\/\/arthroscience.de\/","name":"ArthroScience","description":"Biozidzulassung, Beratung, Forschung und Entwicklung","publisher":{"@id":"https:\/\/arthroscience.de\/#organization"},"potentialAction":[{"@type":"SearchAction","target":{"@type":"EntryPoint","urlTemplate":"https:\/\/arthroscience.de\/?s={search_term_string}"},"query-input":{"@type":"PropertyValueSpecification","valueRequired":true,"valueName":"search_term_string"}}],"inLanguage":"en-GB"},{"@type":"Organization","@id":"https:\/\/arthroscience.de\/#organization","name":"Arthroscience","alternateName":"DIE EXPERTEN F\u00dcR DIE PR\u00dcFUNG VON BIOZIDEN UND BIOZIDFREIEN PRODUKTEN ZUR BEK\u00c4MPFUNG VON ARTHROPODEN.","url":"https:\/\/arthroscience.de\/","logo":{"@type":"ImageObject","inLanguage":"en-GB","@id":"https:\/\/arthroscience.de\/#\/schema\/logo\/image\/","url":"https:\/\/arthroscience.de\/wp-content\/uploads\/2020\/08\/arthrosience-logo.png","contentUrl":"https:\/\/arthroscience.de\/wp-content\/uploads\/2020\/08\/arthrosience-logo.png","width":1354,"height":1337,"caption":"Arthroscience"},"image":{"@id":"https:\/\/arthroscience.de\/#\/schema\/logo\/image\/"}}]}},"uagb_featured_image_src":{"full":false,"thumbnail":false,"medium":false,"medium_large":false,"large":false,"1536x1536":false,"2048x2048":false,"trp-custom-language-flag":false,"neve-blog":false},"uagb_author_info":{"display_name":"Anne Meseg","author_link":"https:\/\/arthroscience.de\/en\/author\/anne\/"},"uagb_comment_info":0,"uagb_excerpt":"M\u00dcCKEN Insekten aus der Familie der Stechm\u00fccken geh\u00f6ren zur Ordnung der Zweifl\u00fcgler. Sie sind weltweit verbreitet. Da ihre Fortpflanzung und Entwicklung an Wasser gebunden ist, treten die adulten Tiere vor allem in feuchteren Gebieten oder an stehenden Gew\u00e4ssern auf. M\u00e4nnchen und Weibchen haben stechend-saugende Mundwerkzeuge und ern\u00e4hren sich von Pflanzens\u00e4ften. F\u00fcr die Eiproduktion saugen die&hellip;&nbsp;Read&hellip;","_links":{"self":[{"href":"https:\/\/arthroscience.de\/en\/wp-json\/wp\/v2\/pages\/1019","targetHints":{"allow":["GET"]}}],"collection":[{"href":"https:\/\/arthroscience.de\/en\/wp-json\/wp\/v2\/pages"}],"about":[{"href":"https:\/\/arthroscience.de\/en\/wp-json\/wp\/v2\/types\/page"}],"author":[{"embeddable":true,"href":"https:\/\/arthroscience.de\/en\/wp-json\/wp\/v2\/users\/2"}],"replies":[{"embeddable":true,"href":"https:\/\/arthroscience.de\/en\/wp-json\/wp\/v2\/comments?post=1019"}],"version-history":[{"count":5,"href":"https:\/\/arthroscience.de\/en\/wp-json\/wp\/v2\/pages\/1019\/revisions"}],"predecessor-version":[{"id":1062,"href":"https:\/\/arthroscience.de\/en\/wp-json\/wp\/v2\/pages\/1019\/revisions\/1062"}],"up":[{"embeddable":true,"href":"https:\/\/arthroscience.de\/en\/wp-json\/wp\/v2\/pages\/108"}],"wp:attachment":[{"href":"https:\/\/arthroscience.de\/en\/wp-json\/wp\/v2\/media?parent=1019"}],"curies":[{"name":"wp","href":"https:\/\/api.w.org\/{rel}","templated":true}]}}