{"id":237,"date":"2020-09-08T21:30:21","date_gmt":"2020-09-08T21:30:21","guid":{"rendered":"http:\/\/arthroscience.de\/?page_id=237"},"modified":"2025-10-13T20:16:42","modified_gmt":"2025-10-13T20:16:42","slug":"publications","status":"publish","type":"page","link":"https:\/\/arthroscience.de\/de\/ueber-uns\/publications\/","title":{"rendered":"Ver\u00f6ffentlichungen"},"content":{"rendered":"\n<div style=\"height:200px\" aria-hidden=\"true\" class=\"wp-block-spacer\"><\/div>\n\n\n\n<h2 class=\"wp-block-heading\">\u00d6ffentlichkeitsarbeit<\/h2>\n\n\n\n<p><strong>Arlette Vander Pan<\/strong> und Carola Kuhn, Flyer: Bettwanzen \u2013 Erkennen, Vorbeugen, Bek\u00e4mpfen, 2017. <a href=\"https:\/\/www.umweltbundesamt.de\/sites\/default\/files\/medien\/1410\/publikationen\/171013_uba_rg_bettwanzen_bf.pdf\" target=\"_blank\" rel=\"noreferrer noopener\">https:\/\/www.umweltbundesamt.de\/sites\/default\/files\/medien\/1410\/publikationen\/171013_uba_rg_bettwanzen_bf.pdf<\/a><\/p>\n\n\n\n<p><strong>Anne Meseg (Kr\u00fcger) und Arlette Vander Pan<\/strong>, Flyer: Bettwanzen wandern mit!, 2019. <a href=\"https:\/\/www.umweltbundesamt.de\/sites\/default\/files\/medien\/1410\/publikationen\/uba_flyer_bettwanzen_screen_einzelseiten.pdf\" target=\"_blank\" rel=\"noreferrer noopener\">https:\/\/www.umweltbundesamt.de\/sites\/default\/files\/medien\/1410\/publikationen\/uba_flyer_bettwanzen_screen_einzelseiten.pdf<\/a><\/p>\n\n\n\n<p><strong>Anne Meseg (Kr\u00fcger) und Arlette Vander Pan<\/strong>, Ratgeber: Bettwanzen: Empfehlungen f\u00fcr H\u00fcttenwirtsleute, 2019. <a href=\"https:\/\/www.umweltbundesamt.de\/sites\/default\/files\/medien\/3521\/publikationen\/190606_uba_rg_bettwanzenhuttenwirte_screen.pdf\" target=\"_blank\" rel=\"noreferrer noopener\">https:\/\/www.umweltbundesamt.de\/sites\/default\/files\/medien\/3521\/publikationen\/190606_uba_rg_bettwanzenhuttenwirte_screen.pdf<\/a><\/p>\n\n\n\n<div style=\"height:25px\" aria-hidden=\"true\" class=\"wp-block-spacer\"><\/div>\n\n\n\n<div class=\"wp-block-cover is-light\" style=\"min-height:201px;aspect-ratio:unset;\"><img decoding=\"async\" class=\"wp-block-cover__image-background wp-image-814\" alt=\"\" src=\"http:\/\/arthroscience.de\/wp-content\/uploads\/2021\/11\/Ver\u00f6ffentlichungen_2.webp\" style=\"object-position:50% 69%\" data-object-fit=\"cover\" data-object-position=\"50% 69%\"\/><span aria-hidden=\"true\" class=\"wp-block-cover__background has-neve-link-hover-color-background-color has-background-dim-40 has-background-dim\"><\/span><div class=\"wp-block-cover__inner-container is-layout-flow wp-block-cover-is-layout-flow\">\n<p class=\"has-text-align-center has-large-font-size\"><\/p>\n<\/div><\/div>\n\n\n\n<div style=\"height:50px\" aria-hidden=\"true\" class=\"wp-block-spacer\"><\/div>\n\n\n\n<h2 class=\"wp-block-heading\">Wissenschaftliche Ver\u00f6ffentlichungen<\/h2>\n\n\n\n<p><strong>Arlette Vander Pan (Boyer)<\/strong>, Carola Kuhn, Erik Schmolz und Jutta Klasen, Bettwanzen \u2013 Eine Plage kehrt zur\u00fcck, Sonderdruck UMID: Umwelt und Mensch \u2013 Informationsdienst, Issue 1, 2012, Pages 16-22. <a href=\"https:\/\/www.umweltbundesamt.de\/sites\/default\/files\/medien\/515\/publikationen\/12_09_10_sonderdruck_bettwanzen.pdf\" target=\"_blank\" rel=\"noreferrer noopener\">https:\/\/www.umweltbundesamt.de\/sites\/default\/files\/medien\/515\/publikationen\/12_09_10_sonderdruck_bettwanzen.pdf<\/a><\/p>\n\n\n\n<p><strong>Arlette Vander Pan (Boyer)<\/strong>, Erik Schmolz und Jutta Klasen, Bettwanzen die Wiederkehr einer fast vergessenen Plage, Der Hygieneinspektor, Issue 2, 2010, Pages 60-63, ISSN 1864-7197.<\/p>\n\n\n\n<p><strong>Anne Meseg (Kr\u00fcger)<\/strong>, Jutta Klasen and Erik Schmolz, Experimental Design For Efficacy Testing Of Baits Against <em>Monomorium Pharaonis<\/em> (Hymenoptera: Formicidae), Proceedings of the Eighth International Conference on Urban Pests, Gabi M\u00fcller, Reiner Pospischil and William H Robinson (editors), 2014. <a href=\"https:\/\/www.icup.org.uk\/media\/winmrn35\/icup1117.pdf\" target=\"_blank\" rel=\"noreferrer noopener\">https:\/\/www.icup.org.uk\/media\/winmrn35\/icup1117.pdf<\/a><\/p>\n\n\n\n<p><strong>Arlette Vander Pan<\/strong>, Carola Kuhn, Erik Schmolz, Jutta Klasen, J\u00fcrgen Kr\u00fccken and Georg Von Samson-Himmelstjerna, Studies on Pyrethroid Resistance In <em>Cimex Lectularius<\/em> (Hemiptera: Cimicidae), In Berlin, Germany, Proceedings of the Eighth International Conference on Urban Pests, Gabi M\u00fcller, Reiner Pospischil and William H Robinson (editors), 2014. <a href=\"https:\/\/www.icup.org.uk\/media\/uf4ce5ec\/icup1094.pdf\">https:\/\/www.icup.org.uk\/media\/uf4ce5ec\/icup1094.pdf<\/a><\/p>\n\n\n\n<p><strong>Arlette Vander Pan<\/strong>, Pyrethroid-Resistenz bei Bettwanzen, DpS, Issue 11, 2016, Pages 6-7. <a href=\"https:\/\/schaedlings.net\/fachwissen\/premium-content\/pyrethroid-resistenz-bei-bettwanzen\/\" target=\"_blank\" rel=\"noreferrer noopener\">https:\/\/schaedlings.net\/fachwissen\/premium-content\/pyrethroid-resistenz-bei-bettwanzen\/<\/a><\/p>\n\n\n\n<p><strong>Anne Meseg (Kr\u00fcger)<\/strong>, Sara Knobelspiess and Erik Schmolz, Development And Evaluation Of Testing Methods For Ant Repellents, Proceedings of the Ninth International Conference on Urban Pests, Matthew P. Davies, Carolin Pfeiffer, and William H Robinson (editors), 2017. <a href=\"https:\/\/www.icup.org.uk\/media\/ycnfzi2w\/icup1219.pdf\" target=\"_blank\" rel=\"noreferrer noopener\">https:\/\/www.icup.org.uk\/media\/ycnfzi2w\/icup1219.pdf<\/a><\/p>\n\n\n\n<p><strong>Arlette Vander Pan<\/strong> und Carola Kuhn, 11.7 Bettwanzen, Bed Bugs, in: Handbuch f\u00fcr den Sch\u00e4dlingsbek\u00e4mpfer in Ausbildung und Praxis, Gerhard Karg (editor), July 2018, ISBN: 978-3-86022-534-9.<\/p>\n\n\n\n<p><strong>Arlette Vander Pan<\/strong>, J\u00fcrgen Kr\u00fccken, Erik Schmolz, Georg Von Samson-Himmelstjerna and Carola Kuhn, Pyrethroid Resistance In <em>Cimex Lectularius<\/em> (Hemiptera: Cimidae) In Germany, Proceedings of the Ninth International Conference on Urban Pests, Matthew P. Davies, Carolin Pfeiffer, and William H Robinson (editors), 2017. <a href=\"https:\/\/www.icup.org.uk\/media\/ncqnfl0y\/icup1221.pdf\" target=\"_blank\" rel=\"noreferrer noopener\">https:\/\/www.icup.org.uk\/media\/ncqnfl0y\/icup1221.pdf<\/a><\/p>\n\n\n\n<p><strong>Arlette Vander Pan<\/strong>, Erik Schmolz, J\u00fcrgen Kr\u00fccken, Carola Kuhn, A Novel Simulated-Use Test for Determining the Efficacy of Insecticides Against Bed Bugs (Hemiptera: Cimicidae), <em>Journal of Economic Entomology<\/em>, Volume 112, Issue 5, October 2019, Pages 2345\u20132353, <a href=\"https:\/\/doi.org\/10.1093\/jee\/toz123\" target=\"_blank\" rel=\"noreferrer noopener\">https:\/\/doi.org\/10.1093\/jee\/toz123<\/a><\/p>\n\n\n\n<p><strong>Arlette Vander Pan<\/strong>, Carola Kuhn, Erik Schmolz, Georg von Samson-Himmelstjerna, J\u00fcrgen Kr\u00fccken, Detection of target-site and metabolic resistance to pyrethroids in the bed bug <em>Cimex lectularius<\/em> in Berlin, International Journal for Parasitology: Drugs and Drug Resistance, 2020, <a href=\"https:\/\/doi.org\/10.1016\/j.ijpddr.2020.11.003\">https:\/\/doi.org\/10.1016\/j.ijpddr.2020.11.003<\/a>.<\/p>\n\n\n\n<p><strong>Anne Meseg (Kr\u00fcger)<\/strong>, Erik Schmolz and Arlette Vander Pan, Methods for Testing Repellents against Bed Bugs (Hemiptera: Cimicidae), <em>Journal of Economic Entomology<\/em>, Volume 114, Issue 1, February 2021, Pages 265\u2013273, <a href=\"https:\/\/doi.org\/10.1093\/jee\/toaa304\" target=\"_blank\" rel=\"noreferrer noopener\">https:\/\/doi.org\/10.1093\/jee\/toaa304<\/a><\/p>\n\n\n\n<p><strong>Anne Meseg <\/strong>, Arlette Vander Pan, and Kai Sievert, Management Of German Cockroaches: Time Effort Of Using Baits And Insecticidal Spray, Proceedings of the Eleventh International Conference on Urban Pests, William H Robinson (editor), 2025. <a href=\"https:\/\/www.icup.org.uk\/media\/zd5pefbg\/18-a-meseg-79820.pdf\">https:\/\/www.icup.org.uk\/media\/zd5pefbg\/18-a-meseg-79820.pdf<\/a><\/p>\n\n\n\n<p><strong>Ildiko Vashegyi<\/strong>, Anne Meseg, Arlette Vander Pan, and Daniel Bajomi, Fighting Against a Superorganism: How To Control Pharaoh Ant Colonies In Urban Areas, Proceedings of the Eleventh International Conference on Urban Pests, William H Robinson (editor), 2025. <a href=\"https:\/\/www.icup.org.uk\/media\/zd5pefbg\/18-a-meseg-79820.pdf\">https:\/\/www.icup.org.uk\/media\/pqecsjq4\/47-vashegyi-79153.pdf<\/a><\/p>\n\n\n\n<p><\/p>\n","protected":false},"excerpt":{"rendered":"<p>\u00d6ffentlichkeitsarbeit Arlette Vander Pan und Carola Kuhn, Flyer: Bettwanzen \u2013 Erkennen, Vorbeugen, Bek\u00e4mpfen, 2017. https:\/\/www.umweltbundesamt.de\/sites\/default\/files\/medien\/1410\/publikationen\/171013_uba_rg_bettwanzen_bf.pdf Anne Meseg (Kr\u00fcger) und Arlette Vander Pan, Flyer: Bettwanzen wandern mit!, 2019. https:\/\/www.umweltbundesamt.de\/sites\/default\/files\/medien\/1410\/publikationen\/uba_flyer_bettwanzen_screen_einzelseiten.pdf Anne Meseg (Kr\u00fcger) und Arlette Vander Pan, Ratgeber: Bettwanzen: Empfehlungen f\u00fcr H\u00fcttenwirtsleute, 2019. https:\/\/www.umweltbundesamt.de\/sites\/default\/files\/medien\/3521\/publikationen\/190606_uba_rg_bettwanzenhuttenwirte_screen.pdf Wissenschaftliche Ver\u00f6ffentlichungen Arlette Vander Pan (Boyer), Carola Kuhn, Erik Schmolz und Jutta Klasen,&hellip;&nbsp;<a href=\"https:\/\/arthroscience.de\/de\/ueber-uns\/publications\/\" rel=\"bookmark\">Weiterlesen &raquo;<span class=\"screen-reader-text\">Ver\u00f6ffentlichungen<\/span><\/a><\/p>\n","protected":false},"author":2,"featured_media":0,"parent":112,"menu_order":0,"comment_status":"closed","ping_status":"closed","template":"","meta":{"_uag_custom_page_level_css":"","neve_meta_sidebar":"full-width","neve_meta_container":"contained","neve_meta_enable_content_width":"","neve_meta_content_width":0,"neve_meta_title_alignment":"","neve_meta_author_avatar":"","neve_post_elements_order":"","neve_meta_disable_header":"","neve_meta_disable_footer":"","neve_meta_disable_title":"on","_themeisle_gutenberg_block_has_review":false,"footnotes":""},"class_list":["post-237","page","type-page","status-publish","hentry"],"yoast_head":"<!-- This site is optimized with the Yoast SEO plugin v27.4 - https:\/\/yoast.com\/product\/yoast-seo-wordpress\/ -->\n<title>Ver\u00f6ffentlichungen - ArthroScience<\/title>\n<meta name=\"robots\" content=\"index, follow, max-snippet:-1, max-image-preview:large, max-video-preview:-1\" \/>\n<link rel=\"canonical\" href=\"https:\/\/arthroscience.de\/de\/ueber-uns\/publications\/\" \/>\n<meta property=\"og:locale\" content=\"de_DE\" \/>\n<meta property=\"og:type\" content=\"article\" \/>\n<meta property=\"og:title\" content=\"Ver\u00f6ffentlichungen - ArthroScience\" \/>\n<meta property=\"og:description\" content=\"\u00d6ffentlichkeitsarbeit Arlette Vander Pan und Carola Kuhn, Flyer: Bettwanzen \u2013 Erkennen, Vorbeugen, Bek\u00e4mpfen, 2017. https:\/\/www.umweltbundesamt.de\/sites\/default\/files\/medien\/1410\/publikationen\/171013_uba_rg_bettwanzen_bf.pdf Anne Meseg (Kr\u00fcger) und Arlette Vander Pan, Flyer: Bettwanzen wandern mit!, 2019. https:\/\/www.umweltbundesamt.de\/sites\/default\/files\/medien\/1410\/publikationen\/uba_flyer_bettwanzen_screen_einzelseiten.pdf Anne Meseg (Kr\u00fcger) und Arlette Vander Pan, Ratgeber: Bettwanzen: Empfehlungen f\u00fcr H\u00fcttenwirtsleute, 2019. https:\/\/www.umweltbundesamt.de\/sites\/default\/files\/medien\/3521\/publikationen\/190606_uba_rg_bettwanzenhuttenwirte_screen.pdf Wissenschaftliche Ver\u00f6ffentlichungen Arlette Vander Pan (Boyer), Carola Kuhn, Erik Schmolz und Jutta Klasen,&hellip;&nbsp;Weiterlesen &raquo;Ver\u00f6ffentlichungen\" \/>\n<meta property=\"og:url\" content=\"https:\/\/arthroscience.de\/de\/ueber-uns\/publications\/\" \/>\n<meta property=\"og:site_name\" content=\"ArthroScience\" \/>\n<meta property=\"article:modified_time\" content=\"2025-10-13T20:16:42+00:00\" \/>\n<meta name=\"twitter:card\" content=\"summary_large_image\" \/>\n<meta name=\"twitter:label1\" content=\"Gesch\u00e4tzte Lesezeit\" \/>\n\t<meta name=\"twitter:data1\" content=\"3\u00a0Minuten\" \/>\n<script type=\"application\/ld+json\" class=\"yoast-schema-graph\">{\"@context\":\"https:\\\/\\\/schema.org\",\"@graph\":[{\"@type\":\"WebPage\",\"@id\":\"https:\\\/\\\/arthroscience.de\\\/ueber-uns\\\/publications\\\/\",\"url\":\"https:\\\/\\\/arthroscience.de\\\/ueber-uns\\\/publications\\\/\",\"name\":\"Ver\u00f6ffentlichungen - ArthroScience\",\"isPartOf\":{\"@id\":\"https:\\\/\\\/arthroscience.de\\\/#website\"},\"datePublished\":\"2020-09-08T21:30:21+00:00\",\"dateModified\":\"2025-10-13T20:16:42+00:00\",\"breadcrumb\":{\"@id\":\"https:\\\/\\\/arthroscience.de\\\/ueber-uns\\\/publications\\\/#breadcrumb\"},\"inLanguage\":\"de\",\"potentialAction\":[{\"@type\":\"ReadAction\",\"target\":[\"https:\\\/\\\/arthroscience.de\\\/ueber-uns\\\/publications\\\/\"]}]},{\"@type\":\"BreadcrumbList\",\"@id\":\"https:\\\/\\\/arthroscience.de\\\/ueber-uns\\\/publications\\\/#breadcrumb\",\"itemListElement\":[{\"@type\":\"ListItem\",\"position\":1,\"name\":\"Startseite\",\"item\":\"https:\\\/\\\/arthroscience.de\\\/\"},{\"@type\":\"ListItem\",\"position\":2,\"name\":\"\u00dcber uns\",\"item\":\"https:\\\/\\\/arthroscience.de\\\/ueber-uns\\\/\"},{\"@type\":\"ListItem\",\"position\":3,\"name\":\"Ver\u00f6ffentlichungen\"}]},{\"@type\":\"WebSite\",\"@id\":\"https:\\\/\\\/arthroscience.de\\\/#website\",\"url\":\"https:\\\/\\\/arthroscience.de\\\/\",\"name\":\"ArthroScience\",\"description\":\"Biozidzulassung, Beratung, Forschung und Entwicklung\",\"publisher\":{\"@id\":\"https:\\\/\\\/arthroscience.de\\\/#organization\"},\"potentialAction\":[{\"@type\":\"SearchAction\",\"target\":{\"@type\":\"EntryPoint\",\"urlTemplate\":\"https:\\\/\\\/arthroscience.de\\\/?s={search_term_string}\"},\"query-input\":{\"@type\":\"PropertyValueSpecification\",\"valueRequired\":true,\"valueName\":\"search_term_string\"}}],\"inLanguage\":\"de\"},{\"@type\":\"Organization\",\"@id\":\"https:\\\/\\\/arthroscience.de\\\/#organization\",\"name\":\"Arthroscience\",\"alternateName\":\"DIE EXPERTEN F\u00dcR DIE PR\u00dcFUNG VON BIOZIDEN UND BIOZIDFREIEN PRODUKTEN ZUR BEK\u00c4MPFUNG VON ARTHROPODEN.\",\"url\":\"https:\\\/\\\/arthroscience.de\\\/\",\"logo\":{\"@type\":\"ImageObject\",\"inLanguage\":\"de\",\"@id\":\"https:\\\/\\\/arthroscience.de\\\/#\\\/schema\\\/logo\\\/image\\\/\",\"url\":\"https:\\\/\\\/arthroscience.de\\\/wp-content\\\/uploads\\\/2020\\\/08\\\/arthrosience-logo.png\",\"contentUrl\":\"https:\\\/\\\/arthroscience.de\\\/wp-content\\\/uploads\\\/2020\\\/08\\\/arthrosience-logo.png\",\"width\":1354,\"height\":1337,\"caption\":\"Arthroscience\"},\"image\":{\"@id\":\"https:\\\/\\\/arthroscience.de\\\/#\\\/schema\\\/logo\\\/image\\\/\"}}]}<\/script>\n<!-- \/ Yoast SEO plugin. -->","yoast_head_json":{"title":"Ver\u00f6ffentlichungen - ArthroScience","robots":{"index":"index","follow":"follow","max-snippet":"max-snippet:-1","max-image-preview":"max-image-preview:large","max-video-preview":"max-video-preview:-1"},"canonical":"https:\/\/arthroscience.de\/de\/ueber-uns\/publications\/","og_locale":"de_DE","og_type":"article","og_title":"Ver\u00f6ffentlichungen - ArthroScience","og_description":"\u00d6ffentlichkeitsarbeit Arlette Vander Pan und Carola Kuhn, Flyer: Bettwanzen \u2013 Erkennen, Vorbeugen, Bek\u00e4mpfen, 2017. https:\/\/www.umweltbundesamt.de\/sites\/default\/files\/medien\/1410\/publikationen\/171013_uba_rg_bettwanzen_bf.pdf Anne Meseg (Kr\u00fcger) und Arlette Vander Pan, Flyer: Bettwanzen wandern mit!, 2019. https:\/\/www.umweltbundesamt.de\/sites\/default\/files\/medien\/1410\/publikationen\/uba_flyer_bettwanzen_screen_einzelseiten.pdf Anne Meseg (Kr\u00fcger) und Arlette Vander Pan, Ratgeber: Bettwanzen: Empfehlungen f\u00fcr H\u00fcttenwirtsleute, 2019. https:\/\/www.umweltbundesamt.de\/sites\/default\/files\/medien\/3521\/publikationen\/190606_uba_rg_bettwanzenhuttenwirte_screen.pdf Wissenschaftliche Ver\u00f6ffentlichungen Arlette Vander Pan (Boyer), Carola Kuhn, Erik Schmolz und Jutta Klasen,&hellip;&nbsp;Weiterlesen &raquo;Ver\u00f6ffentlichungen","og_url":"https:\/\/arthroscience.de\/de\/ueber-uns\/publications\/","og_site_name":"ArthroScience","article_modified_time":"2025-10-13T20:16:42+00:00","twitter_card":"summary_large_image","twitter_misc":{"Gesch\u00e4tzte Lesezeit":"3\u00a0Minuten"},"schema":{"@context":"https:\/\/schema.org","@graph":[{"@type":"WebPage","@id":"https:\/\/arthroscience.de\/ueber-uns\/publications\/","url":"https:\/\/arthroscience.de\/ueber-uns\/publications\/","name":"Ver\u00f6ffentlichungen - ArthroScience","isPartOf":{"@id":"https:\/\/arthroscience.de\/#website"},"datePublished":"2020-09-08T21:30:21+00:00","dateModified":"2025-10-13T20:16:42+00:00","breadcrumb":{"@id":"https:\/\/arthroscience.de\/ueber-uns\/publications\/#breadcrumb"},"inLanguage":"de","potentialAction":[{"@type":"ReadAction","target":["https:\/\/arthroscience.de\/ueber-uns\/publications\/"]}]},{"@type":"BreadcrumbList","@id":"https:\/\/arthroscience.de\/ueber-uns\/publications\/#breadcrumb","itemListElement":[{"@type":"ListItem","position":1,"name":"Startseite","item":"https:\/\/arthroscience.de\/"},{"@type":"ListItem","position":2,"name":"\u00dcber uns","item":"https:\/\/arthroscience.de\/ueber-uns\/"},{"@type":"ListItem","position":3,"name":"Ver\u00f6ffentlichungen"}]},{"@type":"WebSite","@id":"https:\/\/arthroscience.de\/#website","url":"https:\/\/arthroscience.de\/","name":"ArthroScience","description":"Biozidzulassung, Beratung, Forschung und Entwicklung","publisher":{"@id":"https:\/\/arthroscience.de\/#organization"},"potentialAction":[{"@type":"SearchAction","target":{"@type":"EntryPoint","urlTemplate":"https:\/\/arthroscience.de\/?s={search_term_string}"},"query-input":{"@type":"PropertyValueSpecification","valueRequired":true,"valueName":"search_term_string"}}],"inLanguage":"de"},{"@type":"Organization","@id":"https:\/\/arthroscience.de\/#organization","name":"Arthroscience","alternateName":"DIE EXPERTEN F\u00dcR DIE PR\u00dcFUNG VON BIOZIDEN UND BIOZIDFREIEN PRODUKTEN ZUR BEK\u00c4MPFUNG VON ARTHROPODEN.","url":"https:\/\/arthroscience.de\/","logo":{"@type":"ImageObject","inLanguage":"de","@id":"https:\/\/arthroscience.de\/#\/schema\/logo\/image\/","url":"https:\/\/arthroscience.de\/wp-content\/uploads\/2020\/08\/arthrosience-logo.png","contentUrl":"https:\/\/arthroscience.de\/wp-content\/uploads\/2020\/08\/arthrosience-logo.png","width":1354,"height":1337,"caption":"Arthroscience"},"image":{"@id":"https:\/\/arthroscience.de\/#\/schema\/logo\/image\/"}}]}},"uagb_featured_image_src":{"full":false,"thumbnail":false,"medium":false,"medium_large":false,"large":false,"1536x1536":false,"2048x2048":false,"trp-custom-language-flag":false,"neve-blog":false},"uagb_author_info":{"display_name":"Anne Meseg","author_link":"https:\/\/arthroscience.de\/de\/author\/anne\/"},"uagb_comment_info":0,"uagb_excerpt":"\u00d6ffentlichkeitsarbeit Arlette Vander Pan und Carola Kuhn, Flyer: Bettwanzen \u2013 Erkennen, Vorbeugen, Bek\u00e4mpfen, 2017. https:\/\/www.umweltbundesamt.de\/sites\/default\/files\/medien\/1410\/publikationen\/171013_uba_rg_bettwanzen_bf.pdf Anne Meseg (Kr\u00fcger) und Arlette Vander Pan, Flyer: Bettwanzen wandern mit!, 2019. https:\/\/www.umweltbundesamt.de\/sites\/default\/files\/medien\/1410\/publikationen\/uba_flyer_bettwanzen_screen_einzelseiten.pdf Anne Meseg (Kr\u00fcger) und Arlette Vander Pan, Ratgeber: Bettwanzen: Empfehlungen f\u00fcr H\u00fcttenwirtsleute, 2019. https:\/\/www.umweltbundesamt.de\/sites\/default\/files\/medien\/3521\/publikationen\/190606_uba_rg_bettwanzenhuttenwirte_screen.pdf Wissenschaftliche Ver\u00f6ffentlichungen Arlette Vander Pan (Boyer), Carola Kuhn, Erik Schmolz und Jutta Klasen,&hellip;&nbsp;Weiterlesen&hellip;","_links":{"self":[{"href":"https:\/\/arthroscience.de\/de\/wp-json\/wp\/v2\/pages\/237","targetHints":{"allow":["GET"]}}],"collection":[{"href":"https:\/\/arthroscience.de\/de\/wp-json\/wp\/v2\/pages"}],"about":[{"href":"https:\/\/arthroscience.de\/de\/wp-json\/wp\/v2\/types\/page"}],"author":[{"embeddable":true,"href":"https:\/\/arthroscience.de\/de\/wp-json\/wp\/v2\/users\/2"}],"replies":[{"embeddable":true,"href":"https:\/\/arthroscience.de\/de\/wp-json\/wp\/v2\/comments?post=237"}],"version-history":[{"count":42,"href":"https:\/\/arthroscience.de\/de\/wp-json\/wp\/v2\/pages\/237\/revisions"}],"predecessor-version":[{"id":1083,"href":"https:\/\/arthroscience.de\/de\/wp-json\/wp\/v2\/pages\/237\/revisions\/1083"}],"up":[{"embeddable":true,"href":"https:\/\/arthroscience.de\/de\/wp-json\/wp\/v2\/pages\/112"}],"wp:attachment":[{"href":"https:\/\/arthroscience.de\/de\/wp-json\/wp\/v2\/media?parent=237"}],"curies":[{"name":"wp","href":"https:\/\/api.w.org\/{rel}","templated":true}]}}