{"id":228,"date":"2020-09-08T21:28:21","date_gmt":"2020-09-08T21:28:21","guid":{"rendered":"http:\/\/arthroscience.de\/?page_id=228"},"modified":"2021-11-02T19:12:15","modified_gmt":"2021-11-02T19:12:15","slug":"schulung","status":"publish","type":"page","link":"https:\/\/arthroscience.de\/de\/beratung\/schulung\/","title":{"rendered":"Schulungen &#038; Vortr\u00e4ge"},"content":{"rendered":"\n<div style=\"height:100px\" aria-hidden=\"true\" class=\"wp-block-spacer\"><\/div>\n\n\n\n<div class=\"wp-block-cover aligncenter has-background-dim-30 has-neve-link-color-background-color has-background-dim has-custom-content-position is-position-bottom-center uag-hide-mob\" style=\"min-height:650px;aspect-ratio:unset;\"><img loading=\"lazy\" decoding=\"async\" width=\"1920\" height=\"1080\" class=\"wp-block-cover__image-background wp-image-812\" alt=\"\" src=\"http:\/\/arthroscience.de\/wp-content\/uploads\/2021\/11\/Schulungen-und-Vortra\u0308ge.webp\" style=\"object-position:51% 22%\" data-object-fit=\"cover\" data-object-position=\"51% 22%\" srcset=\"https:\/\/arthroscience.de\/wp-content\/uploads\/2021\/11\/Schulungen-und-Vortra\u0308ge.webp 1920w, https:\/\/arthroscience.de\/wp-content\/uploads\/2021\/11\/Schulungen-und-Vortra\u0308ge-300x169.webp 300w, https:\/\/arthroscience.de\/wp-content\/uploads\/2021\/11\/Schulungen-und-Vortra\u0308ge-1024x576.webp 1024w, https:\/\/arthroscience.de\/wp-content\/uploads\/2021\/11\/Schulungen-und-Vortra\u0308ge-768x432.webp 768w, https:\/\/arthroscience.de\/wp-content\/uploads\/2021\/11\/Schulungen-und-Vortra\u0308ge-1536x864.webp 1536w\" sizes=\"auto, (max-width: 1920px) 100vw, 1920px\" \/><div class=\"wp-block-cover__inner-container is-layout-flow wp-block-cover-is-layout-flow\">\n<h1 id=\"wp-block-themeisle-blocks-advanced-heading-d096bc98\" class=\"wp-block-themeisle-blocks-advanced-heading wp-block-themeisle-blocks-advanced-heading-d096bc98\"><meta charset=\"utf-8\">SCHULUNGEN &amp; VORTR\u00c4GE<\/h1>\n\n\n\n<div style=\"height:31px\" aria-hidden=\"true\" class=\"wp-block-spacer\"><\/div>\n<\/div><\/div>\n\n\n\n<div style=\"height:100px\" aria-hidden=\"true\" class=\"wp-block-spacer\"><\/div>\n\n\n\n<h2 class=\"wp-block-heading\">SCHULUNGEN &amp; VORTR\u00c4GE<\/h2>\n\n\n\n<p>Wir bieten Schulungen und Vortr\u00e4ge zur Biologie von verschiedenen Sch\u00e4dlingen, Resistenzmechanismen oder Bek\u00e4mpfungsstrategien an. Es kann Basiswissen oder weiterf\u00fchrendes Wissen f\u00fcr jeden Zuh\u00f6rer vermittelt werden.<\/p>\n\n\n\n<div style=\"height:50px\" aria-hidden=\"true\" class=\"wp-block-spacer\"><\/div>\n\n\n\n<h3 class=\"wp-block-heading\">Beispielvortr\u00e4ge zum thema Bettwanzen:<\/h3>\n\n\n\n\t\t\t<div class=\"wp-block-uagb-post-grid uagb-post-grid ticss-4c1af2aa uagb-post__image-position-background uagb-post__image-disabled uagb-block-093458e1     uagb-post__items uagb-post__columns-2 is-grid uagb-post__columns-tablet-2 uagb-post__columns-mobile-1 uagb-post__equal-height\" data-total=\"2\" style=\"\">\n\n\t\t\t\t\t\t\t\t\t\t\t\t<article class=\"uagb-post__inner-wrap\">\t\t\t\t\t\t\t\t<h4 class=\"uagb-post__title uagb-post__text\">\n\t\t\t\t<a href=\"https:\/\/arthroscience.de\/de\/vortrag-biologie-der-bettwanze-cimex-lectularius\/\" target=\"_self\" rel=\"bookmark noopener noreferrer\">Die Biologie der Bettwanze Cimex lectularius<\/a>\n\t\t\t<\/h4>\n\t\t\t\t\t\t<div class='uagb-post__text uagb-post-grid-byline'>\n\t\t\t\t\t\t\t<\/div>\n\t\t\t\t\t\t\t<div class='uagb-post__text uagb-post__excerpt'>\n\t\t\t\t\tDieser Vortrag widmet sich haupts\u00e4chlich der Biologie der Bettwanze\u00a0Cimex lectularius. Nach diesem Vortrag wissen die Zuh\u00f6rer wie Bettwanzen&#8230;\t\t\t\t<\/div>\n\t\t\t\t\t\t<div class=\"uagb-post__text uagb-post__cta wp-block-button\">\n\t\t\t\t<a class=\"wp-block-button__link uagb-text-link\" style=\"\" href=\"https:\/\/arthroscience.de\/de\/vortrag-biologie-der-bettwanze-cimex-lectularius\/\" target=\"_self\" rel=\"bookmark noopener noreferrer\">Mehr erfahren<\/a>\n\t\t\t<\/div>\n\t\t\t\n\t\t\t\t\t\t\t\t\t<\/article>\n\t\t\t\t\t\t\t\t\t\t\t\t\t\t\t\t<article class=\"uagb-post__inner-wrap\">\t\t\t\t\t\t\t\t<h4 class=\"uagb-post__title uagb-post__text\">\n\t\t\t\t<a href=\"https:\/\/arthroscience.de\/de\/bettwanzen-biologie-und-bekaempfung\/\" target=\"_self\" rel=\"bookmark noopener noreferrer\">Bettwanzen \u2013 Biologie und Bek\u00e4mpfung<\/a>\n\t\t\t<\/h4>\n\t\t\t\t\t\t<div class='uagb-post__text uagb-post-grid-byline'>\n\t\t\t\t\t\t\t<\/div>\n\t\t\t\t\t\t\t<div class='uagb-post__text uagb-post__excerpt'>\n\t\t\t\t\tDieser Vortrag widmet sich haupts\u00e4chlich der Biologie und der Bek\u00e4mpfung der Bettwanze\u00a0Cimex lectularius. Er vermittelt neben vielen weiteren&#8230;\t\t\t\t<\/div>\n\t\t\t\t\t\t<div class=\"uagb-post__text uagb-post__cta wp-block-button\">\n\t\t\t\t<a class=\"wp-block-button__link uagb-text-link\" style=\"\" href=\"https:\/\/arthroscience.de\/de\/bettwanzen-biologie-und-bekaempfung\/\" target=\"_self\" rel=\"bookmark noopener noreferrer\">Mehr erfahren<\/a>\n\t\t\t<\/div>\n\t\t\t\n\t\t\t\t\t\t\t\t\t<\/article>\n\t\t\t\t\t\t\t\t\t\t\t\t\t\t\t\t<article class=\"uagb-post__inner-wrap\">\t\t\t\t\t\t\t\t<h4 class=\"uagb-post__title uagb-post__text\">\n\t\t\t\t<a href=\"https:\/\/arthroscience.de\/de\/eine-naturgeschichte-der-bettwanze\/\" target=\"_self\" rel=\"bookmark noopener noreferrer\">Eine Naturgeschichte der Bettwanze<\/a>\n\t\t\t<\/h4>\n\t\t\t\t\t\t<div class='uagb-post__text uagb-post-grid-byline'>\n\t\t\t\t\t\t\t<\/div>\n\t\t\t\t\t\t\t<div class='uagb-post__text uagb-post__excerpt'>\n\t\t\t\t\tDieser Vortrag geht der Geschichte der Bettwanze\u00a0Cimex lectularius\u00a0auf die Spur und weit zur\u00fcck in die Zeit, wo sich&#8230;\t\t\t\t<\/div>\n\t\t\t\t\t\t<div class=\"uagb-post__text uagb-post__cta wp-block-button\">\n\t\t\t\t<a class=\"wp-block-button__link uagb-text-link\" style=\"\" href=\"https:\/\/arthroscience.de\/de\/eine-naturgeschichte-der-bettwanze\/\" target=\"_self\" rel=\"bookmark noopener noreferrer\">Mehr erfahren<\/a>\n\t\t\t<\/div>\n\t\t\t\n\t\t\t\t\t\t\t\t\t<\/article>\n\t\t\t\t\t\t\t\t\t\t\t\t\t\t\t\t<article class=\"uagb-post__inner-wrap\">\t\t\t\t\t\t\t\t<h4 class=\"uagb-post__title uagb-post__text\">\n\t\t\t\t<a href=\"https:\/\/arthroscience.de\/de\/invasive-ameisen\/\" target=\"_self\" rel=\"bookmark noopener noreferrer\">Invasive Ameisen<\/a>\n\t\t\t<\/h4>\n\t\t\t\t\t\t<div class='uagb-post__text uagb-post-grid-byline'>\n\t\t\t\t\t\t\t<\/div>\n\t\t\t\t\t\t\t<div class='uagb-post__text uagb-post__excerpt'>\n\t\t\t\t\t<p>Invasive Ameisen wurden durch den Menschen aus ihrem urspr\u00fcnglichen Verbreitungsgebiet in neue Regionen verschleppt und etablieren sich dort&#8230;.\t\t\t\t<\/div>\n\t\t\t\t\t\t<div class=\"uagb-post__text uagb-post__cta wp-block-button\">\n\t\t\t\t<a class=\"wp-block-button__link uagb-text-link\" style=\"\" href=\"https:\/\/arthroscience.de\/de\/invasive-ameisen\/\" target=\"_self\" rel=\"bookmark noopener noreferrer\">Mehr erfahren<\/a>\n\t\t\t<\/div>\n\t\t\t\n\t\t\t\t\t\t\t\t\t<\/article>\n\t\t\t\t\t\t\t\t\t\t\t<\/div>\n\t\t\t\n\n\n<p>Themen zu weiteren Sch\u00e4dlingsarten k\u00f6nnen gerne per E-Mail angefragt werden.<\/p>\n\n\n\n<p>E-Mail:&nbsp;<a href=\"mailto:info@arthroscience.de\">info@arthroscience.de<\/a><\/p>\n\n\n\n<div style=\"height:100px\" aria-hidden=\"true\" class=\"wp-block-spacer\"><\/div>\n","protected":false},"excerpt":{"rendered":"<p>SCHULUNGEN &amp; VORTR\u00c4GE Wir bieten Schulungen und Vortr\u00e4ge zur Biologie von verschiedenen Sch\u00e4dlingen, Resistenzmechanismen oder Bek\u00e4mpfungsstrategien an. Es kann Basiswissen oder weiterf\u00fchrendes Wissen f\u00fcr jeden Zuh\u00f6rer vermittelt werden. Beispielvortr\u00e4ge zum thema Bettwanzen: Themen zu weiteren Sch\u00e4dlingsarten k\u00f6nnen gerne per E-Mail angefragt werden. E-Mail:&nbsp;info@arthroscience.de<\/p>\n","protected":false},"author":1,"featured_media":0,"parent":110,"menu_order":0,"comment_status":"closed","ping_status":"closed","template":"","meta":{"_uag_custom_page_level_css":"","neve_meta_sidebar":"","neve_meta_container":"contained","neve_meta_enable_content_width":"","neve_meta_content_width":0,"neve_meta_title_alignment":"","neve_meta_author_avatar":"","neve_post_elements_order":"","neve_meta_disable_header":"","neve_meta_disable_footer":"","neve_meta_disable_title":"on","_themeisle_gutenberg_block_has_review":false,"footnotes":""},"class_list":["post-228","page","type-page","status-publish","hentry"],"yoast_head":"<!-- This site is optimized with the Yoast SEO plugin v27.4 - https:\/\/yoast.com\/product\/yoast-seo-wordpress\/ -->\n<title>Schulungen &amp; Vortr\u00e4ge Arthropoden - ArthroScience<\/title>\n<meta name=\"description\" content=\"Wir bieten Schulungen und Vortr\u00e4ge zur Biologie von verschiedenen Sch\u00e4dlingen, Resistenzmechanismen oder Bek\u00e4mpfungsstrategien an.\" \/>\n<meta name=\"robots\" content=\"index, follow, max-snippet:-1, max-image-preview:large, max-video-preview:-1\" \/>\n<link rel=\"canonical\" href=\"https:\/\/arthroscience.de\/de\/beratung\/schulung\/\" \/>\n<meta property=\"og:locale\" content=\"de_DE\" \/>\n<meta property=\"og:type\" content=\"article\" \/>\n<meta property=\"og:title\" content=\"Schulungen &amp; Vortr\u00e4ge Arthropoden - ArthroScience\" \/>\n<meta property=\"og:description\" content=\"Wir bieten Schulungen und Vortr\u00e4ge zur Biologie von verschiedenen Sch\u00e4dlingen, Resistenzmechanismen oder Bek\u00e4mpfungsstrategien an.\" \/>\n<meta property=\"og:url\" content=\"https:\/\/arthroscience.de\/de\/beratung\/schulung\/\" \/>\n<meta property=\"og:site_name\" content=\"ArthroScience\" \/>\n<meta property=\"article:modified_time\" content=\"2021-11-02T19:12:15+00:00\" \/>\n<meta name=\"twitter:card\" content=\"summary_large_image\" \/>\n<meta name=\"twitter:label1\" content=\"Gesch\u00e4tzte Lesezeit\" \/>\n\t<meta name=\"twitter:data1\" content=\"1\u00a0Minute\" \/>\n<script type=\"application\/ld+json\" class=\"yoast-schema-graph\">{\"@context\":\"https:\\\/\\\/schema.org\",\"@graph\":[{\"@type\":\"WebPage\",\"@id\":\"https:\\\/\\\/arthroscience.de\\\/beratung\\\/schulung\\\/\",\"url\":\"https:\\\/\\\/arthroscience.de\\\/beratung\\\/schulung\\\/\",\"name\":\"Schulungen & Vortr\u00e4ge Arthropoden - ArthroScience\",\"isPartOf\":{\"@id\":\"https:\\\/\\\/arthroscience.de\\\/#website\"},\"datePublished\":\"2020-09-08T21:28:21+00:00\",\"dateModified\":\"2021-11-02T19:12:15+00:00\",\"description\":\"Wir bieten Schulungen und Vortr\u00e4ge zur Biologie von verschiedenen Sch\u00e4dlingen, Resistenzmechanismen oder Bek\u00e4mpfungsstrategien an.\",\"breadcrumb\":{\"@id\":\"https:\\\/\\\/arthroscience.de\\\/beratung\\\/schulung\\\/#breadcrumb\"},\"inLanguage\":\"de\",\"potentialAction\":[{\"@type\":\"ReadAction\",\"target\":[\"https:\\\/\\\/arthroscience.de\\\/beratung\\\/schulung\\\/\"]}]},{\"@type\":\"BreadcrumbList\",\"@id\":\"https:\\\/\\\/arthroscience.de\\\/beratung\\\/schulung\\\/#breadcrumb\",\"itemListElement\":[{\"@type\":\"ListItem\",\"position\":1,\"name\":\"Startseite\",\"item\":\"https:\\\/\\\/arthroscience.de\\\/\"},{\"@type\":\"ListItem\",\"position\":2,\"name\":\"Beratung\",\"item\":\"https:\\\/\\\/arthroscience.de\\\/beratung\\\/\"},{\"@type\":\"ListItem\",\"position\":3,\"name\":\"Schulungen &#038; Vortr\u00e4ge\"}]},{\"@type\":\"WebSite\",\"@id\":\"https:\\\/\\\/arthroscience.de\\\/#website\",\"url\":\"https:\\\/\\\/arthroscience.de\\\/\",\"name\":\"ArthroScience\",\"description\":\"Biozidzulassung, Beratung, Forschung und Entwicklung\",\"publisher\":{\"@id\":\"https:\\\/\\\/arthroscience.de\\\/#organization\"},\"potentialAction\":[{\"@type\":\"SearchAction\",\"target\":{\"@type\":\"EntryPoint\",\"urlTemplate\":\"https:\\\/\\\/arthroscience.de\\\/?s={search_term_string}\"},\"query-input\":{\"@type\":\"PropertyValueSpecification\",\"valueRequired\":true,\"valueName\":\"search_term_string\"}}],\"inLanguage\":\"de\"},{\"@type\":\"Organization\",\"@id\":\"https:\\\/\\\/arthroscience.de\\\/#organization\",\"name\":\"Arthroscience\",\"alternateName\":\"DIE EXPERTEN F\u00dcR DIE PR\u00dcFUNG VON BIOZIDEN UND BIOZIDFREIEN PRODUKTEN ZUR BEK\u00c4MPFUNG VON ARTHROPODEN.\",\"url\":\"https:\\\/\\\/arthroscience.de\\\/\",\"logo\":{\"@type\":\"ImageObject\",\"inLanguage\":\"de\",\"@id\":\"https:\\\/\\\/arthroscience.de\\\/#\\\/schema\\\/logo\\\/image\\\/\",\"url\":\"https:\\\/\\\/arthroscience.de\\\/wp-content\\\/uploads\\\/2020\\\/08\\\/arthrosience-logo.png\",\"contentUrl\":\"https:\\\/\\\/arthroscience.de\\\/wp-content\\\/uploads\\\/2020\\\/08\\\/arthrosience-logo.png\",\"width\":1354,\"height\":1337,\"caption\":\"Arthroscience\"},\"image\":{\"@id\":\"https:\\\/\\\/arthroscience.de\\\/#\\\/schema\\\/logo\\\/image\\\/\"}}]}<\/script>\n<!-- \/ Yoast SEO plugin. -->","yoast_head_json":{"title":"Schulungen & Vortr\u00e4ge Arthropoden - ArthroScience","description":"Wir bieten Schulungen und Vortr\u00e4ge zur Biologie von verschiedenen Sch\u00e4dlingen, Resistenzmechanismen oder Bek\u00e4mpfungsstrategien an.","robots":{"index":"index","follow":"follow","max-snippet":"max-snippet:-1","max-image-preview":"max-image-preview:large","max-video-preview":"max-video-preview:-1"},"canonical":"https:\/\/arthroscience.de\/de\/beratung\/schulung\/","og_locale":"de_DE","og_type":"article","og_title":"Schulungen & Vortr\u00e4ge Arthropoden - ArthroScience","og_description":"Wir bieten Schulungen und Vortr\u00e4ge zur Biologie von verschiedenen Sch\u00e4dlingen, Resistenzmechanismen oder Bek\u00e4mpfungsstrategien an.","og_url":"https:\/\/arthroscience.de\/de\/beratung\/schulung\/","og_site_name":"ArthroScience","article_modified_time":"2021-11-02T19:12:15+00:00","twitter_card":"summary_large_image","twitter_misc":{"Gesch\u00e4tzte Lesezeit":"1\u00a0Minute"},"schema":{"@context":"https:\/\/schema.org","@graph":[{"@type":"WebPage","@id":"https:\/\/arthroscience.de\/beratung\/schulung\/","url":"https:\/\/arthroscience.de\/beratung\/schulung\/","name":"Schulungen & Vortr\u00e4ge Arthropoden - ArthroScience","isPartOf":{"@id":"https:\/\/arthroscience.de\/#website"},"datePublished":"2020-09-08T21:28:21+00:00","dateModified":"2021-11-02T19:12:15+00:00","description":"Wir bieten Schulungen und Vortr\u00e4ge zur Biologie von verschiedenen Sch\u00e4dlingen, Resistenzmechanismen oder Bek\u00e4mpfungsstrategien an.","breadcrumb":{"@id":"https:\/\/arthroscience.de\/beratung\/schulung\/#breadcrumb"},"inLanguage":"de","potentialAction":[{"@type":"ReadAction","target":["https:\/\/arthroscience.de\/beratung\/schulung\/"]}]},{"@type":"BreadcrumbList","@id":"https:\/\/arthroscience.de\/beratung\/schulung\/#breadcrumb","itemListElement":[{"@type":"ListItem","position":1,"name":"Startseite","item":"https:\/\/arthroscience.de\/"},{"@type":"ListItem","position":2,"name":"Beratung","item":"https:\/\/arthroscience.de\/beratung\/"},{"@type":"ListItem","position":3,"name":"Schulungen &#038; Vortr\u00e4ge"}]},{"@type":"WebSite","@id":"https:\/\/arthroscience.de\/#website","url":"https:\/\/arthroscience.de\/","name":"ArthroScience","description":"Biozidzulassung, Beratung, Forschung und Entwicklung","publisher":{"@id":"https:\/\/arthroscience.de\/#organization"},"potentialAction":[{"@type":"SearchAction","target":{"@type":"EntryPoint","urlTemplate":"https:\/\/arthroscience.de\/?s={search_term_string}"},"query-input":{"@type":"PropertyValueSpecification","valueRequired":true,"valueName":"search_term_string"}}],"inLanguage":"de"},{"@type":"Organization","@id":"https:\/\/arthroscience.de\/#organization","name":"Arthroscience","alternateName":"DIE EXPERTEN F\u00dcR DIE PR\u00dcFUNG VON BIOZIDEN UND BIOZIDFREIEN PRODUKTEN ZUR BEK\u00c4MPFUNG VON ARTHROPODEN.","url":"https:\/\/arthroscience.de\/","logo":{"@type":"ImageObject","inLanguage":"de","@id":"https:\/\/arthroscience.de\/#\/schema\/logo\/image\/","url":"https:\/\/arthroscience.de\/wp-content\/uploads\/2020\/08\/arthrosience-logo.png","contentUrl":"https:\/\/arthroscience.de\/wp-content\/uploads\/2020\/08\/arthrosience-logo.png","width":1354,"height":1337,"caption":"Arthroscience"},"image":{"@id":"https:\/\/arthroscience.de\/#\/schema\/logo\/image\/"}}]}},"uagb_featured_image_src":{"full":false,"thumbnail":false,"medium":false,"medium_large":false,"large":false,"1536x1536":false,"2048x2048":false,"trp-custom-language-flag":false,"neve-blog":false},"uagb_author_info":{"display_name":"ramandi","author_link":"https:\/\/arthroscience.de\/de\/author\/ramandi\/"},"uagb_comment_info":0,"uagb_excerpt":"SCHULUNGEN &amp; VORTR\u00c4GE Wir bieten Schulungen und Vortr\u00e4ge zur Biologie von verschiedenen Sch\u00e4dlingen, Resistenzmechanismen oder Bek\u00e4mpfungsstrategien an. Es kann Basiswissen oder weiterf\u00fchrendes Wissen f\u00fcr jeden Zuh\u00f6rer vermittelt werden. Beispielvortr\u00e4ge zum thema Bettwanzen: Themen zu weiteren Sch\u00e4dlingsarten k\u00f6nnen gerne per E-Mail angefragt werden. E-Mail:&nbsp;info@arthroscience.de","_links":{"self":[{"href":"https:\/\/arthroscience.de\/de\/wp-json\/wp\/v2\/pages\/228","targetHints":{"allow":["GET"]}}],"collection":[{"href":"https:\/\/arthroscience.de\/de\/wp-json\/wp\/v2\/pages"}],"about":[{"href":"https:\/\/arthroscience.de\/de\/wp-json\/wp\/v2\/types\/page"}],"author":[{"embeddable":true,"href":"https:\/\/arthroscience.de\/de\/wp-json\/wp\/v2\/users\/1"}],"replies":[{"embeddable":true,"href":"https:\/\/arthroscience.de\/de\/wp-json\/wp\/v2\/comments?post=228"}],"version-history":[{"count":18,"href":"https:\/\/arthroscience.de\/de\/wp-json\/wp\/v2\/pages\/228\/revisions"}],"predecessor-version":[{"id":951,"href":"https:\/\/arthroscience.de\/de\/wp-json\/wp\/v2\/pages\/228\/revisions\/951"}],"up":[{"embeddable":true,"href":"https:\/\/arthroscience.de\/de\/wp-json\/wp\/v2\/pages\/110"}],"wp:attachment":[{"href":"https:\/\/arthroscience.de\/de\/wp-json\/wp\/v2\/media?parent=228"}],"curies":[{"name":"wp","href":"https:\/\/api.w.org\/{rel}","templated":true}]}}