{"id":214,"date":"2020-09-08T21:21:36","date_gmt":"2020-09-08T21:21:36","guid":{"rendered":"http:\/\/arthroscience.de\/?page_id=214"},"modified":"2022-12-06T20:36:00","modified_gmt":"2022-12-06T20:36:00","slug":"fliegen","status":"publish","type":"page","link":"https:\/\/arthroscience.de\/de\/tierzuchten\/fliegen\/","title":{"rendered":"Fliegen"},"content":{"rendered":"\n<div style=\"height:200px\" aria-hidden=\"true\" class=\"wp-block-spacer\"><\/div>\n\n\n\n<h1 class=\"has-text-align-left has-nv-dark-bg-color has-text-color wp-block-heading\">Fliegen<\/h1>\n\n\n\n<p class=\"has-neve-text-color-color has-text-color\">Fliegen geh\u00f6ren zur Ordnung der Zweifl\u00fcgler (Diptera) und sind weltweit verbreitet. Je nach Art und der jeweiligen Lebensweise k\u00f6nnen sie als L\u00e4stlinge oder auch als Gesundheitssch\u00e4dlinge eine Rolle spielen. Insbesondere Arten wie die Blaue Schmei\u00dffliege, Stubenfliege oder die Goldfliege findet man auf Aas, aber auch auf verrottendem organischem Material wie Abfall, tierischem Dung oder Kompost. Dadurch k\u00f6nnen sie eine Vielzahl von Pathogenen auf andere Oberfl\u00e4chen oder Lebensmittel \u00fcbertragen. <\/p>\n\n\n\n<div style=\"height:25px\" aria-hidden=\"true\" class=\"wp-block-spacer\"><\/div>\n\n\n\n<div class=\"wp-block-cover is-light\" style=\"min-height:322px;aspect-ratio:unset;\"><span aria-hidden=\"true\" class=\"wp-block-cover__background has-neve-link-hover-color-background-color has-background-dim-40 has-background-dim\"><\/span><img loading=\"lazy\" decoding=\"async\" width=\"1920\" height=\"1080\" class=\"wp-block-cover__image-background wp-image-806\" alt=\"\" src=\"http:\/\/arthroscience.de\/wp-content\/uploads\/2021\/11\/Fliegen_2.webp\" style=\"object-position:84% 62%\" data-object-fit=\"cover\" data-object-position=\"84% 62%\" srcset=\"https:\/\/arthroscience.de\/wp-content\/uploads\/2021\/11\/Fliegen_2.webp 1920w, https:\/\/arthroscience.de\/wp-content\/uploads\/2021\/11\/Fliegen_2-300x169.webp 300w, https:\/\/arthroscience.de\/wp-content\/uploads\/2021\/11\/Fliegen_2-1024x576.webp 1024w, https:\/\/arthroscience.de\/wp-content\/uploads\/2021\/11\/Fliegen_2-768x432.webp 768w, https:\/\/arthroscience.de\/wp-content\/uploads\/2021\/11\/Fliegen_2-1536x864.webp 1536w\" sizes=\"auto, (max-width: 1920px) 100vw, 1920px\" \/><div class=\"wp-block-cover__inner-container is-layout-flow wp-block-cover-is-layout-flow\">\n<p class=\"has-text-align-center has-large-font-size\"><\/p>\n<\/div><\/div>\n\n\n\n<div style=\"height:50px\" aria-hidden=\"true\" class=\"wp-block-spacer\"><\/div>\n\n\n\n<p class=\"has-neve-text-color-color has-text-color\">Die \u00dcbertragung der Erreger erfolgt passiv durch die Abgabe von Kot oder durch K\u00f6rperkontakt, weshalb sie zu den mechanischen Vektoren z\u00e4hlen. Zudem ist der Kropf der Fliegen ein entscheidender Ort f\u00fcr die Vermehrung verschiedenster Bakterien, die durch Regurgitieren auf die Nahrung der Fliege abgegeben werden.<\/p>\n\n\n\n<div style=\"height:25px\" aria-hidden=\"true\" class=\"wp-block-spacer\"><\/div>\n\n\n\n<h4 class=\"has-text-align-left ticss-f749a6e8 has-nv-dark-bg-color has-text-color wp-block-heading\">In unserer Zucht halten wir sensible St\u00e4mme der als <br>Gesundheitssch\u00e4dlinge relevanten Fliegenarten:<\/h4>\n\n\n\n<blockquote class=\"wp-block-quote is-layout-flow wp-block-quote-is-layout-flow\">\n<p><mark style=\"background-color:rgba(0, 0, 0, 0)\" class=\"has-inline-color has-nv-dark-bg-color\"><strong><em>Musca domestica <\/em><\/strong>(Gemeine Stubenfliege)<\/mark><\/p>\n\n\n\n<p><mark style=\"background-color:rgba(0, 0, 0, 0)\" class=\"has-inline-color has-nv-dark-bg-color\"><strong><em>Lucilia sericata <\/em><\/strong>(Goldfliege)<\/mark><\/p>\n\n\n\n<p><mark style=\"background-color:rgba(0, 0, 0, 0)\" class=\"has-inline-color has-nv-dark-bg-color\"><strong><em>Calliphora vicina <\/em><\/strong>(Blaue Schmei\u00dffliege)<\/mark><\/p>\n<\/blockquote>\n\n\n\n<h4 class=\"has-neve-text-color-color has-text-color wp-block-heading\">Au\u00dferdem halten wir:<\/h4>\n\n\n\n<blockquote class=\"wp-block-quote is-layout-flow wp-block-quote-is-layout-flow\">\n<p><strong><span class=\"has-inline-color has-nv-dark-bg-color\"><em>Drosophila melanogaster <\/em><\/span><\/strong><span class=\"has-inline-color has-nv-dark-bg-color\">(Fruchtfliege)<\/span><\/p>\n<\/blockquote>\n","protected":false},"excerpt":{"rendered":"<p>Fliegen Fliegen geh\u00f6ren zur Ordnung der Zweifl\u00fcgler (Diptera) und sind weltweit verbreitet. Je nach Art und der jeweiligen Lebensweise k\u00f6nnen sie als L\u00e4stlinge oder auch als Gesundheitssch\u00e4dlinge eine Rolle spielen. Insbesondere Arten wie die Blaue Schmei\u00dffliege, Stubenfliege oder die Goldfliege findet man auf Aas, aber auch auf verrottendem organischem Material wie Abfall, tierischem Dung oder&hellip;&nbsp;<a href=\"https:\/\/arthroscience.de\/de\/tierzuchten\/fliegen\/\" rel=\"bookmark\">Weiterlesen &raquo;<span class=\"screen-reader-text\">Fliegen<\/span><\/a><\/p>\n","protected":false},"author":2,"featured_media":0,"parent":108,"menu_order":0,"comment_status":"closed","ping_status":"closed","template":"","meta":{"_uag_custom_page_level_css":"","neve_meta_sidebar":"full-width","neve_meta_container":"contained","neve_meta_enable_content_width":"on","neve_meta_content_width":100,"neve_meta_title_alignment":"","neve_meta_author_avatar":"","neve_post_elements_order":"","neve_meta_disable_header":"","neve_meta_disable_footer":"","neve_meta_disable_title":"on","_themeisle_gutenberg_block_has_review":false,"footnotes":""},"class_list":["post-214","page","type-page","status-publish","hentry"],"yoast_head":"<!-- This site is optimized with the Yoast SEO plugin v27.4 - https:\/\/yoast.com\/product\/yoast-seo-wordpress\/ -->\n<title>Fliegen - ArthroScience<\/title>\n<meta name=\"robots\" content=\"index, follow, max-snippet:-1, max-image-preview:large, max-video-preview:-1\" \/>\n<link rel=\"canonical\" href=\"https:\/\/arthroscience.de\/de\/tierzuchten\/fliegen\/\" \/>\n<meta property=\"og:locale\" content=\"de_DE\" \/>\n<meta property=\"og:type\" content=\"article\" \/>\n<meta property=\"og:title\" content=\"Fliegen - ArthroScience\" \/>\n<meta property=\"og:description\" content=\"Fliegen Fliegen geh\u00f6ren zur Ordnung der Zweifl\u00fcgler (Diptera) und sind weltweit verbreitet. Je nach Art und der jeweiligen Lebensweise k\u00f6nnen sie als L\u00e4stlinge oder auch als Gesundheitssch\u00e4dlinge eine Rolle spielen. Insbesondere Arten wie die Blaue Schmei\u00dffliege, Stubenfliege oder die Goldfliege findet man auf Aas, aber auch auf verrottendem organischem Material wie Abfall, tierischem Dung oder&hellip;&nbsp;Weiterlesen &raquo;Fliegen\" \/>\n<meta property=\"og:url\" content=\"https:\/\/arthroscience.de\/de\/tierzuchten\/fliegen\/\" \/>\n<meta property=\"og:site_name\" content=\"ArthroScience\" \/>\n<meta property=\"article:modified_time\" content=\"2022-12-06T20:36:00+00:00\" \/>\n<meta property=\"og:image\" content=\"http:\/\/arthroscience.de\/wp-content\/uploads\/2021\/11\/Fliegen_2.webp\" \/>\n<meta name=\"twitter:card\" content=\"summary_large_image\" \/>\n<meta name=\"twitter:label1\" content=\"Gesch\u00e4tzte Lesezeit\" \/>\n\t<meta name=\"twitter:data1\" content=\"1\u00a0Minute\" \/>\n<script type=\"application\/ld+json\" class=\"yoast-schema-graph\">{\"@context\":\"https:\\\/\\\/schema.org\",\"@graph\":[{\"@type\":\"WebPage\",\"@id\":\"https:\\\/\\\/arthroscience.de\\\/tierzuchten\\\/fliegen\\\/\",\"url\":\"https:\\\/\\\/arthroscience.de\\\/tierzuchten\\\/fliegen\\\/\",\"name\":\"Fliegen - ArthroScience\",\"isPartOf\":{\"@id\":\"https:\\\/\\\/arthroscience.de\\\/#website\"},\"primaryImageOfPage\":{\"@id\":\"https:\\\/\\\/arthroscience.de\\\/tierzuchten\\\/fliegen\\\/#primaryimage\"},\"image\":{\"@id\":\"https:\\\/\\\/arthroscience.de\\\/tierzuchten\\\/fliegen\\\/#primaryimage\"},\"thumbnailUrl\":\"http:\\\/\\\/arthroscience.de\\\/wp-content\\\/uploads\\\/2021\\\/11\\\/Fliegen_2.webp\",\"datePublished\":\"2020-09-08T21:21:36+00:00\",\"dateModified\":\"2022-12-06T20:36:00+00:00\",\"breadcrumb\":{\"@id\":\"https:\\\/\\\/arthroscience.de\\\/tierzuchten\\\/fliegen\\\/#breadcrumb\"},\"inLanguage\":\"de\",\"potentialAction\":[{\"@type\":\"ReadAction\",\"target\":[\"https:\\\/\\\/arthroscience.de\\\/tierzuchten\\\/fliegen\\\/\"]}]},{\"@type\":\"ImageObject\",\"inLanguage\":\"de\",\"@id\":\"https:\\\/\\\/arthroscience.de\\\/tierzuchten\\\/fliegen\\\/#primaryimage\",\"url\":\"http:\\\/\\\/arthroscience.de\\\/wp-content\\\/uploads\\\/2021\\\/11\\\/Fliegen_2.webp\",\"contentUrl\":\"http:\\\/\\\/arthroscience.de\\\/wp-content\\\/uploads\\\/2021\\\/11\\\/Fliegen_2.webp\"},{\"@type\":\"BreadcrumbList\",\"@id\":\"https:\\\/\\\/arthroscience.de\\\/tierzuchten\\\/fliegen\\\/#breadcrumb\",\"itemListElement\":[{\"@type\":\"ListItem\",\"position\":1,\"name\":\"Startseite\",\"item\":\"https:\\\/\\\/arthroscience.de\\\/\"},{\"@type\":\"ListItem\",\"position\":2,\"name\":\"Tierzuchten\",\"item\":\"https:\\\/\\\/arthroscience.de\\\/tierzuchten\\\/\"},{\"@type\":\"ListItem\",\"position\":3,\"name\":\"Fliegen\"}]},{\"@type\":\"WebSite\",\"@id\":\"https:\\\/\\\/arthroscience.de\\\/#website\",\"url\":\"https:\\\/\\\/arthroscience.de\\\/\",\"name\":\"ArthroScience\",\"description\":\"Biozidzulassung, Beratung, Forschung und Entwicklung\",\"publisher\":{\"@id\":\"https:\\\/\\\/arthroscience.de\\\/#organization\"},\"potentialAction\":[{\"@type\":\"SearchAction\",\"target\":{\"@type\":\"EntryPoint\",\"urlTemplate\":\"https:\\\/\\\/arthroscience.de\\\/?s={search_term_string}\"},\"query-input\":{\"@type\":\"PropertyValueSpecification\",\"valueRequired\":true,\"valueName\":\"search_term_string\"}}],\"inLanguage\":\"de\"},{\"@type\":\"Organization\",\"@id\":\"https:\\\/\\\/arthroscience.de\\\/#organization\",\"name\":\"Arthroscience\",\"alternateName\":\"DIE EXPERTEN F\u00dcR DIE PR\u00dcFUNG VON BIOZIDEN UND BIOZIDFREIEN PRODUKTEN ZUR BEK\u00c4MPFUNG VON ARTHROPODEN.\",\"url\":\"https:\\\/\\\/arthroscience.de\\\/\",\"logo\":{\"@type\":\"ImageObject\",\"inLanguage\":\"de\",\"@id\":\"https:\\\/\\\/arthroscience.de\\\/#\\\/schema\\\/logo\\\/image\\\/\",\"url\":\"https:\\\/\\\/arthroscience.de\\\/wp-content\\\/uploads\\\/2020\\\/08\\\/arthrosience-logo.png\",\"contentUrl\":\"https:\\\/\\\/arthroscience.de\\\/wp-content\\\/uploads\\\/2020\\\/08\\\/arthrosience-logo.png\",\"width\":1354,\"height\":1337,\"caption\":\"Arthroscience\"},\"image\":{\"@id\":\"https:\\\/\\\/arthroscience.de\\\/#\\\/schema\\\/logo\\\/image\\\/\"}}]}<\/script>\n<!-- \/ Yoast SEO plugin. -->","yoast_head_json":{"title":"Fliegen - ArthroScience","robots":{"index":"index","follow":"follow","max-snippet":"max-snippet:-1","max-image-preview":"max-image-preview:large","max-video-preview":"max-video-preview:-1"},"canonical":"https:\/\/arthroscience.de\/de\/tierzuchten\/fliegen\/","og_locale":"de_DE","og_type":"article","og_title":"Fliegen - ArthroScience","og_description":"Fliegen Fliegen geh\u00f6ren zur Ordnung der Zweifl\u00fcgler (Diptera) und sind weltweit verbreitet. Je nach Art und der jeweiligen Lebensweise k\u00f6nnen sie als L\u00e4stlinge oder auch als Gesundheitssch\u00e4dlinge eine Rolle spielen. Insbesondere Arten wie die Blaue Schmei\u00dffliege, Stubenfliege oder die Goldfliege findet man auf Aas, aber auch auf verrottendem organischem Material wie Abfall, tierischem Dung oder&hellip;&nbsp;Weiterlesen &raquo;Fliegen","og_url":"https:\/\/arthroscience.de\/de\/tierzuchten\/fliegen\/","og_site_name":"ArthroScience","article_modified_time":"2022-12-06T20:36:00+00:00","og_image":[{"url":"http:\/\/arthroscience.de\/wp-content\/uploads\/2021\/11\/Fliegen_2.webp","type":"","width":"","height":""}],"twitter_card":"summary_large_image","twitter_misc":{"Gesch\u00e4tzte Lesezeit":"1\u00a0Minute"},"schema":{"@context":"https:\/\/schema.org","@graph":[{"@type":"WebPage","@id":"https:\/\/arthroscience.de\/tierzuchten\/fliegen\/","url":"https:\/\/arthroscience.de\/tierzuchten\/fliegen\/","name":"Fliegen - ArthroScience","isPartOf":{"@id":"https:\/\/arthroscience.de\/#website"},"primaryImageOfPage":{"@id":"https:\/\/arthroscience.de\/tierzuchten\/fliegen\/#primaryimage"},"image":{"@id":"https:\/\/arthroscience.de\/tierzuchten\/fliegen\/#primaryimage"},"thumbnailUrl":"http:\/\/arthroscience.de\/wp-content\/uploads\/2021\/11\/Fliegen_2.webp","datePublished":"2020-09-08T21:21:36+00:00","dateModified":"2022-12-06T20:36:00+00:00","breadcrumb":{"@id":"https:\/\/arthroscience.de\/tierzuchten\/fliegen\/#breadcrumb"},"inLanguage":"de","potentialAction":[{"@type":"ReadAction","target":["https:\/\/arthroscience.de\/tierzuchten\/fliegen\/"]}]},{"@type":"ImageObject","inLanguage":"de","@id":"https:\/\/arthroscience.de\/tierzuchten\/fliegen\/#primaryimage","url":"http:\/\/arthroscience.de\/wp-content\/uploads\/2021\/11\/Fliegen_2.webp","contentUrl":"http:\/\/arthroscience.de\/wp-content\/uploads\/2021\/11\/Fliegen_2.webp"},{"@type":"BreadcrumbList","@id":"https:\/\/arthroscience.de\/tierzuchten\/fliegen\/#breadcrumb","itemListElement":[{"@type":"ListItem","position":1,"name":"Startseite","item":"https:\/\/arthroscience.de\/"},{"@type":"ListItem","position":2,"name":"Tierzuchten","item":"https:\/\/arthroscience.de\/tierzuchten\/"},{"@type":"ListItem","position":3,"name":"Fliegen"}]},{"@type":"WebSite","@id":"https:\/\/arthroscience.de\/#website","url":"https:\/\/arthroscience.de\/","name":"ArthroScience","description":"Biozidzulassung, Beratung, Forschung und Entwicklung","publisher":{"@id":"https:\/\/arthroscience.de\/#organization"},"potentialAction":[{"@type":"SearchAction","target":{"@type":"EntryPoint","urlTemplate":"https:\/\/arthroscience.de\/?s={search_term_string}"},"query-input":{"@type":"PropertyValueSpecification","valueRequired":true,"valueName":"search_term_string"}}],"inLanguage":"de"},{"@type":"Organization","@id":"https:\/\/arthroscience.de\/#organization","name":"Arthroscience","alternateName":"DIE EXPERTEN F\u00dcR DIE PR\u00dcFUNG VON BIOZIDEN UND BIOZIDFREIEN PRODUKTEN ZUR BEK\u00c4MPFUNG VON ARTHROPODEN.","url":"https:\/\/arthroscience.de\/","logo":{"@type":"ImageObject","inLanguage":"de","@id":"https:\/\/arthroscience.de\/#\/schema\/logo\/image\/","url":"https:\/\/arthroscience.de\/wp-content\/uploads\/2020\/08\/arthrosience-logo.png","contentUrl":"https:\/\/arthroscience.de\/wp-content\/uploads\/2020\/08\/arthrosience-logo.png","width":1354,"height":1337,"caption":"Arthroscience"},"image":{"@id":"https:\/\/arthroscience.de\/#\/schema\/logo\/image\/"}}]}},"uagb_featured_image_src":{"full":false,"thumbnail":false,"medium":false,"medium_large":false,"large":false,"1536x1536":false,"2048x2048":false,"trp-custom-language-flag":false,"neve-blog":false},"uagb_author_info":{"display_name":"Anne Meseg","author_link":"https:\/\/arthroscience.de\/de\/author\/anne\/"},"uagb_comment_info":0,"uagb_excerpt":"Fliegen Fliegen geh\u00f6ren zur Ordnung der Zweifl\u00fcgler (Diptera) und sind weltweit verbreitet. Je nach Art und der jeweiligen Lebensweise k\u00f6nnen sie als L\u00e4stlinge oder auch als Gesundheitssch\u00e4dlinge eine Rolle spielen. Insbesondere Arten wie die Blaue Schmei\u00dffliege, Stubenfliege oder die Goldfliege findet man auf Aas, aber auch auf verrottendem organischem Material wie Abfall, tierischem Dung oder&hellip;&nbsp;Weiterlesen&hellip;","_links":{"self":[{"href":"https:\/\/arthroscience.de\/de\/wp-json\/wp\/v2\/pages\/214","targetHints":{"allow":["GET"]}}],"collection":[{"href":"https:\/\/arthroscience.de\/de\/wp-json\/wp\/v2\/pages"}],"about":[{"href":"https:\/\/arthroscience.de\/de\/wp-json\/wp\/v2\/types\/page"}],"author":[{"embeddable":true,"href":"https:\/\/arthroscience.de\/de\/wp-json\/wp\/v2\/users\/2"}],"replies":[{"embeddable":true,"href":"https:\/\/arthroscience.de\/de\/wp-json\/wp\/v2\/comments?post=214"}],"version-history":[{"count":17,"href":"https:\/\/arthroscience.de\/de\/wp-json\/wp\/v2\/pages\/214\/revisions"}],"predecessor-version":[{"id":1054,"href":"https:\/\/arthroscience.de\/de\/wp-json\/wp\/v2\/pages\/214\/revisions\/1054"}],"up":[{"embeddable":true,"href":"https:\/\/arthroscience.de\/de\/wp-json\/wp\/v2\/pages\/108"}],"wp:attachment":[{"href":"https:\/\/arthroscience.de\/de\/wp-json\/wp\/v2\/media?parent=214"}],"curies":[{"name":"wp","href":"https:\/\/api.w.org\/{rel}","templated":true}]}}