{"id":210,"date":"2020-09-08T21:05:18","date_gmt":"2020-09-08T21:05:18","guid":{"rendered":"http:\/\/arthroscience.de\/?page_id=210"},"modified":"2023-11-16T13:39:00","modified_gmt":"2023-11-16T13:39:00","slug":"schaben","status":"publish","type":"page","link":"https:\/\/arthroscience.de\/de\/tierzuchten\/schaben\/","title":{"rendered":"Schaben"},"content":{"rendered":"\n<div style=\"height:200px\" aria-hidden=\"true\" class=\"wp-block-spacer\"><\/div>\n\n\n\n<h1 class=\"has-nv-dark-bg-color has-text-color wp-block-heading\">Schaben<\/h1>\n\n\n\n<p class=\"has-neve-text-color-color has-text-color\">Schaben geh\u00f6ren zur Ordnung der Blattodea und wurden durch den Menschen weltweit verschleppt. Als Allesfresser sind sie an menschliche Siedlungsbereiche sehr gut angepasst. Schaben sind nachtaktiv und verbringen den Gro\u00dfteil des Tages in ihren Verstecken. Dabei zeigen sie ein auff\u00e4lliges Aggregationsverhalten, d.h. man findet sie meist in ihren Verstecken in gro\u00dfen Gruppen. <\/p>\n\n\n\n<div style=\"height:25px\" aria-hidden=\"true\" class=\"wp-block-spacer\"><\/div>\n\n\n\n<div class=\"wp-block-cover is-light\" style=\"min-height:322px;aspect-ratio:unset;\"><span aria-hidden=\"true\" class=\"wp-block-cover__background has-neve-link-hover-color-background-color has-background-dim-40 has-background-dim\"><\/span><img loading=\"lazy\" decoding=\"async\" width=\"1920\" height=\"1080\" class=\"wp-block-cover__image-background wp-image-811\" alt=\"\" src=\"http:\/\/arthroscience.de\/wp-content\/uploads\/2021\/11\/Schaben.webp\" style=\"object-position:55% 55%\" data-object-fit=\"cover\" data-object-position=\"55% 55%\" srcset=\"https:\/\/arthroscience.de\/wp-content\/uploads\/2021\/11\/Schaben.webp 1920w, https:\/\/arthroscience.de\/wp-content\/uploads\/2021\/11\/Schaben-300x169.webp 300w, https:\/\/arthroscience.de\/wp-content\/uploads\/2021\/11\/Schaben-1024x576.webp 1024w, https:\/\/arthroscience.de\/wp-content\/uploads\/2021\/11\/Schaben-768x432.webp 768w, https:\/\/arthroscience.de\/wp-content\/uploads\/2021\/11\/Schaben-1536x864.webp 1536w\" sizes=\"auto, (max-width: 1920px) 100vw, 1920px\" \/><div class=\"wp-block-cover__inner-container is-layout-flow wp-block-cover-is-layout-flow\">\n<p class=\"has-text-align-center has-large-font-size\"><\/p>\n<\/div><\/div>\n\n\n\n<div style=\"height:50px\" aria-hidden=\"true\" class=\"wp-block-spacer\"><\/div>\n\n\n\n<p class=\"has-neve-text-color-color has-text-color\">Schaben sind Gesundheitssch\u00e4dlinge, da sie mechanische Vektoren sind. Das bedeutet, sie tragen auf ihrer K\u00f6rperoberfl\u00e4che verschiedenste Krankheitserreger, welche sie bei Kontakt \u00fcbertragen k\u00f6nnen. Hierzu geh\u00f6ren Vertreter von Bakterien, Pilzen, Helminthen, Protozoen und Viren, die die Schaben verschleppen. Auch multiresistente Bakterien wurden nachgewiesen. Besonders st\u00e4rkere Bef\u00e4lle mit Schaben k\u00f6nnen au\u00dferdem durch deren Kot Allergien und Asthma ausl\u00f6sen.<\/p>\n\n\n\n<div style=\"height:25px\" aria-hidden=\"true\" class=\"wp-block-spacer\"><\/div>\n\n\n\n<h4 class=\"has-text-align-left ticss-f749a6e8 has-nv-dark-bg-color has-text-color wp-block-heading\">In unserer Zucht halten wir sensible St\u00e4mme der als <br>Gesundheitssch\u00e4dlinge relevanten Schabenarten:<\/h4>\n\n\n\n<blockquote class=\"wp-block-quote is-layout-flow wp-block-quote-is-layout-flow\">\n<p><mark style=\"background-color:rgba(0, 0, 0, 0)\" class=\"has-inline-color has-neve-text-color-color\"><strong><em>Blattella germanica <\/em><\/strong>(Deutsche Schabe)<\/mark><\/p>\n\n\n\n<p><mark style=\"background-color:rgba(0, 0, 0, 0)\" class=\"has-inline-color has-neve-text-color-color\"><strong><em>Blatta orientalis <\/em><\/strong>(Orientalische Schabe)<\/mark><\/p>\n\n\n\n<p><mark style=\"background-color:rgba(0, 0, 0, 0)\" class=\"has-inline-color has-neve-text-color-color\"><strong><em>Periplaneta americana <\/em><\/strong>(Amerikanische Schabe)<\/mark><\/p>\n\n\n\n<p><em><strong>Supella longipalpa <\/strong><\/em>(Braunbandschabe)<\/p>\n<\/blockquote>\n\n\n\n<div style=\"height:100px\" aria-hidden=\"true\" class=\"wp-block-spacer\"><\/div>\n","protected":false},"excerpt":{"rendered":"<p>Schaben Schaben geh\u00f6ren zur Ordnung der Blattodea und wurden durch den Menschen weltweit verschleppt. Als Allesfresser sind sie an menschliche Siedlungsbereiche sehr gut angepasst. Schaben sind nachtaktiv und verbringen den Gro\u00dfteil des Tages in ihren Verstecken. Dabei zeigen sie ein auff\u00e4lliges Aggregationsverhalten, d.h. man findet sie meist in ihren Verstecken in gro\u00dfen Gruppen. Schaben sind&hellip;&nbsp;<a href=\"https:\/\/arthroscience.de\/de\/tierzuchten\/schaben\/\" rel=\"bookmark\">Weiterlesen &raquo;<span class=\"screen-reader-text\">Schaben<\/span><\/a><\/p>\n","protected":false},"author":2,"featured_media":0,"parent":108,"menu_order":0,"comment_status":"closed","ping_status":"closed","template":"","meta":{"_uag_custom_page_level_css":"","neve_meta_sidebar":"full-width","neve_meta_container":"contained","neve_meta_enable_content_width":"on","neve_meta_content_width":100,"neve_meta_title_alignment":"","neve_meta_author_avatar":"","neve_post_elements_order":"","neve_meta_disable_header":"","neve_meta_disable_footer":"","neve_meta_disable_title":"on","_themeisle_gutenberg_block_has_review":false,"footnotes":""},"class_list":["post-210","page","type-page","status-publish","hentry"],"yoast_head":"<!-- This site is optimized with the Yoast SEO plugin v27.3 - https:\/\/yoast.com\/product\/yoast-seo-wordpress\/ -->\n<title>Schaben - ArthroScience<\/title>\n<meta name=\"robots\" content=\"index, follow, max-snippet:-1, max-image-preview:large, max-video-preview:-1\" \/>\n<link rel=\"canonical\" href=\"https:\/\/arthroscience.de\/de\/tierzuchten\/schaben\/\" \/>\n<meta property=\"og:locale\" content=\"de_DE\" \/>\n<meta property=\"og:type\" content=\"article\" \/>\n<meta property=\"og:title\" content=\"Schaben - ArthroScience\" \/>\n<meta property=\"og:description\" content=\"Schaben Schaben geh\u00f6ren zur Ordnung der Blattodea und wurden durch den Menschen weltweit verschleppt. Als Allesfresser sind sie an menschliche Siedlungsbereiche sehr gut angepasst. Schaben sind nachtaktiv und verbringen den Gro\u00dfteil des Tages in ihren Verstecken. Dabei zeigen sie ein auff\u00e4lliges Aggregationsverhalten, d.h. man findet sie meist in ihren Verstecken in gro\u00dfen Gruppen. Schaben sind&hellip;&nbsp;Weiterlesen &raquo;Schaben\" \/>\n<meta property=\"og:url\" content=\"https:\/\/arthroscience.de\/de\/tierzuchten\/schaben\/\" \/>\n<meta property=\"og:site_name\" content=\"ArthroScience\" \/>\n<meta property=\"article:modified_time\" content=\"2023-11-16T13:39:00+00:00\" \/>\n<meta property=\"og:image\" content=\"http:\/\/arthroscience.de\/wp-content\/uploads\/2021\/11\/Schaben.webp\" \/>\n<meta name=\"twitter:card\" content=\"summary_large_image\" \/>\n<meta name=\"twitter:label1\" content=\"Gesch\u00e4tzte Lesezeit\" \/>\n\t<meta name=\"twitter:data1\" content=\"1\u00a0Minute\" \/>\n<script type=\"application\/ld+json\" class=\"yoast-schema-graph\">{\"@context\":\"https:\\\/\\\/schema.org\",\"@graph\":[{\"@type\":\"WebPage\",\"@id\":\"https:\\\/\\\/arthroscience.de\\\/tierzuchten\\\/schaben\\\/\",\"url\":\"https:\\\/\\\/arthroscience.de\\\/tierzuchten\\\/schaben\\\/\",\"name\":\"Schaben - ArthroScience\",\"isPartOf\":{\"@id\":\"https:\\\/\\\/arthroscience.de\\\/#website\"},\"primaryImageOfPage\":{\"@id\":\"https:\\\/\\\/arthroscience.de\\\/tierzuchten\\\/schaben\\\/#primaryimage\"},\"image\":{\"@id\":\"https:\\\/\\\/arthroscience.de\\\/tierzuchten\\\/schaben\\\/#primaryimage\"},\"thumbnailUrl\":\"http:\\\/\\\/arthroscience.de\\\/wp-content\\\/uploads\\\/2021\\\/11\\\/Schaben.webp\",\"datePublished\":\"2020-09-08T21:05:18+00:00\",\"dateModified\":\"2023-11-16T13:39:00+00:00\",\"breadcrumb\":{\"@id\":\"https:\\\/\\\/arthroscience.de\\\/tierzuchten\\\/schaben\\\/#breadcrumb\"},\"inLanguage\":\"de\",\"potentialAction\":[{\"@type\":\"ReadAction\",\"target\":[\"https:\\\/\\\/arthroscience.de\\\/tierzuchten\\\/schaben\\\/\"]}]},{\"@type\":\"ImageObject\",\"inLanguage\":\"de\",\"@id\":\"https:\\\/\\\/arthroscience.de\\\/tierzuchten\\\/schaben\\\/#primaryimage\",\"url\":\"http:\\\/\\\/arthroscience.de\\\/wp-content\\\/uploads\\\/2021\\\/11\\\/Schaben.webp\",\"contentUrl\":\"http:\\\/\\\/arthroscience.de\\\/wp-content\\\/uploads\\\/2021\\\/11\\\/Schaben.webp\"},{\"@type\":\"BreadcrumbList\",\"@id\":\"https:\\\/\\\/arthroscience.de\\\/tierzuchten\\\/schaben\\\/#breadcrumb\",\"itemListElement\":[{\"@type\":\"ListItem\",\"position\":1,\"name\":\"Startseite\",\"item\":\"https:\\\/\\\/arthroscience.de\\\/\"},{\"@type\":\"ListItem\",\"position\":2,\"name\":\"Tierzuchten\",\"item\":\"https:\\\/\\\/arthroscience.de\\\/tierzuchten\\\/\"},{\"@type\":\"ListItem\",\"position\":3,\"name\":\"Schaben\"}]},{\"@type\":\"WebSite\",\"@id\":\"https:\\\/\\\/arthroscience.de\\\/#website\",\"url\":\"https:\\\/\\\/arthroscience.de\\\/\",\"name\":\"ArthroScience\",\"description\":\"Biozidzulassung, Beratung, Forschung und Entwicklung\",\"publisher\":{\"@id\":\"https:\\\/\\\/arthroscience.de\\\/#organization\"},\"potentialAction\":[{\"@type\":\"SearchAction\",\"target\":{\"@type\":\"EntryPoint\",\"urlTemplate\":\"https:\\\/\\\/arthroscience.de\\\/?s={search_term_string}\"},\"query-input\":{\"@type\":\"PropertyValueSpecification\",\"valueRequired\":true,\"valueName\":\"search_term_string\"}}],\"inLanguage\":\"de\"},{\"@type\":\"Organization\",\"@id\":\"https:\\\/\\\/arthroscience.de\\\/#organization\",\"name\":\"Arthroscience\",\"alternateName\":\"DIE EXPERTEN F\u00dcR DIE PR\u00dcFUNG VON BIOZIDEN UND BIOZIDFREIEN PRODUKTEN ZUR BEK\u00c4MPFUNG VON ARTHROPODEN.\",\"url\":\"https:\\\/\\\/arthroscience.de\\\/\",\"logo\":{\"@type\":\"ImageObject\",\"inLanguage\":\"de\",\"@id\":\"https:\\\/\\\/arthroscience.de\\\/#\\\/schema\\\/logo\\\/image\\\/\",\"url\":\"https:\\\/\\\/arthroscience.de\\\/wp-content\\\/uploads\\\/2020\\\/08\\\/arthrosience-logo.png\",\"contentUrl\":\"https:\\\/\\\/arthroscience.de\\\/wp-content\\\/uploads\\\/2020\\\/08\\\/arthrosience-logo.png\",\"width\":1354,\"height\":1337,\"caption\":\"Arthroscience\"},\"image\":{\"@id\":\"https:\\\/\\\/arthroscience.de\\\/#\\\/schema\\\/logo\\\/image\\\/\"}}]}<\/script>\n<!-- \/ Yoast SEO plugin. -->","yoast_head_json":{"title":"Schaben - ArthroScience","robots":{"index":"index","follow":"follow","max-snippet":"max-snippet:-1","max-image-preview":"max-image-preview:large","max-video-preview":"max-video-preview:-1"},"canonical":"https:\/\/arthroscience.de\/de\/tierzuchten\/schaben\/","og_locale":"de_DE","og_type":"article","og_title":"Schaben - ArthroScience","og_description":"Schaben Schaben geh\u00f6ren zur Ordnung der Blattodea und wurden durch den Menschen weltweit verschleppt. Als Allesfresser sind sie an menschliche Siedlungsbereiche sehr gut angepasst. Schaben sind nachtaktiv und verbringen den Gro\u00dfteil des Tages in ihren Verstecken. Dabei zeigen sie ein auff\u00e4lliges Aggregationsverhalten, d.h. man findet sie meist in ihren Verstecken in gro\u00dfen Gruppen. Schaben sind&hellip;&nbsp;Weiterlesen &raquo;Schaben","og_url":"https:\/\/arthroscience.de\/de\/tierzuchten\/schaben\/","og_site_name":"ArthroScience","article_modified_time":"2023-11-16T13:39:00+00:00","og_image":[{"url":"http:\/\/arthroscience.de\/wp-content\/uploads\/2021\/11\/Schaben.webp","type":"","width":"","height":""}],"twitter_card":"summary_large_image","twitter_misc":{"Gesch\u00e4tzte Lesezeit":"1\u00a0Minute"},"schema":{"@context":"https:\/\/schema.org","@graph":[{"@type":"WebPage","@id":"https:\/\/arthroscience.de\/tierzuchten\/schaben\/","url":"https:\/\/arthroscience.de\/tierzuchten\/schaben\/","name":"Schaben - ArthroScience","isPartOf":{"@id":"https:\/\/arthroscience.de\/#website"},"primaryImageOfPage":{"@id":"https:\/\/arthroscience.de\/tierzuchten\/schaben\/#primaryimage"},"image":{"@id":"https:\/\/arthroscience.de\/tierzuchten\/schaben\/#primaryimage"},"thumbnailUrl":"http:\/\/arthroscience.de\/wp-content\/uploads\/2021\/11\/Schaben.webp","datePublished":"2020-09-08T21:05:18+00:00","dateModified":"2023-11-16T13:39:00+00:00","breadcrumb":{"@id":"https:\/\/arthroscience.de\/tierzuchten\/schaben\/#breadcrumb"},"inLanguage":"de","potentialAction":[{"@type":"ReadAction","target":["https:\/\/arthroscience.de\/tierzuchten\/schaben\/"]}]},{"@type":"ImageObject","inLanguage":"de","@id":"https:\/\/arthroscience.de\/tierzuchten\/schaben\/#primaryimage","url":"http:\/\/arthroscience.de\/wp-content\/uploads\/2021\/11\/Schaben.webp","contentUrl":"http:\/\/arthroscience.de\/wp-content\/uploads\/2021\/11\/Schaben.webp"},{"@type":"BreadcrumbList","@id":"https:\/\/arthroscience.de\/tierzuchten\/schaben\/#breadcrumb","itemListElement":[{"@type":"ListItem","position":1,"name":"Startseite","item":"https:\/\/arthroscience.de\/"},{"@type":"ListItem","position":2,"name":"Tierzuchten","item":"https:\/\/arthroscience.de\/tierzuchten\/"},{"@type":"ListItem","position":3,"name":"Schaben"}]},{"@type":"WebSite","@id":"https:\/\/arthroscience.de\/#website","url":"https:\/\/arthroscience.de\/","name":"ArthroScience","description":"Biozidzulassung, Beratung, Forschung und Entwicklung","publisher":{"@id":"https:\/\/arthroscience.de\/#organization"},"potentialAction":[{"@type":"SearchAction","target":{"@type":"EntryPoint","urlTemplate":"https:\/\/arthroscience.de\/?s={search_term_string}"},"query-input":{"@type":"PropertyValueSpecification","valueRequired":true,"valueName":"search_term_string"}}],"inLanguage":"de"},{"@type":"Organization","@id":"https:\/\/arthroscience.de\/#organization","name":"Arthroscience","alternateName":"DIE EXPERTEN F\u00dcR DIE PR\u00dcFUNG VON BIOZIDEN UND BIOZIDFREIEN PRODUKTEN ZUR BEK\u00c4MPFUNG VON ARTHROPODEN.","url":"https:\/\/arthroscience.de\/","logo":{"@type":"ImageObject","inLanguage":"de","@id":"https:\/\/arthroscience.de\/#\/schema\/logo\/image\/","url":"https:\/\/arthroscience.de\/wp-content\/uploads\/2020\/08\/arthrosience-logo.png","contentUrl":"https:\/\/arthroscience.de\/wp-content\/uploads\/2020\/08\/arthrosience-logo.png","width":1354,"height":1337,"caption":"Arthroscience"},"image":{"@id":"https:\/\/arthroscience.de\/#\/schema\/logo\/image\/"}}]}},"uagb_featured_image_src":{"full":false,"thumbnail":false,"medium":false,"medium_large":false,"large":false,"1536x1536":false,"2048x2048":false,"trp-custom-language-flag":false,"neve-blog":false},"uagb_author_info":{"display_name":"Anne Meseg","author_link":"https:\/\/arthroscience.de\/de\/author\/anne\/"},"uagb_comment_info":0,"uagb_excerpt":"Schaben Schaben geh\u00f6ren zur Ordnung der Blattodea und wurden durch den Menschen weltweit verschleppt. Als Allesfresser sind sie an menschliche Siedlungsbereiche sehr gut angepasst. Schaben sind nachtaktiv und verbringen den Gro\u00dfteil des Tages in ihren Verstecken. Dabei zeigen sie ein auff\u00e4lliges Aggregationsverhalten, d.h. man findet sie meist in ihren Verstecken in gro\u00dfen Gruppen. Schaben sind&hellip;&nbsp;Weiterlesen&hellip;","_links":{"self":[{"href":"https:\/\/arthroscience.de\/de\/wp-json\/wp\/v2\/pages\/210","targetHints":{"allow":["GET"]}}],"collection":[{"href":"https:\/\/arthroscience.de\/de\/wp-json\/wp\/v2\/pages"}],"about":[{"href":"https:\/\/arthroscience.de\/de\/wp-json\/wp\/v2\/types\/page"}],"author":[{"embeddable":true,"href":"https:\/\/arthroscience.de\/de\/wp-json\/wp\/v2\/users\/2"}],"replies":[{"embeddable":true,"href":"https:\/\/arthroscience.de\/de\/wp-json\/wp\/v2\/comments?post=210"}],"version-history":[{"count":56,"href":"https:\/\/arthroscience.de\/de\/wp-json\/wp\/v2\/pages\/210\/revisions"}],"predecessor-version":[{"id":1068,"href":"https:\/\/arthroscience.de\/de\/wp-json\/wp\/v2\/pages\/210\/revisions\/1068"}],"up":[{"embeddable":true,"href":"https:\/\/arthroscience.de\/de\/wp-json\/wp\/v2\/pages\/108"}],"wp:attachment":[{"href":"https:\/\/arthroscience.de\/de\/wp-json\/wp\/v2\/media?parent=210"}],"curies":[{"name":"wp","href":"https:\/\/api.w.org\/{rel}","templated":true}]}}