{"id":161,"date":"2020-08-24T10:02:48","date_gmt":"2020-08-24T10:02:48","guid":{"rendered":"http:\/\/arthroscience.de\/?page_id=161"},"modified":"2021-11-16T16:17:24","modified_gmt":"2021-11-16T16:17:24","slug":"arthroscience-2","status":"publish","type":"page","link":"https:\/\/arthroscience.de\/de\/","title":{"rendered":"ArthroScience"},"content":{"rendered":"\n<div style=\"height:60px\" aria-hidden=\"true\" class=\"wp-block-spacer\"><\/div>\n\n\n\n<div class=\"wp-block-image ticss-0739ed4c animated zoomIn delay-100ms\"><figure class=\"aligncenter size-full is-resized\"><img loading=\"lazy\" decoding=\"async\" src=\"https:\/\/arthroscience.de\/wp-content\/uploads\/2020\/08\/arthrosience-logo.png\" alt=\"\" class=\"wp-image-99\" width=\"369\" height=\"365\" srcset=\"https:\/\/arthroscience.de\/wp-content\/uploads\/2020\/08\/arthrosience-logo.png 1354w, https:\/\/arthroscience.de\/wp-content\/uploads\/2020\/08\/arthrosience-logo-300x296.png 300w, https:\/\/arthroscience.de\/wp-content\/uploads\/2020\/08\/arthrosience-logo-1024x1011.png 1024w, https:\/\/arthroscience.de\/wp-content\/uploads\/2020\/08\/arthrosience-logo-768x758.png 768w\" sizes=\"auto, (max-width: 369px) 100vw, 369px\" \/><\/figure><\/div>\n\n\n\n<div style=\"height:44px\" aria-hidden=\"true\" class=\"wp-block-spacer\"><\/div>\n\n\n\n<h4 class=\"wp-block-heading\"><meta charset=\"utf-8\">Die Experten f\u00fcr die Pr\u00fcfung von Bioziden und biozidfreien Produkten zur Bek\u00e4mpfung von Arthropoden. <\/h4>\n\n\n\n<p>Wir unterst\u00fctzen Sie von der Produktentwicklung bis zur Marktzulassung. Produktpr\u00fcfungen im Labor und Feld werden nach internationalen Richtlinien durchgef\u00fchrt oder ein jeweils passendes Testsystem speziell f\u00fcr Sie entwickelt. Die f\u00fcr die Pr\u00fcfungen relevanten Arthropoden z\u00fcchten wir in unserem Labor unter standardisierten Bedingungen oder beziehen sie von zuverl\u00e4ssigen Partnerunternehmen. <\/p>\n\n\n\n<p><br>Unsere blutsaugenden Arthropoden werden nicht am Wirbeltierwirt gef\u00fcttert, sondern mit einer speziellen <em>in-vitro<\/em> F\u00fctterungsmethode. Insbesondere unsere <em>in-vitro <\/em>Kleiderlauszucht ist bisher einzigartig.<\/p>\n\n\n\n<div style=\"height:100px\" aria-hidden=\"true\" class=\"wp-block-spacer\"><\/div>\n","protected":false},"excerpt":{"rendered":"<p>Die Experten f\u00fcr die Pr\u00fcfung von Bioziden und biozidfreien Produkten zur Bek\u00e4mpfung von Arthropoden. Wir unterst\u00fctzen Sie von der Produktentwicklung bis zur Marktzulassung. Produktpr\u00fcfungen im Labor und Feld werden nach internationalen Richtlinien durchgef\u00fchrt oder ein jeweils passendes Testsystem speziell f\u00fcr Sie entwickelt. Die f\u00fcr die Pr\u00fcfungen relevanten Arthropoden z\u00fcchten wir in unserem Labor unter standardisierten&hellip;&nbsp;<a href=\"https:\/\/arthroscience.de\/de\/\" rel=\"bookmark\">Weiterlesen &raquo;<span class=\"screen-reader-text\">ArthroScience<\/span><\/a><\/p>\n","protected":false},"author":2,"featured_media":0,"parent":0,"menu_order":0,"comment_status":"closed","ping_status":"closed","template":"","meta":{"_uag_custom_page_level_css":"","neve_meta_sidebar":"full-width","neve_meta_container":"contained","neve_meta_enable_content_width":"","neve_meta_content_width":0,"neve_meta_title_alignment":"","neve_meta_author_avatar":"","neve_post_elements_order":"","neve_meta_disable_header":"","neve_meta_disable_footer":"","neve_meta_disable_title":"on","_themeisle_gutenberg_block_has_review":false,"footnotes":""},"class_list":["post-161","page","type-page","status-publish","hentry"],"yoast_head":"<!-- This site is optimized with the Yoast SEO plugin v27.4 - https:\/\/yoast.com\/product\/yoast-seo-wordpress\/ -->\n<title>ArthroScience - Labor spezialisiert auf die Bek\u00e4mpfung von Arthropoden<\/title>\n<meta name=\"description\" content=\"Labor f\u00fcr die Pr\u00fcfung von Bioziden und biozidfreien Produkten zur Bek\u00e4mpfung von Arthropoden, von der Produktentwicklung bis zur Zulassung.\" \/>\n<meta name=\"robots\" content=\"index, follow, max-snippet:-1, max-image-preview:large, max-video-preview:-1\" \/>\n<link rel=\"canonical\" href=\"https:\/\/arthroscience.de\/de\/\" \/>\n<meta property=\"og:locale\" content=\"de_DE\" \/>\n<meta property=\"og:type\" content=\"article\" \/>\n<meta property=\"og:title\" content=\"ArthroScience - Labor spezialisiert auf die Bek\u00e4mpfung von Arthropoden\" \/>\n<meta property=\"og:description\" content=\"Labor f\u00fcr die Pr\u00fcfung von Bioziden und biozidfreien Produkten zur Bek\u00e4mpfung von Arthropoden, von der Produktentwicklung bis zur Zulassung.\" \/>\n<meta property=\"og:url\" content=\"https:\/\/arthroscience.de\/de\/\" \/>\n<meta property=\"og:site_name\" content=\"ArthroScience\" \/>\n<meta property=\"article:modified_time\" content=\"2021-11-16T16:17:24+00:00\" \/>\n<meta property=\"og:image\" content=\"https:\/\/arthroscience.de\/wp-content\/uploads\/2020\/08\/arthrosience-logo.png\" \/>\n<meta name=\"twitter:card\" content=\"summary_large_image\" \/>\n<meta name=\"twitter:label1\" content=\"Gesch\u00e4tzte Lesezeit\" \/>\n\t<meta name=\"twitter:data1\" content=\"1\u00a0Minute\" \/>\n<script type=\"application\/ld+json\" class=\"yoast-schema-graph\">{\"@context\":\"https:\\\/\\\/schema.org\",\"@graph\":[{\"@type\":\"WebPage\",\"@id\":\"https:\\\/\\\/arthroscience.de\\\/\",\"url\":\"https:\\\/\\\/arthroscience.de\\\/\",\"name\":\"ArthroScience - Labor spezialisiert auf die Bek\u00e4mpfung von Arthropoden\",\"isPartOf\":{\"@id\":\"https:\\\/\\\/arthroscience.de\\\/#website\"},\"primaryImageOfPage\":{\"@id\":\"https:\\\/\\\/arthroscience.de\\\/#primaryimage\"},\"image\":{\"@id\":\"https:\\\/\\\/arthroscience.de\\\/#primaryimage\"},\"thumbnailUrl\":\"https:\\\/\\\/arthroscience.de\\\/wp-content\\\/uploads\\\/2020\\\/08\\\/arthrosience-logo.png\",\"datePublished\":\"2020-08-24T10:02:48+00:00\",\"dateModified\":\"2021-11-16T16:17:24+00:00\",\"description\":\"Labor f\u00fcr die Pr\u00fcfung von Bioziden und biozidfreien Produkten zur Bek\u00e4mpfung von Arthropoden, von der Produktentwicklung bis zur Zulassung.\",\"breadcrumb\":{\"@id\":\"https:\\\/\\\/arthroscience.de\\\/#breadcrumb\"},\"inLanguage\":\"de\",\"potentialAction\":[{\"@type\":\"ReadAction\",\"target\":[\"https:\\\/\\\/arthroscience.de\\\/\"]}]},{\"@type\":\"ImageObject\",\"inLanguage\":\"de\",\"@id\":\"https:\\\/\\\/arthroscience.de\\\/#primaryimage\",\"url\":\"https:\\\/\\\/arthroscience.de\\\/wp-content\\\/uploads\\\/2020\\\/08\\\/arthrosience-logo.png\",\"contentUrl\":\"https:\\\/\\\/arthroscience.de\\\/wp-content\\\/uploads\\\/2020\\\/08\\\/arthrosience-logo.png\"},{\"@type\":\"BreadcrumbList\",\"@id\":\"https:\\\/\\\/arthroscience.de\\\/#breadcrumb\",\"itemListElement\":[{\"@type\":\"ListItem\",\"position\":1,\"name\":\"Startseite\",\"item\":\"https:\\\/\\\/arthroscience.de\\\/\"},{\"@type\":\"ListItem\",\"position\":2,\"name\":\"ArthroScience\"}]},{\"@type\":\"WebSite\",\"@id\":\"https:\\\/\\\/arthroscience.de\\\/#website\",\"url\":\"https:\\\/\\\/arthroscience.de\\\/\",\"name\":\"ArthroScience\",\"description\":\"Biozidzulassung, Beratung, Forschung und Entwicklung\",\"publisher\":{\"@id\":\"https:\\\/\\\/arthroscience.de\\\/#organization\"},\"potentialAction\":[{\"@type\":\"SearchAction\",\"target\":{\"@type\":\"EntryPoint\",\"urlTemplate\":\"https:\\\/\\\/arthroscience.de\\\/?s={search_term_string}\"},\"query-input\":{\"@type\":\"PropertyValueSpecification\",\"valueRequired\":true,\"valueName\":\"search_term_string\"}}],\"inLanguage\":\"de\"},{\"@type\":\"Organization\",\"@id\":\"https:\\\/\\\/arthroscience.de\\\/#organization\",\"name\":\"Arthroscience\",\"alternateName\":\"DIE EXPERTEN F\u00dcR DIE PR\u00dcFUNG VON BIOZIDEN UND BIOZIDFREIEN PRODUKTEN ZUR BEK\u00c4MPFUNG VON ARTHROPODEN.\",\"url\":\"https:\\\/\\\/arthroscience.de\\\/\",\"logo\":{\"@type\":\"ImageObject\",\"inLanguage\":\"de\",\"@id\":\"https:\\\/\\\/arthroscience.de\\\/#\\\/schema\\\/logo\\\/image\\\/\",\"url\":\"https:\\\/\\\/arthroscience.de\\\/wp-content\\\/uploads\\\/2020\\\/08\\\/arthrosience-logo.png\",\"contentUrl\":\"https:\\\/\\\/arthroscience.de\\\/wp-content\\\/uploads\\\/2020\\\/08\\\/arthrosience-logo.png\",\"width\":1354,\"height\":1337,\"caption\":\"Arthroscience\"},\"image\":{\"@id\":\"https:\\\/\\\/arthroscience.de\\\/#\\\/schema\\\/logo\\\/image\\\/\"}}]}<\/script>\n<!-- \/ Yoast SEO plugin. -->","yoast_head_json":{"title":"ArthroScience - Labor spezialisiert auf die Bek\u00e4mpfung von Arthropoden","description":"Labor f\u00fcr die Pr\u00fcfung von Bioziden und biozidfreien Produkten zur Bek\u00e4mpfung von Arthropoden, von der Produktentwicklung bis zur Zulassung.","robots":{"index":"index","follow":"follow","max-snippet":"max-snippet:-1","max-image-preview":"max-image-preview:large","max-video-preview":"max-video-preview:-1"},"canonical":"https:\/\/arthroscience.de\/de\/","og_locale":"de_DE","og_type":"article","og_title":"ArthroScience - Labor spezialisiert auf die Bek\u00e4mpfung von Arthropoden","og_description":"Labor f\u00fcr die Pr\u00fcfung von Bioziden und biozidfreien Produkten zur Bek\u00e4mpfung von Arthropoden, von der Produktentwicklung bis zur Zulassung.","og_url":"https:\/\/arthroscience.de\/de\/","og_site_name":"ArthroScience","article_modified_time":"2021-11-16T16:17:24+00:00","og_image":[{"url":"https:\/\/arthroscience.de\/wp-content\/uploads\/2020\/08\/arthrosience-logo.png","type":"","width":"","height":""}],"twitter_card":"summary_large_image","twitter_misc":{"Gesch\u00e4tzte Lesezeit":"1\u00a0Minute"},"schema":{"@context":"https:\/\/schema.org","@graph":[{"@type":"WebPage","@id":"https:\/\/arthroscience.de\/","url":"https:\/\/arthroscience.de\/","name":"ArthroScience - Labor spezialisiert auf die Bek\u00e4mpfung von Arthropoden","isPartOf":{"@id":"https:\/\/arthroscience.de\/#website"},"primaryImageOfPage":{"@id":"https:\/\/arthroscience.de\/#primaryimage"},"image":{"@id":"https:\/\/arthroscience.de\/#primaryimage"},"thumbnailUrl":"https:\/\/arthroscience.de\/wp-content\/uploads\/2020\/08\/arthrosience-logo.png","datePublished":"2020-08-24T10:02:48+00:00","dateModified":"2021-11-16T16:17:24+00:00","description":"Labor f\u00fcr die Pr\u00fcfung von Bioziden und biozidfreien Produkten zur Bek\u00e4mpfung von Arthropoden, von der Produktentwicklung bis zur Zulassung.","breadcrumb":{"@id":"https:\/\/arthroscience.de\/#breadcrumb"},"inLanguage":"de","potentialAction":[{"@type":"ReadAction","target":["https:\/\/arthroscience.de\/"]}]},{"@type":"ImageObject","inLanguage":"de","@id":"https:\/\/arthroscience.de\/#primaryimage","url":"https:\/\/arthroscience.de\/wp-content\/uploads\/2020\/08\/arthrosience-logo.png","contentUrl":"https:\/\/arthroscience.de\/wp-content\/uploads\/2020\/08\/arthrosience-logo.png"},{"@type":"BreadcrumbList","@id":"https:\/\/arthroscience.de\/#breadcrumb","itemListElement":[{"@type":"ListItem","position":1,"name":"Startseite","item":"https:\/\/arthroscience.de\/"},{"@type":"ListItem","position":2,"name":"ArthroScience"}]},{"@type":"WebSite","@id":"https:\/\/arthroscience.de\/#website","url":"https:\/\/arthroscience.de\/","name":"ArthroScience","description":"Biozidzulassung, Beratung, Forschung und Entwicklung","publisher":{"@id":"https:\/\/arthroscience.de\/#organization"},"potentialAction":[{"@type":"SearchAction","target":{"@type":"EntryPoint","urlTemplate":"https:\/\/arthroscience.de\/?s={search_term_string}"},"query-input":{"@type":"PropertyValueSpecification","valueRequired":true,"valueName":"search_term_string"}}],"inLanguage":"de"},{"@type":"Organization","@id":"https:\/\/arthroscience.de\/#organization","name":"Arthroscience","alternateName":"DIE EXPERTEN F\u00dcR DIE PR\u00dcFUNG VON BIOZIDEN UND BIOZIDFREIEN PRODUKTEN ZUR BEK\u00c4MPFUNG VON ARTHROPODEN.","url":"https:\/\/arthroscience.de\/","logo":{"@type":"ImageObject","inLanguage":"de","@id":"https:\/\/arthroscience.de\/#\/schema\/logo\/image\/","url":"https:\/\/arthroscience.de\/wp-content\/uploads\/2020\/08\/arthrosience-logo.png","contentUrl":"https:\/\/arthroscience.de\/wp-content\/uploads\/2020\/08\/arthrosience-logo.png","width":1354,"height":1337,"caption":"Arthroscience"},"image":{"@id":"https:\/\/arthroscience.de\/#\/schema\/logo\/image\/"}}]}},"uagb_featured_image_src":{"full":false,"thumbnail":false,"medium":false,"medium_large":false,"large":false,"1536x1536":false,"2048x2048":false,"trp-custom-language-flag":false,"neve-blog":false},"uagb_author_info":{"display_name":"Anne Meseg","author_link":"https:\/\/arthroscience.de\/de\/author\/anne\/"},"uagb_comment_info":0,"uagb_excerpt":"Die Experten f\u00fcr die Pr\u00fcfung von Bioziden und biozidfreien Produkten zur Bek\u00e4mpfung von Arthropoden. Wir unterst\u00fctzen Sie von der Produktentwicklung bis zur Marktzulassung. Produktpr\u00fcfungen im Labor und Feld werden nach internationalen Richtlinien durchgef\u00fchrt oder ein jeweils passendes Testsystem speziell f\u00fcr Sie entwickelt. Die f\u00fcr die Pr\u00fcfungen relevanten Arthropoden z\u00fcchten wir in unserem Labor unter standardisierten&hellip;&nbsp;Weiterlesen&hellip;","_links":{"self":[{"href":"https:\/\/arthroscience.de\/de\/wp-json\/wp\/v2\/pages\/161","targetHints":{"allow":["GET"]}}],"collection":[{"href":"https:\/\/arthroscience.de\/de\/wp-json\/wp\/v2\/pages"}],"about":[{"href":"https:\/\/arthroscience.de\/de\/wp-json\/wp\/v2\/types\/page"}],"author":[{"embeddable":true,"href":"https:\/\/arthroscience.de\/de\/wp-json\/wp\/v2\/users\/2"}],"replies":[{"embeddable":true,"href":"https:\/\/arthroscience.de\/de\/wp-json\/wp\/v2\/comments?post=161"}],"version-history":[{"count":53,"href":"https:\/\/arthroscience.de\/de\/wp-json\/wp\/v2\/pages\/161\/revisions"}],"predecessor-version":[{"id":960,"href":"https:\/\/arthroscience.de\/de\/wp-json\/wp\/v2\/pages\/161\/revisions\/960"}],"wp:attachment":[{"href":"https:\/\/arthroscience.de\/de\/wp-json\/wp\/v2\/media?parent=161"}],"curies":[{"name":"wp","href":"https:\/\/api.w.org\/{rel}","templated":true}]}}