{"id":108,"date":"2020-08-18T20:10:18","date_gmt":"2020-08-18T20:10:18","guid":{"rendered":"http:\/\/arthroscience.de\/?page_id=108"},"modified":"2021-11-27T16:43:18","modified_gmt":"2021-11-27T16:43:18","slug":"tierzuchten","status":"publish","type":"page","link":"https:\/\/arthroscience.de\/de\/tierzuchten\/","title":{"rendered":"Tierzuchten"},"content":{"rendered":"\n<div style=\"height:100px\" aria-hidden=\"true\" class=\"wp-block-spacer\"><\/div>\n\n\n\n<div class=\"wp-block-cover aligncenter has-background-dim-70 has-neve-link-hover-color-background-color has-background-dim has-custom-content-position is-position-bottom-center uag-hide-mob\" style=\"min-height:650px;aspect-ratio:unset;\"><img loading=\"lazy\" decoding=\"async\" width=\"1920\" height=\"1080\" class=\"wp-block-cover__image-background wp-image-813\" alt=\"\" src=\"http:\/\/arthroscience.de\/wp-content\/uploads\/2021\/11\/Tierzuchten.webp\" style=\"object-position:51% 22%\" data-object-fit=\"cover\" data-object-position=\"51% 22%\" srcset=\"https:\/\/arthroscience.de\/wp-content\/uploads\/2021\/11\/Tierzuchten.webp 1920w, https:\/\/arthroscience.de\/wp-content\/uploads\/2021\/11\/Tierzuchten-300x169.webp 300w, https:\/\/arthroscience.de\/wp-content\/uploads\/2021\/11\/Tierzuchten-1024x576.webp 1024w, https:\/\/arthroscience.de\/wp-content\/uploads\/2021\/11\/Tierzuchten-768x432.webp 768w, https:\/\/arthroscience.de\/wp-content\/uploads\/2021\/11\/Tierzuchten-1536x864.webp 1536w\" sizes=\"auto, (max-width: 1920px) 100vw, 1920px\" \/><div class=\"wp-block-cover__inner-container is-layout-flow wp-block-cover-is-layout-flow\">\n<h2 id=\"wp-block-themeisle-blocks-advanced-heading-d096bc98\" class=\"wp-block-themeisle-blocks-advanced-heading wp-block-themeisle-blocks-advanced-heading-d096bc98 ticss-8cab2d9d\"><meta charset=\"utf-8\"><strong>TIERZUCHTEN<\/strong><\/h2>\n\n\n\n<div style=\"height:31px\" aria-hidden=\"true\" class=\"wp-block-spacer\"><\/div>\n<\/div><\/div>\n\n\n\n<div style=\"height:100px\" aria-hidden=\"true\" class=\"wp-block-spacer\"><\/div>\n\n\n\n<h2 class=\"wp-block-heading\">TIERZUCHTEN<\/h2>\n\n\n\n<p>Alle Pr\u00fcftiere z\u00fcchten wir in unserem Labor unter standardisierten Bedingungen. Dadurch haben die erhaltenen Ergebnisse aus Tests, die mit diesen Tieren durchgef\u00fchrt werden, eine h\u00f6here Reproduzierbarkeit als mit Tieren, die unter unterschiedlichen Bedingungen gez\u00fcchtet wurden oder im Feld gesammelt werden.<\/p>\n\n\n\n<p>Alle unsere Zuchten sind tierversuchsfrei, das hei\u00dft, es werden f\u00fcr die Zucht von Blutsaugern keine Wirbeltierwirte, sondern <em>in-vitro<\/em> F\u00fctterungsmethoden eingesetzt.<\/p>\n\n\n\n<p>Tierarten oder St\u00e4mme (z. B. bestimmte Resistenzen, F\u00fctterungsvarianten bei Blutsaugern), die wir in unserem Labor nicht z\u00fcchten, ordern wir bei zuverl\u00e4ssig arbeitenden Partnerunternehmen f\u00fcr Ihre Versuche. <\/p>\n\n\n\n<div style=\"height:100px\" aria-hidden=\"true\" class=\"wp-block-spacer\"><\/div>\n","protected":false},"excerpt":{"rendered":"<p>TIERZUCHTEN Alle Pr\u00fcftiere z\u00fcchten wir in unserem Labor unter standardisierten Bedingungen. Dadurch haben die erhaltenen Ergebnisse aus Tests, die mit diesen Tieren durchgef\u00fchrt werden, eine h\u00f6here Reproduzierbarkeit als mit Tieren, die unter unterschiedlichen Bedingungen gez\u00fcchtet wurden oder im Feld gesammelt werden. Alle unsere Zuchten sind tierversuchsfrei, das hei\u00dft, es werden f\u00fcr die Zucht von Blutsaugern&hellip;&nbsp;<a href=\"https:\/\/arthroscience.de\/de\/tierzuchten\/\" rel=\"bookmark\">Weiterlesen &raquo;<span class=\"screen-reader-text\">Tierzuchten<\/span><\/a><\/p>\n","protected":false},"author":2,"featured_media":0,"parent":0,"menu_order":0,"comment_status":"closed","ping_status":"closed","template":"","meta":{"_uag_custom_page_level_css":"","neve_meta_sidebar":"full-width","neve_meta_container":"contained","neve_meta_enable_content_width":"on","neve_meta_content_width":100,"neve_meta_title_alignment":"","neve_meta_author_avatar":"","neve_post_elements_order":"","neve_meta_disable_header":"","neve_meta_disable_footer":"","neve_meta_disable_title":"on","_themeisle_gutenberg_block_has_review":false,"footnotes":""},"class_list":["post-108","page","type-page","status-publish","hentry"],"yoast_head":"<!-- This site is optimized with the Yoast SEO plugin v27.4 - https:\/\/yoast.com\/product\/yoast-seo-wordpress\/ -->\n<title>Tierzuchten - ArthroScience<\/title>\n<meta name=\"robots\" content=\"index, follow, max-snippet:-1, max-image-preview:large, max-video-preview:-1\" \/>\n<link rel=\"canonical\" href=\"https:\/\/arthroscience.de\/de\/tierzuchten\/\" \/>\n<meta property=\"og:locale\" content=\"de_DE\" \/>\n<meta property=\"og:type\" content=\"article\" \/>\n<meta property=\"og:title\" content=\"Tierzuchten - ArthroScience\" \/>\n<meta property=\"og:description\" content=\"TIERZUCHTEN Alle Pr\u00fcftiere z\u00fcchten wir in unserem Labor unter standardisierten Bedingungen. Dadurch haben die erhaltenen Ergebnisse aus Tests, die mit diesen Tieren durchgef\u00fchrt werden, eine h\u00f6here Reproduzierbarkeit als mit Tieren, die unter unterschiedlichen Bedingungen gez\u00fcchtet wurden oder im Feld gesammelt werden. Alle unsere Zuchten sind tierversuchsfrei, das hei\u00dft, es werden f\u00fcr die Zucht von Blutsaugern&hellip;&nbsp;Weiterlesen &raquo;Tierzuchten\" \/>\n<meta property=\"og:url\" content=\"https:\/\/arthroscience.de\/de\/tierzuchten\/\" \/>\n<meta property=\"og:site_name\" content=\"ArthroScience\" \/>\n<meta property=\"article:modified_time\" content=\"2021-11-27T16:43:18+00:00\" \/>\n<meta property=\"og:image\" content=\"http:\/\/arthroscience.de\/wp-content\/uploads\/2021\/11\/Tierzuchten.webp\" \/>\n<meta name=\"twitter:card\" content=\"summary_large_image\" \/>\n<meta name=\"twitter:label1\" content=\"Gesch\u00e4tzte Lesezeit\" \/>\n\t<meta name=\"twitter:data1\" content=\"1\u00a0Minute\" \/>\n<script type=\"application\/ld+json\" class=\"yoast-schema-graph\">{\"@context\":\"https:\\\/\\\/schema.org\",\"@graph\":[{\"@type\":\"WebPage\",\"@id\":\"https:\\\/\\\/arthroscience.de\\\/tierzuchten\\\/\",\"url\":\"https:\\\/\\\/arthroscience.de\\\/tierzuchten\\\/\",\"name\":\"Tierzuchten - ArthroScience\",\"isPartOf\":{\"@id\":\"https:\\\/\\\/arthroscience.de\\\/#website\"},\"primaryImageOfPage\":{\"@id\":\"https:\\\/\\\/arthroscience.de\\\/tierzuchten\\\/#primaryimage\"},\"image\":{\"@id\":\"https:\\\/\\\/arthroscience.de\\\/tierzuchten\\\/#primaryimage\"},\"thumbnailUrl\":\"http:\\\/\\\/arthroscience.de\\\/wp-content\\\/uploads\\\/2021\\\/11\\\/Tierzuchten.webp\",\"datePublished\":\"2020-08-18T20:10:18+00:00\",\"dateModified\":\"2021-11-27T16:43:18+00:00\",\"breadcrumb\":{\"@id\":\"https:\\\/\\\/arthroscience.de\\\/tierzuchten\\\/#breadcrumb\"},\"inLanguage\":\"de\",\"potentialAction\":[{\"@type\":\"ReadAction\",\"target\":[\"https:\\\/\\\/arthroscience.de\\\/tierzuchten\\\/\"]}]},{\"@type\":\"ImageObject\",\"inLanguage\":\"de\",\"@id\":\"https:\\\/\\\/arthroscience.de\\\/tierzuchten\\\/#primaryimage\",\"url\":\"http:\\\/\\\/arthroscience.de\\\/wp-content\\\/uploads\\\/2021\\\/11\\\/Tierzuchten.webp\",\"contentUrl\":\"http:\\\/\\\/arthroscience.de\\\/wp-content\\\/uploads\\\/2021\\\/11\\\/Tierzuchten.webp\"},{\"@type\":\"BreadcrumbList\",\"@id\":\"https:\\\/\\\/arthroscience.de\\\/tierzuchten\\\/#breadcrumb\",\"itemListElement\":[{\"@type\":\"ListItem\",\"position\":1,\"name\":\"Startseite\",\"item\":\"https:\\\/\\\/arthroscience.de\\\/\"},{\"@type\":\"ListItem\",\"position\":2,\"name\":\"Tierzuchten\"}]},{\"@type\":\"WebSite\",\"@id\":\"https:\\\/\\\/arthroscience.de\\\/#website\",\"url\":\"https:\\\/\\\/arthroscience.de\\\/\",\"name\":\"ArthroScience\",\"description\":\"Biozidzulassung, Beratung, Forschung und Entwicklung\",\"publisher\":{\"@id\":\"https:\\\/\\\/arthroscience.de\\\/#organization\"},\"potentialAction\":[{\"@type\":\"SearchAction\",\"target\":{\"@type\":\"EntryPoint\",\"urlTemplate\":\"https:\\\/\\\/arthroscience.de\\\/?s={search_term_string}\"},\"query-input\":{\"@type\":\"PropertyValueSpecification\",\"valueRequired\":true,\"valueName\":\"search_term_string\"}}],\"inLanguage\":\"de\"},{\"@type\":\"Organization\",\"@id\":\"https:\\\/\\\/arthroscience.de\\\/#organization\",\"name\":\"Arthroscience\",\"alternateName\":\"DIE EXPERTEN F\u00dcR DIE PR\u00dcFUNG VON BIOZIDEN UND BIOZIDFREIEN PRODUKTEN ZUR BEK\u00c4MPFUNG VON ARTHROPODEN.\",\"url\":\"https:\\\/\\\/arthroscience.de\\\/\",\"logo\":{\"@type\":\"ImageObject\",\"inLanguage\":\"de\",\"@id\":\"https:\\\/\\\/arthroscience.de\\\/#\\\/schema\\\/logo\\\/image\\\/\",\"url\":\"https:\\\/\\\/arthroscience.de\\\/wp-content\\\/uploads\\\/2020\\\/08\\\/arthrosience-logo.png\",\"contentUrl\":\"https:\\\/\\\/arthroscience.de\\\/wp-content\\\/uploads\\\/2020\\\/08\\\/arthrosience-logo.png\",\"width\":1354,\"height\":1337,\"caption\":\"Arthroscience\"},\"image\":{\"@id\":\"https:\\\/\\\/arthroscience.de\\\/#\\\/schema\\\/logo\\\/image\\\/\"}}]}<\/script>\n<!-- \/ Yoast SEO plugin. -->","yoast_head_json":{"title":"Tierzuchten - ArthroScience","robots":{"index":"index","follow":"follow","max-snippet":"max-snippet:-1","max-image-preview":"max-image-preview:large","max-video-preview":"max-video-preview:-1"},"canonical":"https:\/\/arthroscience.de\/de\/tierzuchten\/","og_locale":"de_DE","og_type":"article","og_title":"Tierzuchten - ArthroScience","og_description":"TIERZUCHTEN Alle Pr\u00fcftiere z\u00fcchten wir in unserem Labor unter standardisierten Bedingungen. Dadurch haben die erhaltenen Ergebnisse aus Tests, die mit diesen Tieren durchgef\u00fchrt werden, eine h\u00f6here Reproduzierbarkeit als mit Tieren, die unter unterschiedlichen Bedingungen gez\u00fcchtet wurden oder im Feld gesammelt werden. Alle unsere Zuchten sind tierversuchsfrei, das hei\u00dft, es werden f\u00fcr die Zucht von Blutsaugern&hellip;&nbsp;Weiterlesen &raquo;Tierzuchten","og_url":"https:\/\/arthroscience.de\/de\/tierzuchten\/","og_site_name":"ArthroScience","article_modified_time":"2021-11-27T16:43:18+00:00","og_image":[{"url":"http:\/\/arthroscience.de\/wp-content\/uploads\/2021\/11\/Tierzuchten.webp","type":"","width":"","height":""}],"twitter_card":"summary_large_image","twitter_misc":{"Gesch\u00e4tzte Lesezeit":"1\u00a0Minute"},"schema":{"@context":"https:\/\/schema.org","@graph":[{"@type":"WebPage","@id":"https:\/\/arthroscience.de\/tierzuchten\/","url":"https:\/\/arthroscience.de\/tierzuchten\/","name":"Tierzuchten - ArthroScience","isPartOf":{"@id":"https:\/\/arthroscience.de\/#website"},"primaryImageOfPage":{"@id":"https:\/\/arthroscience.de\/tierzuchten\/#primaryimage"},"image":{"@id":"https:\/\/arthroscience.de\/tierzuchten\/#primaryimage"},"thumbnailUrl":"http:\/\/arthroscience.de\/wp-content\/uploads\/2021\/11\/Tierzuchten.webp","datePublished":"2020-08-18T20:10:18+00:00","dateModified":"2021-11-27T16:43:18+00:00","breadcrumb":{"@id":"https:\/\/arthroscience.de\/tierzuchten\/#breadcrumb"},"inLanguage":"de","potentialAction":[{"@type":"ReadAction","target":["https:\/\/arthroscience.de\/tierzuchten\/"]}]},{"@type":"ImageObject","inLanguage":"de","@id":"https:\/\/arthroscience.de\/tierzuchten\/#primaryimage","url":"http:\/\/arthroscience.de\/wp-content\/uploads\/2021\/11\/Tierzuchten.webp","contentUrl":"http:\/\/arthroscience.de\/wp-content\/uploads\/2021\/11\/Tierzuchten.webp"},{"@type":"BreadcrumbList","@id":"https:\/\/arthroscience.de\/tierzuchten\/#breadcrumb","itemListElement":[{"@type":"ListItem","position":1,"name":"Startseite","item":"https:\/\/arthroscience.de\/"},{"@type":"ListItem","position":2,"name":"Tierzuchten"}]},{"@type":"WebSite","@id":"https:\/\/arthroscience.de\/#website","url":"https:\/\/arthroscience.de\/","name":"ArthroScience","description":"Biozidzulassung, Beratung, Forschung und Entwicklung","publisher":{"@id":"https:\/\/arthroscience.de\/#organization"},"potentialAction":[{"@type":"SearchAction","target":{"@type":"EntryPoint","urlTemplate":"https:\/\/arthroscience.de\/?s={search_term_string}"},"query-input":{"@type":"PropertyValueSpecification","valueRequired":true,"valueName":"search_term_string"}}],"inLanguage":"de"},{"@type":"Organization","@id":"https:\/\/arthroscience.de\/#organization","name":"Arthroscience","alternateName":"DIE EXPERTEN F\u00dcR DIE PR\u00dcFUNG VON BIOZIDEN UND BIOZIDFREIEN PRODUKTEN ZUR BEK\u00c4MPFUNG VON ARTHROPODEN.","url":"https:\/\/arthroscience.de\/","logo":{"@type":"ImageObject","inLanguage":"de","@id":"https:\/\/arthroscience.de\/#\/schema\/logo\/image\/","url":"https:\/\/arthroscience.de\/wp-content\/uploads\/2020\/08\/arthrosience-logo.png","contentUrl":"https:\/\/arthroscience.de\/wp-content\/uploads\/2020\/08\/arthrosience-logo.png","width":1354,"height":1337,"caption":"Arthroscience"},"image":{"@id":"https:\/\/arthroscience.de\/#\/schema\/logo\/image\/"}}]}},"uagb_featured_image_src":{"full":false,"thumbnail":false,"medium":false,"medium_large":false,"large":false,"1536x1536":false,"2048x2048":false,"trp-custom-language-flag":false,"neve-blog":false},"uagb_author_info":{"display_name":"Anne Meseg","author_link":"https:\/\/arthroscience.de\/de\/author\/anne\/"},"uagb_comment_info":0,"uagb_excerpt":"TIERZUCHTEN Alle Pr\u00fcftiere z\u00fcchten wir in unserem Labor unter standardisierten Bedingungen. Dadurch haben die erhaltenen Ergebnisse aus Tests, die mit diesen Tieren durchgef\u00fchrt werden, eine h\u00f6here Reproduzierbarkeit als mit Tieren, die unter unterschiedlichen Bedingungen gez\u00fcchtet wurden oder im Feld gesammelt werden. Alle unsere Zuchten sind tierversuchsfrei, das hei\u00dft, es werden f\u00fcr die Zucht von Blutsaugern&hellip;&nbsp;Weiterlesen&hellip;","_links":{"self":[{"href":"https:\/\/arthroscience.de\/de\/wp-json\/wp\/v2\/pages\/108","targetHints":{"allow":["GET"]}}],"collection":[{"href":"https:\/\/arthroscience.de\/de\/wp-json\/wp\/v2\/pages"}],"about":[{"href":"https:\/\/arthroscience.de\/de\/wp-json\/wp\/v2\/types\/page"}],"author":[{"embeddable":true,"href":"https:\/\/arthroscience.de\/de\/wp-json\/wp\/v2\/users\/2"}],"replies":[{"embeddable":true,"href":"https:\/\/arthroscience.de\/de\/wp-json\/wp\/v2\/comments?post=108"}],"version-history":[{"count":21,"href":"https:\/\/arthroscience.de\/de\/wp-json\/wp\/v2\/pages\/108\/revisions"}],"predecessor-version":[{"id":995,"href":"https:\/\/arthroscience.de\/de\/wp-json\/wp\/v2\/pages\/108\/revisions\/995"}],"wp:attachment":[{"href":"https:\/\/arthroscience.de\/de\/wp-json\/wp\/v2\/media?parent=108"}],"curies":[{"name":"wp","href":"https:\/\/api.w.org\/{rel}","templated":true}]}}