{"id":1058,"date":"2022-12-07T19:48:31","date_gmt":"2022-12-07T19:48:31","guid":{"rendered":"https:\/\/arthroscience.de\/?page_id=1058"},"modified":"2022-12-10T14:17:29","modified_gmt":"2022-12-10T14:17:29","slug":"fischchen","status":"publish","type":"page","link":"https:\/\/arthroscience.de\/de\/tierzuchten\/fischchen\/","title":{"rendered":"Fischchen"},"content":{"rendered":"\n<div style=\"height:200px\" aria-hidden=\"true\" class=\"wp-block-spacer\"><\/div>\n\n\n\n<h2 class=\"has-nv-dark-bg-color has-text-color wp-block-heading\">fischchen<\/h2>\n\n\n\n<p class=\"has-neve-text-color-color has-text-color\">Fischchen geh\u00f6ren zu den nachtaktiven Insekten und kommen freilebend vor allem in den Tropen und Subtropen vor. Typisch bei allen Arten ist ihr langgestreckter, nach hinten schmaler werdender Hinterleib, sowie die drei langen Schwanzanh\u00e4nge und Antennen. Die Entwicklung verl\u00e4uft hemimetabol, wobei die Fischchen nach etwa acht H\u00e4utungen geschlechtsreif sind. Sie h\u00e4uten sich aber auch danach zum Wachstum noch weiter. Fischchen ern\u00e4hren sich von organischen Materialien und sind, anders als die Mehrzahl der Tiere, auch ohne Symbionten in der Lage Cellulose zu Zucker zu verdauen.<\/p>\n\n\n\n<div style=\"height:25px\" aria-hidden=\"true\" class=\"wp-block-spacer\"><\/div>\n\n\n\n<div class=\"wp-block-cover\" style=\"min-height:322px;aspect-ratio:unset;\"><span aria-hidden=\"true\" class=\"wp-block-cover__background has-neve-link-hover-color-background-color has-background-dim-40 has-background-dim\"><\/span><img loading=\"lazy\" decoding=\"async\" width=\"2560\" height=\"1707\" class=\"wp-block-cover__image-background wp-image-1060\" alt=\"\" src=\"https:\/\/arthroscience.de\/wp-content\/uploads\/2022\/12\/Papierfischchen_shutterstock_1654642021_NEU-scaled.jpg\" style=\"object-position:51% 50%\" data-object-fit=\"cover\" data-object-position=\"51% 50%\" srcset=\"https:\/\/arthroscience.de\/wp-content\/uploads\/2022\/12\/Papierfischchen_shutterstock_1654642021_NEU-scaled.jpg 2560w, https:\/\/arthroscience.de\/wp-content\/uploads\/2022\/12\/Papierfischchen_shutterstock_1654642021_NEU-300x200.jpg 300w, https:\/\/arthroscience.de\/wp-content\/uploads\/2022\/12\/Papierfischchen_shutterstock_1654642021_NEU-1024x683.jpg 1024w, https:\/\/arthroscience.de\/wp-content\/uploads\/2022\/12\/Papierfischchen_shutterstock_1654642021_NEU-768x512.jpg 768w, https:\/\/arthroscience.de\/wp-content\/uploads\/2022\/12\/Papierfischchen_shutterstock_1654642021_NEU-1536x1024.jpg 1536w, https:\/\/arthroscience.de\/wp-content\/uploads\/2022\/12\/Papierfischchen_shutterstock_1654642021_NEU-2048x1365.jpg 2048w, https:\/\/arthroscience.de\/wp-content\/uploads\/2022\/12\/Papierfischchen_shutterstock_1654642021_NEU-18x12.jpg 18w, https:\/\/arthroscience.de\/wp-content\/uploads\/2022\/12\/Papierfischchen_shutterstock_1654642021_NEU-930x620.jpg 930w\" sizes=\"auto, (max-width: 2560px) 100vw, 2560px\" \/><div class=\"wp-block-cover__inner-container is-layout-flow wp-block-cover-is-layout-flow\">\n<p class=\"has-text-align-center has-large-font-size\"><\/p>\n<\/div><\/div>\n\n\n\n<div style=\"height:50px\" aria-hidden=\"true\" class=\"wp-block-spacer\"><\/div>\n\n\n\n<p class=\"has-neve-text-color-color has-text-color\">Einige synanthrope, also an den Menschen angepasste Arten sind weltweit verbreitet und k\u00f6nnen in beheizten Behausungen das ganze Jahr \u00fcber auftreten. Unter diesen Arten gibt es keine Gesundheitssch\u00e4dlinge. Es gibt aber einige Arten, die als L\u00e4stlinge gelten. Manche Arten haben als Materialsch\u00e4dlinge eine \u00f6konomische und kulturelle Bedeutung, da sie in Archiven, Bibliotheken und Museen gro\u00dfen Schaden durch Papierfra\u00df anrichten k\u00f6nnen.<\/p>\n\n\n\n<div style=\"height:25px\" aria-hidden=\"true\" class=\"wp-block-spacer\"><\/div>\n\n\n\n<h4 class=\"has-text-align-left ticss-f749a6e8 has-nv-dark-bg-color has-text-color wp-block-heading\">In unserer Zucht halten wir sensible St\u00e4mme der als <br>Materialsch\u00e4dlinge und l\u00e4stlinge relevanten fischchenarten:<\/h4>\n\n\n\n<blockquote class=\"wp-block-quote is-layout-flow wp-block-quote-is-layout-flow\">\n<p><mark style=\"background-color:rgba(0, 0, 0, 0)\" class=\"has-inline-color has-neve-text-color-color\"><strong><em>Ctenolepisma longicaudata <\/em><\/strong>(Papierfischchen)<\/mark><\/p>\n\n\n\n<p><strong><em>Lepisma<\/em><\/strong> <b><i>saccharina<\/i><\/b> (Silberfischchen)<\/p>\n<\/blockquote>\n\n\n\n<div style=\"height:100px\" aria-hidden=\"true\" class=\"wp-block-spacer\"><\/div>\n","protected":false},"excerpt":{"rendered":"<p>fischchen Fischchen geh\u00f6ren zu den nachtaktiven Insekten und kommen freilebend vor allem in den Tropen und Subtropen vor. Typisch bei allen Arten ist ihr langgestreckter, nach hinten schmaler werdender Hinterleib, sowie die drei langen Schwanzanh\u00e4nge und Antennen. Die Entwicklung verl\u00e4uft hemimetabol, wobei die Fischchen nach etwa acht H\u00e4utungen geschlechtsreif sind. Sie h\u00e4uten sich aber auch&hellip;&nbsp;<a href=\"https:\/\/arthroscience.de\/de\/tierzuchten\/fischchen\/\" rel=\"bookmark\">Weiterlesen &raquo;<span class=\"screen-reader-text\">Fischchen<\/span><\/a><\/p>\n","protected":false},"author":2,"featured_media":0,"parent":108,"menu_order":0,"comment_status":"closed","ping_status":"closed","template":"","meta":{"_uag_custom_page_level_css":"","neve_meta_sidebar":"full-width","neve_meta_container":"contained","neve_meta_enable_content_width":"on","neve_meta_content_width":100,"neve_meta_title_alignment":"","neve_meta_author_avatar":"","neve_post_elements_order":"","neve_meta_disable_header":"","neve_meta_disable_footer":"","neve_meta_disable_title":"on","_themeisle_gutenberg_block_has_review":false,"footnotes":""},"class_list":["post-1058","page","type-page","status-publish","hentry"],"yoast_head":"<!-- This site is optimized with the Yoast SEO plugin v27.3 - https:\/\/yoast.com\/product\/yoast-seo-wordpress\/ -->\n<title>Fischchen - ArthroScience<\/title>\n<meta name=\"robots\" content=\"index, follow, max-snippet:-1, max-image-preview:large, max-video-preview:-1\" \/>\n<link rel=\"canonical\" href=\"https:\/\/arthroscience.de\/de\/tierzuchten\/fischchen\/\" \/>\n<meta property=\"og:locale\" content=\"de_DE\" \/>\n<meta property=\"og:type\" content=\"article\" \/>\n<meta property=\"og:title\" content=\"Fischchen - ArthroScience\" \/>\n<meta property=\"og:description\" content=\"fischchen Fischchen geh\u00f6ren zu den nachtaktiven Insekten und kommen freilebend vor allem in den Tropen und Subtropen vor. Typisch bei allen Arten ist ihr langgestreckter, nach hinten schmaler werdender Hinterleib, sowie die drei langen Schwanzanh\u00e4nge und Antennen. Die Entwicklung verl\u00e4uft hemimetabol, wobei die Fischchen nach etwa acht H\u00e4utungen geschlechtsreif sind. Sie h\u00e4uten sich aber auch&hellip;&nbsp;Weiterlesen &raquo;Fischchen\" \/>\n<meta property=\"og:url\" content=\"https:\/\/arthroscience.de\/de\/tierzuchten\/fischchen\/\" \/>\n<meta property=\"og:site_name\" content=\"ArthroScience\" \/>\n<meta property=\"article:modified_time\" content=\"2022-12-10T14:17:29+00:00\" \/>\n<meta property=\"og:image\" content=\"https:\/\/arthroscience.de\/wp-content\/uploads\/2022\/12\/Papierfischchen_shutterstock_1654642021_NEU-scaled.jpg\" \/>\n<meta name=\"twitter:card\" content=\"summary_large_image\" \/>\n<meta name=\"twitter:label1\" content=\"Gesch\u00e4tzte Lesezeit\" \/>\n\t<meta name=\"twitter:data1\" content=\"2\u00a0Minuten\" \/>\n<script type=\"application\/ld+json\" class=\"yoast-schema-graph\">{\"@context\":\"https:\\\/\\\/schema.org\",\"@graph\":[{\"@type\":\"WebPage\",\"@id\":\"https:\\\/\\\/arthroscience.de\\\/tierzuchten\\\/fischchen\\\/\",\"url\":\"https:\\\/\\\/arthroscience.de\\\/tierzuchten\\\/fischchen\\\/\",\"name\":\"Fischchen - ArthroScience\",\"isPartOf\":{\"@id\":\"https:\\\/\\\/arthroscience.de\\\/#website\"},\"primaryImageOfPage\":{\"@id\":\"https:\\\/\\\/arthroscience.de\\\/tierzuchten\\\/fischchen\\\/#primaryimage\"},\"image\":{\"@id\":\"https:\\\/\\\/arthroscience.de\\\/tierzuchten\\\/fischchen\\\/#primaryimage\"},\"thumbnailUrl\":\"https:\\\/\\\/arthroscience.de\\\/wp-content\\\/uploads\\\/2022\\\/12\\\/Papierfischchen_shutterstock_1654642021_NEU-scaled.jpg\",\"datePublished\":\"2022-12-07T19:48:31+00:00\",\"dateModified\":\"2022-12-10T14:17:29+00:00\",\"breadcrumb\":{\"@id\":\"https:\\\/\\\/arthroscience.de\\\/tierzuchten\\\/fischchen\\\/#breadcrumb\"},\"inLanguage\":\"de\",\"potentialAction\":[{\"@type\":\"ReadAction\",\"target\":[\"https:\\\/\\\/arthroscience.de\\\/tierzuchten\\\/fischchen\\\/\"]}]},{\"@type\":\"ImageObject\",\"inLanguage\":\"de\",\"@id\":\"https:\\\/\\\/arthroscience.de\\\/tierzuchten\\\/fischchen\\\/#primaryimage\",\"url\":\"https:\\\/\\\/arthroscience.de\\\/wp-content\\\/uploads\\\/2022\\\/12\\\/Papierfischchen_shutterstock_1654642021_NEU-scaled.jpg\",\"contentUrl\":\"https:\\\/\\\/arthroscience.de\\\/wp-content\\\/uploads\\\/2022\\\/12\\\/Papierfischchen_shutterstock_1654642021_NEU-scaled.jpg\"},{\"@type\":\"BreadcrumbList\",\"@id\":\"https:\\\/\\\/arthroscience.de\\\/tierzuchten\\\/fischchen\\\/#breadcrumb\",\"itemListElement\":[{\"@type\":\"ListItem\",\"position\":1,\"name\":\"Startseite\",\"item\":\"https:\\\/\\\/arthroscience.de\\\/\"},{\"@type\":\"ListItem\",\"position\":2,\"name\":\"Tierzuchten\",\"item\":\"https:\\\/\\\/arthroscience.de\\\/tierzuchten\\\/\"},{\"@type\":\"ListItem\",\"position\":3,\"name\":\"Fischchen\"}]},{\"@type\":\"WebSite\",\"@id\":\"https:\\\/\\\/arthroscience.de\\\/#website\",\"url\":\"https:\\\/\\\/arthroscience.de\\\/\",\"name\":\"ArthroScience\",\"description\":\"Biozidzulassung, Beratung, Forschung und Entwicklung\",\"publisher\":{\"@id\":\"https:\\\/\\\/arthroscience.de\\\/#organization\"},\"potentialAction\":[{\"@type\":\"SearchAction\",\"target\":{\"@type\":\"EntryPoint\",\"urlTemplate\":\"https:\\\/\\\/arthroscience.de\\\/?s={search_term_string}\"},\"query-input\":{\"@type\":\"PropertyValueSpecification\",\"valueRequired\":true,\"valueName\":\"search_term_string\"}}],\"inLanguage\":\"de\"},{\"@type\":\"Organization\",\"@id\":\"https:\\\/\\\/arthroscience.de\\\/#organization\",\"name\":\"Arthroscience\",\"alternateName\":\"DIE EXPERTEN F\u00dcR DIE PR\u00dcFUNG VON BIOZIDEN UND BIOZIDFREIEN PRODUKTEN ZUR BEK\u00c4MPFUNG VON ARTHROPODEN.\",\"url\":\"https:\\\/\\\/arthroscience.de\\\/\",\"logo\":{\"@type\":\"ImageObject\",\"inLanguage\":\"de\",\"@id\":\"https:\\\/\\\/arthroscience.de\\\/#\\\/schema\\\/logo\\\/image\\\/\",\"url\":\"https:\\\/\\\/arthroscience.de\\\/wp-content\\\/uploads\\\/2020\\\/08\\\/arthrosience-logo.png\",\"contentUrl\":\"https:\\\/\\\/arthroscience.de\\\/wp-content\\\/uploads\\\/2020\\\/08\\\/arthrosience-logo.png\",\"width\":1354,\"height\":1337,\"caption\":\"Arthroscience\"},\"image\":{\"@id\":\"https:\\\/\\\/arthroscience.de\\\/#\\\/schema\\\/logo\\\/image\\\/\"}}]}<\/script>\n<!-- \/ Yoast SEO plugin. -->","yoast_head_json":{"title":"Fischchen - ArthroScience","robots":{"index":"index","follow":"follow","max-snippet":"max-snippet:-1","max-image-preview":"max-image-preview:large","max-video-preview":"max-video-preview:-1"},"canonical":"https:\/\/arthroscience.de\/de\/tierzuchten\/fischchen\/","og_locale":"de_DE","og_type":"article","og_title":"Fischchen - ArthroScience","og_description":"fischchen Fischchen geh\u00f6ren zu den nachtaktiven Insekten und kommen freilebend vor allem in den Tropen und Subtropen vor. Typisch bei allen Arten ist ihr langgestreckter, nach hinten schmaler werdender Hinterleib, sowie die drei langen Schwanzanh\u00e4nge und Antennen. Die Entwicklung verl\u00e4uft hemimetabol, wobei die Fischchen nach etwa acht H\u00e4utungen geschlechtsreif sind. Sie h\u00e4uten sich aber auch&hellip;&nbsp;Weiterlesen &raquo;Fischchen","og_url":"https:\/\/arthroscience.de\/de\/tierzuchten\/fischchen\/","og_site_name":"ArthroScience","article_modified_time":"2022-12-10T14:17:29+00:00","og_image":[{"url":"https:\/\/arthroscience.de\/wp-content\/uploads\/2022\/12\/Papierfischchen_shutterstock_1654642021_NEU-scaled.jpg","type":"","width":"","height":""}],"twitter_card":"summary_large_image","twitter_misc":{"Gesch\u00e4tzte Lesezeit":"2\u00a0Minuten"},"schema":{"@context":"https:\/\/schema.org","@graph":[{"@type":"WebPage","@id":"https:\/\/arthroscience.de\/tierzuchten\/fischchen\/","url":"https:\/\/arthroscience.de\/tierzuchten\/fischchen\/","name":"Fischchen - ArthroScience","isPartOf":{"@id":"https:\/\/arthroscience.de\/#website"},"primaryImageOfPage":{"@id":"https:\/\/arthroscience.de\/tierzuchten\/fischchen\/#primaryimage"},"image":{"@id":"https:\/\/arthroscience.de\/tierzuchten\/fischchen\/#primaryimage"},"thumbnailUrl":"https:\/\/arthroscience.de\/wp-content\/uploads\/2022\/12\/Papierfischchen_shutterstock_1654642021_NEU-scaled.jpg","datePublished":"2022-12-07T19:48:31+00:00","dateModified":"2022-12-10T14:17:29+00:00","breadcrumb":{"@id":"https:\/\/arthroscience.de\/tierzuchten\/fischchen\/#breadcrumb"},"inLanguage":"de","potentialAction":[{"@type":"ReadAction","target":["https:\/\/arthroscience.de\/tierzuchten\/fischchen\/"]}]},{"@type":"ImageObject","inLanguage":"de","@id":"https:\/\/arthroscience.de\/tierzuchten\/fischchen\/#primaryimage","url":"https:\/\/arthroscience.de\/wp-content\/uploads\/2022\/12\/Papierfischchen_shutterstock_1654642021_NEU-scaled.jpg","contentUrl":"https:\/\/arthroscience.de\/wp-content\/uploads\/2022\/12\/Papierfischchen_shutterstock_1654642021_NEU-scaled.jpg"},{"@type":"BreadcrumbList","@id":"https:\/\/arthroscience.de\/tierzuchten\/fischchen\/#breadcrumb","itemListElement":[{"@type":"ListItem","position":1,"name":"Startseite","item":"https:\/\/arthroscience.de\/"},{"@type":"ListItem","position":2,"name":"Tierzuchten","item":"https:\/\/arthroscience.de\/tierzuchten\/"},{"@type":"ListItem","position":3,"name":"Fischchen"}]},{"@type":"WebSite","@id":"https:\/\/arthroscience.de\/#website","url":"https:\/\/arthroscience.de\/","name":"ArthroScience","description":"Biozidzulassung, Beratung, Forschung und Entwicklung","publisher":{"@id":"https:\/\/arthroscience.de\/#organization"},"potentialAction":[{"@type":"SearchAction","target":{"@type":"EntryPoint","urlTemplate":"https:\/\/arthroscience.de\/?s={search_term_string}"},"query-input":{"@type":"PropertyValueSpecification","valueRequired":true,"valueName":"search_term_string"}}],"inLanguage":"de"},{"@type":"Organization","@id":"https:\/\/arthroscience.de\/#organization","name":"Arthroscience","alternateName":"DIE EXPERTEN F\u00dcR DIE PR\u00dcFUNG VON BIOZIDEN UND BIOZIDFREIEN PRODUKTEN ZUR BEK\u00c4MPFUNG VON ARTHROPODEN.","url":"https:\/\/arthroscience.de\/","logo":{"@type":"ImageObject","inLanguage":"de","@id":"https:\/\/arthroscience.de\/#\/schema\/logo\/image\/","url":"https:\/\/arthroscience.de\/wp-content\/uploads\/2020\/08\/arthrosience-logo.png","contentUrl":"https:\/\/arthroscience.de\/wp-content\/uploads\/2020\/08\/arthrosience-logo.png","width":1354,"height":1337,"caption":"Arthroscience"},"image":{"@id":"https:\/\/arthroscience.de\/#\/schema\/logo\/image\/"}}]}},"uagb_featured_image_src":{"full":false,"thumbnail":false,"medium":false,"medium_large":false,"large":false,"1536x1536":false,"2048x2048":false,"trp-custom-language-flag":false,"neve-blog":false},"uagb_author_info":{"display_name":"Anne Meseg","author_link":"https:\/\/arthroscience.de\/de\/author\/anne\/"},"uagb_comment_info":0,"uagb_excerpt":"fischchen Fischchen geh\u00f6ren zu den nachtaktiven Insekten und kommen freilebend vor allem in den Tropen und Subtropen vor. Typisch bei allen Arten ist ihr langgestreckter, nach hinten schmaler werdender Hinterleib, sowie die drei langen Schwanzanh\u00e4nge und Antennen. Die Entwicklung verl\u00e4uft hemimetabol, wobei die Fischchen nach etwa acht H\u00e4utungen geschlechtsreif sind. Sie h\u00e4uten sich aber auch&hellip;&nbsp;Weiterlesen&hellip;","_links":{"self":[{"href":"https:\/\/arthroscience.de\/de\/wp-json\/wp\/v2\/pages\/1058","targetHints":{"allow":["GET"]}}],"collection":[{"href":"https:\/\/arthroscience.de\/de\/wp-json\/wp\/v2\/pages"}],"about":[{"href":"https:\/\/arthroscience.de\/de\/wp-json\/wp\/v2\/types\/page"}],"author":[{"embeddable":true,"href":"https:\/\/arthroscience.de\/de\/wp-json\/wp\/v2\/users\/2"}],"replies":[{"embeddable":true,"href":"https:\/\/arthroscience.de\/de\/wp-json\/wp\/v2\/comments?post=1058"}],"version-history":[{"count":3,"href":"https:\/\/arthroscience.de\/de\/wp-json\/wp\/v2\/pages\/1058\/revisions"}],"predecessor-version":[{"id":1063,"href":"https:\/\/arthroscience.de\/de\/wp-json\/wp\/v2\/pages\/1058\/revisions\/1063"}],"up":[{"embeddable":true,"href":"https:\/\/arthroscience.de\/de\/wp-json\/wp\/v2\/pages\/108"}],"wp:attachment":[{"href":"https:\/\/arthroscience.de\/de\/wp-json\/wp\/v2\/media?parent=1058"}],"curies":[{"name":"wp","href":"https:\/\/api.w.org\/{rel}","templated":true}]}}