{"id":105,"date":"2020-08-18T20:09:01","date_gmt":"2020-08-18T20:09:01","guid":{"rendered":"http:\/\/arthroscience.de\/?page_id=105"},"modified":"2022-12-06T20:41:56","modified_gmt":"2022-12-06T20:41:56","slug":"auftragsforschung","status":"publish","type":"page","link":"https:\/\/arthroscience.de\/de\/auftragsforschung\/","title":{"rendered":"Auftragsforschung"},"content":{"rendered":"\n<div style=\"height:100px\" aria-hidden=\"true\" class=\"wp-block-spacer\"><\/div>\n\n\n\n<div class=\"wp-block-cover aligncenter is-light has-custom-content-position is-position-bottom-center uag-hide-mob uag-hide-mob\" style=\"min-height:650px;aspect-ratio:unset;\"><span aria-hidden=\"true\" class=\"wp-block-cover__background has-neve-link-hover-color-background-color has-background-dim-20 has-background-dim\"><\/span><img loading=\"lazy\" decoding=\"async\" width=\"1920\" height=\"1080\" class=\"wp-block-cover__image-background wp-image-807\" alt=\"\" src=\"http:\/\/arthroscience.de\/wp-content\/uploads\/2021\/11\/laborarbeit-haende.webp\" style=\"object-position:51% 22%\" data-object-fit=\"cover\" data-object-position=\"51% 22%\" srcset=\"https:\/\/arthroscience.de\/wp-content\/uploads\/2021\/11\/laborarbeit-haende.webp 1920w, https:\/\/arthroscience.de\/wp-content\/uploads\/2021\/11\/laborarbeit-haende-300x169.webp 300w, https:\/\/arthroscience.de\/wp-content\/uploads\/2021\/11\/laborarbeit-haende-1024x576.webp 1024w, https:\/\/arthroscience.de\/wp-content\/uploads\/2021\/11\/laborarbeit-haende-768x432.webp 768w, https:\/\/arthroscience.de\/wp-content\/uploads\/2021\/11\/laborarbeit-haende-1536x864.webp 1536w\" sizes=\"auto, (max-width: 1920px) 100vw, 1920px\" \/><div class=\"wp-block-cover__inner-container is-layout-flow wp-block-cover-is-layout-flow\">\n<h2 id=\"wp-block-themeisle-blocks-advanced-heading-d096bc98\" class=\"wp-block-themeisle-blocks-advanced-heading wp-block-themeisle-blocks-advanced-heading-d096bc98 black ticss-f64f5940\"><meta charset=\"utf-8\">Auftragsforschung<\/h2>\n\n\n\n<div style=\"height:31px\" aria-hidden=\"true\" class=\"wp-block-spacer\"><\/div>\n<\/div><\/div>\n\n\n\n<div style=\"height:100px\" aria-hidden=\"true\" class=\"wp-block-spacer\"><\/div>\n\n\n\n<h1 class=\"wp-block-heading\">Auftragsforschung<\/h1>\n\n\n\n<p>ArthroScience ist ein Auftragsforschungs-Unternehmen f\u00fcr Entwickler von innovativen Bioziden und biozidfreien Produkten zur Sch\u00e4dlingsbek\u00e4mpfung mit dem Fokus auf Arthropoden. Unser Schwerpunkt liegt auf der produktspezifischen Planung, Durchf\u00fchrung und Auswertung von individuellen und beh\u00f6rdlich anerkannten Studien zur Wirksamkeit von Bioziden als Erfolgsgrundlage f\u00fcr die geplante Marktzulassung.<\/p>\n\n\n\n<div style=\"height:100px\" aria-hidden=\"true\" class=\"wp-block-spacer\"><\/div>\n","protected":false},"excerpt":{"rendered":"<p>Auftragsforschung ArthroScience ist ein Auftragsforschungs-Unternehmen f\u00fcr Entwickler von innovativen Bioziden und biozidfreien Produkten zur Sch\u00e4dlingsbek\u00e4mpfung mit dem Fokus auf Arthropoden. Unser Schwerpunkt liegt auf der produktspezifischen Planung, Durchf\u00fchrung und Auswertung von individuellen und beh\u00f6rdlich anerkannten Studien zur Wirksamkeit von Bioziden als Erfolgsgrundlage f\u00fcr die geplante Marktzulassung.<\/p>\n","protected":false},"author":2,"featured_media":0,"parent":0,"menu_order":0,"comment_status":"closed","ping_status":"closed","template":"","meta":{"_uag_custom_page_level_css":"","neve_meta_sidebar":"full-width","neve_meta_container":"contained","neve_meta_enable_content_width":"on","neve_meta_content_width":100,"neve_meta_title_alignment":"","neve_meta_author_avatar":"","neve_post_elements_order":"","neve_meta_disable_header":"","neve_meta_disable_footer":"","neve_meta_disable_title":"on","_themeisle_gutenberg_block_has_review":false,"footnotes":""},"class_list":["post-105","page","type-page","status-publish","hentry"],"yoast_head":"<!-- This site is optimized with the Yoast SEO plugin v27.4 - https:\/\/yoast.com\/product\/yoast-seo-wordpress\/ -->\n<title>Auftragsforschung - ArthroScience<\/title>\n<meta name=\"robots\" content=\"index, follow, max-snippet:-1, max-image-preview:large, max-video-preview:-1\" \/>\n<link rel=\"canonical\" href=\"https:\/\/arthroscience.de\/de\/auftragsforschung\/\" \/>\n<meta property=\"og:locale\" content=\"de_DE\" \/>\n<meta property=\"og:type\" content=\"article\" \/>\n<meta property=\"og:title\" content=\"Auftragsforschung - ArthroScience\" \/>\n<meta property=\"og:description\" content=\"Auftragsforschung ArthroScience ist ein Auftragsforschungs-Unternehmen f\u00fcr Entwickler von innovativen Bioziden und biozidfreien Produkten zur Sch\u00e4dlingsbek\u00e4mpfung mit dem Fokus auf Arthropoden. Unser Schwerpunkt liegt auf der produktspezifischen Planung, Durchf\u00fchrung und Auswertung von individuellen und beh\u00f6rdlich anerkannten Studien zur Wirksamkeit von Bioziden als Erfolgsgrundlage f\u00fcr die geplante Marktzulassung.\" \/>\n<meta property=\"og:url\" content=\"https:\/\/arthroscience.de\/de\/auftragsforschung\/\" \/>\n<meta property=\"og:site_name\" content=\"ArthroScience\" \/>\n<meta property=\"article:modified_time\" content=\"2022-12-06T20:41:56+00:00\" \/>\n<meta property=\"og:image\" content=\"http:\/\/arthroscience.de\/wp-content\/uploads\/2021\/11\/laborarbeit-haende.webp\" \/>\n<meta name=\"twitter:card\" content=\"summary_large_image\" \/>\n<meta name=\"twitter:label1\" content=\"Gesch\u00e4tzte Lesezeit\" \/>\n\t<meta name=\"twitter:data1\" content=\"1\u00a0Minute\" \/>\n<script type=\"application\/ld+json\" class=\"yoast-schema-graph\">{\"@context\":\"https:\\\/\\\/schema.org\",\"@graph\":[{\"@type\":\"WebPage\",\"@id\":\"https:\\\/\\\/arthroscience.de\\\/auftragsforschung\\\/\",\"url\":\"https:\\\/\\\/arthroscience.de\\\/auftragsforschung\\\/\",\"name\":\"Auftragsforschung - ArthroScience\",\"isPartOf\":{\"@id\":\"https:\\\/\\\/arthroscience.de\\\/#website\"},\"primaryImageOfPage\":{\"@id\":\"https:\\\/\\\/arthroscience.de\\\/auftragsforschung\\\/#primaryimage\"},\"image\":{\"@id\":\"https:\\\/\\\/arthroscience.de\\\/auftragsforschung\\\/#primaryimage\"},\"thumbnailUrl\":\"http:\\\/\\\/arthroscience.de\\\/wp-content\\\/uploads\\\/2021\\\/11\\\/laborarbeit-haende.webp\",\"datePublished\":\"2020-08-18T20:09:01+00:00\",\"dateModified\":\"2022-12-06T20:41:56+00:00\",\"breadcrumb\":{\"@id\":\"https:\\\/\\\/arthroscience.de\\\/auftragsforschung\\\/#breadcrumb\"},\"inLanguage\":\"de\",\"potentialAction\":[{\"@type\":\"ReadAction\",\"target\":[\"https:\\\/\\\/arthroscience.de\\\/auftragsforschung\\\/\"]}]},{\"@type\":\"ImageObject\",\"inLanguage\":\"de\",\"@id\":\"https:\\\/\\\/arthroscience.de\\\/auftragsforschung\\\/#primaryimage\",\"url\":\"http:\\\/\\\/arthroscience.de\\\/wp-content\\\/uploads\\\/2021\\\/11\\\/laborarbeit-haende.webp\",\"contentUrl\":\"http:\\\/\\\/arthroscience.de\\\/wp-content\\\/uploads\\\/2021\\\/11\\\/laborarbeit-haende.webp\"},{\"@type\":\"BreadcrumbList\",\"@id\":\"https:\\\/\\\/arthroscience.de\\\/auftragsforschung\\\/#breadcrumb\",\"itemListElement\":[{\"@type\":\"ListItem\",\"position\":1,\"name\":\"Startseite\",\"item\":\"https:\\\/\\\/arthroscience.de\\\/\"},{\"@type\":\"ListItem\",\"position\":2,\"name\":\"Auftragsforschung\"}]},{\"@type\":\"WebSite\",\"@id\":\"https:\\\/\\\/arthroscience.de\\\/#website\",\"url\":\"https:\\\/\\\/arthroscience.de\\\/\",\"name\":\"ArthroScience\",\"description\":\"Biozidzulassung, Beratung, Forschung und Entwicklung\",\"publisher\":{\"@id\":\"https:\\\/\\\/arthroscience.de\\\/#organization\"},\"potentialAction\":[{\"@type\":\"SearchAction\",\"target\":{\"@type\":\"EntryPoint\",\"urlTemplate\":\"https:\\\/\\\/arthroscience.de\\\/?s={search_term_string}\"},\"query-input\":{\"@type\":\"PropertyValueSpecification\",\"valueRequired\":true,\"valueName\":\"search_term_string\"}}],\"inLanguage\":\"de\"},{\"@type\":\"Organization\",\"@id\":\"https:\\\/\\\/arthroscience.de\\\/#organization\",\"name\":\"Arthroscience\",\"alternateName\":\"DIE EXPERTEN F\u00dcR DIE PR\u00dcFUNG VON BIOZIDEN UND BIOZIDFREIEN PRODUKTEN ZUR BEK\u00c4MPFUNG VON ARTHROPODEN.\",\"url\":\"https:\\\/\\\/arthroscience.de\\\/\",\"logo\":{\"@type\":\"ImageObject\",\"inLanguage\":\"de\",\"@id\":\"https:\\\/\\\/arthroscience.de\\\/#\\\/schema\\\/logo\\\/image\\\/\",\"url\":\"https:\\\/\\\/arthroscience.de\\\/wp-content\\\/uploads\\\/2020\\\/08\\\/arthrosience-logo.png\",\"contentUrl\":\"https:\\\/\\\/arthroscience.de\\\/wp-content\\\/uploads\\\/2020\\\/08\\\/arthrosience-logo.png\",\"width\":1354,\"height\":1337,\"caption\":\"Arthroscience\"},\"image\":{\"@id\":\"https:\\\/\\\/arthroscience.de\\\/#\\\/schema\\\/logo\\\/image\\\/\"}}]}<\/script>\n<!-- \/ Yoast SEO plugin. -->","yoast_head_json":{"title":"Auftragsforschung - ArthroScience","robots":{"index":"index","follow":"follow","max-snippet":"max-snippet:-1","max-image-preview":"max-image-preview:large","max-video-preview":"max-video-preview:-1"},"canonical":"https:\/\/arthroscience.de\/de\/auftragsforschung\/","og_locale":"de_DE","og_type":"article","og_title":"Auftragsforschung - ArthroScience","og_description":"Auftragsforschung ArthroScience ist ein Auftragsforschungs-Unternehmen f\u00fcr Entwickler von innovativen Bioziden und biozidfreien Produkten zur Sch\u00e4dlingsbek\u00e4mpfung mit dem Fokus auf Arthropoden. Unser Schwerpunkt liegt auf der produktspezifischen Planung, Durchf\u00fchrung und Auswertung von individuellen und beh\u00f6rdlich anerkannten Studien zur Wirksamkeit von Bioziden als Erfolgsgrundlage f\u00fcr die geplante Marktzulassung.","og_url":"https:\/\/arthroscience.de\/de\/auftragsforschung\/","og_site_name":"ArthroScience","article_modified_time":"2022-12-06T20:41:56+00:00","og_image":[{"url":"http:\/\/arthroscience.de\/wp-content\/uploads\/2021\/11\/laborarbeit-haende.webp","type":"","width":"","height":""}],"twitter_card":"summary_large_image","twitter_misc":{"Gesch\u00e4tzte Lesezeit":"1\u00a0Minute"},"schema":{"@context":"https:\/\/schema.org","@graph":[{"@type":"WebPage","@id":"https:\/\/arthroscience.de\/auftragsforschung\/","url":"https:\/\/arthroscience.de\/auftragsforschung\/","name":"Auftragsforschung - ArthroScience","isPartOf":{"@id":"https:\/\/arthroscience.de\/#website"},"primaryImageOfPage":{"@id":"https:\/\/arthroscience.de\/auftragsforschung\/#primaryimage"},"image":{"@id":"https:\/\/arthroscience.de\/auftragsforschung\/#primaryimage"},"thumbnailUrl":"http:\/\/arthroscience.de\/wp-content\/uploads\/2021\/11\/laborarbeit-haende.webp","datePublished":"2020-08-18T20:09:01+00:00","dateModified":"2022-12-06T20:41:56+00:00","breadcrumb":{"@id":"https:\/\/arthroscience.de\/auftragsforschung\/#breadcrumb"},"inLanguage":"de","potentialAction":[{"@type":"ReadAction","target":["https:\/\/arthroscience.de\/auftragsforschung\/"]}]},{"@type":"ImageObject","inLanguage":"de","@id":"https:\/\/arthroscience.de\/auftragsforschung\/#primaryimage","url":"http:\/\/arthroscience.de\/wp-content\/uploads\/2021\/11\/laborarbeit-haende.webp","contentUrl":"http:\/\/arthroscience.de\/wp-content\/uploads\/2021\/11\/laborarbeit-haende.webp"},{"@type":"BreadcrumbList","@id":"https:\/\/arthroscience.de\/auftragsforschung\/#breadcrumb","itemListElement":[{"@type":"ListItem","position":1,"name":"Startseite","item":"https:\/\/arthroscience.de\/"},{"@type":"ListItem","position":2,"name":"Auftragsforschung"}]},{"@type":"WebSite","@id":"https:\/\/arthroscience.de\/#website","url":"https:\/\/arthroscience.de\/","name":"ArthroScience","description":"Biozidzulassung, Beratung, Forschung und Entwicklung","publisher":{"@id":"https:\/\/arthroscience.de\/#organization"},"potentialAction":[{"@type":"SearchAction","target":{"@type":"EntryPoint","urlTemplate":"https:\/\/arthroscience.de\/?s={search_term_string}"},"query-input":{"@type":"PropertyValueSpecification","valueRequired":true,"valueName":"search_term_string"}}],"inLanguage":"de"},{"@type":"Organization","@id":"https:\/\/arthroscience.de\/#organization","name":"Arthroscience","alternateName":"DIE EXPERTEN F\u00dcR DIE PR\u00dcFUNG VON BIOZIDEN UND BIOZIDFREIEN PRODUKTEN ZUR BEK\u00c4MPFUNG VON ARTHROPODEN.","url":"https:\/\/arthroscience.de\/","logo":{"@type":"ImageObject","inLanguage":"de","@id":"https:\/\/arthroscience.de\/#\/schema\/logo\/image\/","url":"https:\/\/arthroscience.de\/wp-content\/uploads\/2020\/08\/arthrosience-logo.png","contentUrl":"https:\/\/arthroscience.de\/wp-content\/uploads\/2020\/08\/arthrosience-logo.png","width":1354,"height":1337,"caption":"Arthroscience"},"image":{"@id":"https:\/\/arthroscience.de\/#\/schema\/logo\/image\/"}}]}},"uagb_featured_image_src":{"full":false,"thumbnail":false,"medium":false,"medium_large":false,"large":false,"1536x1536":false,"2048x2048":false,"trp-custom-language-flag":false,"neve-blog":false},"uagb_author_info":{"display_name":"Anne Meseg","author_link":"https:\/\/arthroscience.de\/de\/author\/anne\/"},"uagb_comment_info":0,"uagb_excerpt":"Auftragsforschung ArthroScience ist ein Auftragsforschungs-Unternehmen f\u00fcr Entwickler von innovativen Bioziden und biozidfreien Produkten zur Sch\u00e4dlingsbek\u00e4mpfung mit dem Fokus auf Arthropoden. Unser Schwerpunkt liegt auf der produktspezifischen Planung, Durchf\u00fchrung und Auswertung von individuellen und beh\u00f6rdlich anerkannten Studien zur Wirksamkeit von Bioziden als Erfolgsgrundlage f\u00fcr die geplante Marktzulassung.","_links":{"self":[{"href":"https:\/\/arthroscience.de\/de\/wp-json\/wp\/v2\/pages\/105","targetHints":{"allow":["GET"]}}],"collection":[{"href":"https:\/\/arthroscience.de\/de\/wp-json\/wp\/v2\/pages"}],"about":[{"href":"https:\/\/arthroscience.de\/de\/wp-json\/wp\/v2\/types\/page"}],"author":[{"embeddable":true,"href":"https:\/\/arthroscience.de\/de\/wp-json\/wp\/v2\/users\/2"}],"replies":[{"embeddable":true,"href":"https:\/\/arthroscience.de\/de\/wp-json\/wp\/v2\/comments?post=105"}],"version-history":[{"count":32,"href":"https:\/\/arthroscience.de\/de\/wp-json\/wp\/v2\/pages\/105\/revisions"}],"predecessor-version":[{"id":1056,"href":"https:\/\/arthroscience.de\/de\/wp-json\/wp\/v2\/pages\/105\/revisions\/1056"}],"wp:attachment":[{"href":"https:\/\/arthroscience.de\/de\/wp-json\/wp\/v2\/media?parent=105"}],"curies":[{"name":"wp","href":"https:\/\/api.w.org\/{rel}","templated":true}]}}